{"id":986,"date":"2014-05-30T11:41:49","date_gmt":"2014-05-30T10:42:29","guid":{"rendered":"http:\/\/www.test.queenscollege.es\/?page_id=986"},"modified":"2017-02-15T13:01:55","modified_gmt":"2017-02-15T12:01:55","slug":"university-placements","status":"publish","type":"page","link":"https:\/\/www.queenscollege.es\/en\/find-us\/academic-aspects\/university-placements\/","title":{"rendered":"University placements"},"content":{"rendered":"<p><div class=\"image-full-with-container\"><img src=\"https:\/\/www.queenscollege.es\/wp-content\/uploads\/2014\/03\/destinos.jpg\"><\/div> <div class=\"none\" style=\"margin-top:20px;\"><\/div> After GCE \u201cA\u201d levels, the majority of our Sixth Formers proceed to higher education mainly in Spain and the U.K., some of them at such prestigious universities as Cambridge, Oxford and the London School of Economics. Over the past five years destinations and courses have included: <br \/> <\/p><p>&nbsp;<\/p><div class=\"table-responsive\"><table class=\"table\"><thead><tr><th>University<\/th><th>Studies<\/th><\/tr><\/thead><tbody><tr><td>Bath Spa University<\/td><td>Ciencias Medioambientales<\/td><\/tr><tr><td>Cardiff Metropolitan University (UWIC)<\/td><td>Gesti\u00f3n de Empresas Internacionales<\/td><\/tr><tr><td>CEU San Pablo Universidad<\/td><td>Arquitectura<\/td><\/tr><tr><td>City University, London<\/td><td>Econom\u00eda Financiera \/ Gesti\u00f3n de Empresa<\/td><\/tr><tr><td>Durham University<\/td><td>Antropolog\u00eda \/ Ecom\u00f3micas<\/td><\/tr><tr><td>Edinburgh Napier University<\/td><td>Marketing y Empresariales \/ Gesti\u00f3n de Eventos y Festivales<\/td><\/tr><tr><td>ESADE, Barcelona<\/td><td>Derecho ADE \/ Administraci\u00f3n de Empresas ADE<\/td><\/tr><tr><td>European Business School, London<\/td><td>Negocios internacionales con Lenguas<\/td><\/tr><tr><td>Farnham College<\/td><td>Bellas Artes<\/td><\/tr><tr><td>Goldsmiths, University of London)<\/td><td>Sociolog\u00eda y ciencias pol\u00edticas<\/td><\/tr><tr><td>ICADE, Madrid<\/td><td>Derecho y Administraci\u00f3n de Empresas<\/td><\/tr><tr><td>IE Segovia<\/td><td>ADE y Psicologia \/ Empresariales \/ Administraci\u00f3n y Psicolog\u00eda<\/td><\/tr><tr><td>Imperial College London<\/td><td>F\u00edsica Te\u00f3rica \/ Ingenier\u00eda Mec\u00e1nica<\/td><\/tr><tr><td>IQS, Ram\u00f3n Llull, Barcelona<\/td><td>ADE (Empresa y Gesti\u00f3n)<\/td><\/tr><tr><td>King\u2019s College, University of London<\/td><td>Gesti\u00f3n de Empresa \/ Matem\u00e1ticas con Gesti\u00f3n y Finanzas \/ Ingenier\u00eda Mec\u00e1nica<\/td><\/tr><tr><td>Kingston University<\/td><td>Producci\u00f3n y Nueva Radiodifusi\u00f3n con Espa\u00f1ol \/ Criminolog\u00eda con Econ\u00f3micas<\/td><\/tr><tr><td>London School of Economics &amp; Political Science, University of London<\/td><td>Relaciones Internacionales e Historia<\/td><\/tr><tr><td>London South Bank University<\/td><td>Ingl\u00e9s con Escritura creativa<\/td><\/tr><tr><td>Newcastle University<\/td><td>Lengua Inglesa y Literatura<\/td><\/tr><tr><td>Nottingham Trent University<\/td><td>Empresariales<\/td><\/tr><tr><td>Oxford University<\/td><td>Qu\u00edmica<\/td><\/tr><tr><td>Oxford Brookes University<\/td><td>Biolog\u00eda Animal y Medio Ambiente \/ Bellas Artes \/ Gesti\u00f3n de Empresa<\/td><\/tr><tr><td>Middlesex University<\/td><td>Direcci\u00f3n Internacional de Empresas y Mandar\u00edn<\/td><\/tr><tr><td>Queen Mary, University of London<\/td><td>Ingl\u00e9s y Derecho Europeo<\/td><\/tr><tr><td>Ram\u00f3n Llull (Blanquerna)<\/td><td>Publicidad y Comunicaci\u00f3n Audiovisual<\/td><\/tr><tr><td>Royal Holloway, University of London<\/td><td>Finanzas y Empresariales<\/td><\/tr><tr><td>School of Oriental and African Studies, University of London<\/td><td>Chino y Econ\u00f3micas<\/td><\/tr><tr><td>The Glasgow School of Art<\/td><td>Dise\u00f1o de Interiores<\/td><\/tr><tr><td>The University of Huddersfield<\/td><td>Gesti\u00f3n de Transporte a\u00e9reo y log\u00edstica<\/td><\/tr><tr><td>The University of Kent<\/td><td>Econ\u00f3micas y Empresariales<\/td><\/tr><tr><td>The University of Manchester<\/td><td>Ingenier\u00eda Aeronautica \/ Bioqu\u00edmica<\/td><\/tr><tr><td>The University of Nottingham<\/td><td>Gesti\u00f3n de Empresas con Chino<\/td><\/tr><tr><td>The University of Salford<\/td><td>M\u00fasica Popular y Grabaci\u00f3n<\/td><\/tr><tr><td>The University of Sheffield<\/td><td>Medicina<\/td><\/tr><tr><td>Trinity University, Texas<\/td><td>Administraci\u00f3n de Empresas<\/td><\/tr><tr><td>University College London, University of London<\/td><td>Ecom\u00f3micas (Programa Internacional) \/ Ingenier\u00eda Qu\u00edmica \/ Ingenier\u00eda Civil \/ Geof\u00edsica<\/td><\/tr><tr><td>Universidad Antonio de Lebrija<\/td><td>European Business<\/td><\/tr><tr><td>Universidad de Barcelona<\/td><td>ADE (Empresa y Gesti\u00f3n) \/ Bellas Artes<\/td><\/tr><tr><td>Universidad Illes Baleares<\/td><td>Periodismo<\/td><\/tr><tr><td>Universidad Complutense de Madrid<\/td><td>Historia del Arte e Historia Biolog\u00eda<\/td><\/tr><tr><td>Universidad Polit\u00e9cnica, Valencia<\/td><td>Ingenier\u00eda<\/td><\/tr><tr><td>Universidad San Pablo Ceu<\/td><td>Administraci\u00f3n y Gesti\u00f3n de Empresas<\/td><\/tr><tr><td>Universidad San Pablo, Madrid<\/td><td>Derecho con Relaciones Internacionales \/ Administraci\u00f3n de Empresas y Turismo<\/td><\/tr><tr><td>Universitat Polit\u00e9cnica de Catalu\u00f1a<\/td><td>Arquitectura<\/td><\/tr><tr><td>University of Bath<\/td><td>Ciencias Pol\u00edticas y Relaciones Internacionales<\/td><\/tr><tr><td>University of Bedfordshire<\/td><td>Direcci\u00f3n de Deportes<\/td><\/tr><tr><td>University of Bolton<\/td><td>Psicolog\u00eda Forense y Criminolog\u00eda<\/td><\/tr><tr><td>University of Bristol<\/td><td>F\u00edsicas<\/td><\/tr><tr><td>University of Cambridge<\/td><td>Ingenier\u00eda \/ Ciencias Naturales<\/td><\/tr><tr><td>University of Chester<\/td><td>Comunicaci\u00f3n Audiovisual<\/td><\/tr><tr><td>University of Exeter<\/td><td>Ingenier\u00eda Civil<\/td><\/tr><tr><td>University of Glasgow<\/td><td>Derecho con Lengua Espa\u00f1ola<\/td><\/tr><tr><td>University of Leeds<\/td><td>Lengua Espa\u00f1ola y Portuguesa \/ Ecom\u00f3micas con Alem\u00e1n \/ Ciencias de la Comunicaci\u00f3n<\/td><\/tr><tr><td>University of Loughborough<\/td><td>Estudios Europeos<\/td><\/tr><tr><td>University of the West of Scotland<\/td><td>Tecnolog\u00eda de Negocio<\/td><\/tr><tr><td>University of Southampton<\/td><td>Ingenier\u00eda Naval \/ Ingenier\u00eda Mec\u00e1nica<\/td><\/tr><tr><td>University of Sussex<\/td><td>Arte Dram\u00e1tico y Lengua<\/td><\/tr><tr><td>University of Washington, Seattle<\/td><td>F\u00edsica<\/td><\/tr><tr><td>University of Westminster (London)<\/td><td>Arquitectura<\/td><\/tr><tr><td>University of York<\/td><td>Ciencias Pol\u00edticas<\/td><\/tr><\/tbody><\/table><\/div>","protected":false},"excerpt":{"rendered":"After GCE \u201cA\u201d levels, the majority of our Sixth Formers proceed to higher education mainly in Spain and the U.K., some of them at such prestigious universities as Cambridge, Oxford and the London School of Economics. Over the past five &hellip; <a href=\"https:\/\/www.queenscollege.es\/en\/find-us\/academic-aspects\/university-placements\/\">Continued<\/a>","protected":false},"author":10,"featured_media":584,"parent":700,"menu_order":9,"comment_status":"open","ping_status":"open","template":"","meta":[],"yoast_head":"<!-- This site is optimized with the Yoast SEO plugin v18.5.1 - https:\/\/yoast.com\/wordpress\/plugins\/seo\/ -->\n<title>University placements - Queen\u2019s College<\/title>\n<meta name=\"robots\" content=\"index, follow, max-snippet:-1, max-image-preview:large, max-video-preview:-1\" \/>\n<link rel=\"canonical\" href=\"https:\/\/www.queenscollege.es\/en\/find-us\/academic-aspects\/university-placements\/\" \/>\n<meta property=\"og:locale\" content=\"en_US\" \/>\n<meta property=\"og:type\" content=\"article\" \/>\n<meta property=\"og:title\" content=\"University placements - Queen\u2019s College\" \/>\n<meta property=\"og:description\" content=\"After GCE \u201cA\u201d levels, the majority of our Sixth Formers proceed to higher education mainly in Spain and the U.K., some of them at such prestigious universities as Cambridge, Oxford and the London School of Economics. Over the past five &hellip; Continued\" \/>\n<meta property=\"og:url\" content=\"https:\/\/www.queenscollege.es\/en\/find-us\/academic-aspects\/university-placements\/\" \/>\n<meta property=\"og:site_name\" content=\"Queen\u2019s College\" \/>\n<meta property=\"article:modified_time\" content=\"2017-02-15T12:01:55+00:00\" \/>\n<meta property=\"og:image\" content=\"https:\/\/www.queenscollege.es\/wp-content\/uploads\/2014\/03\/destinos.jpg\" \/>\n\t<meta property=\"og:image:width\" content=\"940\" \/>\n\t<meta property=\"og:image:height\" content=\"327\" \/>\n\t<meta property=\"og:image:type\" content=\"image\/jpeg\" \/>\n<meta name=\"twitter:label1\" content=\"Est. reading time\" \/>\n\t<meta name=\"twitter:data1\" content=\"2 minutes\" \/>\n<script type=\"application\/ld+json\" class=\"yoast-schema-graph\">{\"@context\":\"https:\/\/schema.org\",\"@graph\":[{\"@type\":\"WebSite\",\"@id\":\"https:\/\/www.queenscollege.es\/en\/#website\",\"url\":\"https:\/\/www.queenscollege.es\/en\/\",\"name\":\"Queen\u2019s College\",\"description\":\"Queen&#039;s College web\",\"potentialAction\":[{\"@type\":\"SearchAction\",\"target\":{\"@type\":\"EntryPoint\",\"urlTemplate\":\"https:\/\/www.queenscollege.es\/en\/?s={search_term_string}\"},\"query-input\":\"required name=search_term_string\"}],\"inLanguage\":\"en-US\"},{\"@type\":\"ImageObject\",\"@id\":\"https:\/\/www.queenscollege.es\/en\/find-us\/academic-aspects\/university-placements\/#primaryimage\",\"inLanguage\":\"en-US\",\"url\":\"https:\/\/www.queenscollege.es\/wp-content\/uploads\/2014\/03\/destinos.jpg\",\"contentUrl\":\"https:\/\/www.queenscollege.es\/wp-content\/uploads\/2014\/03\/destinos.jpg\",\"width\":940,\"height\":327},{\"@type\":\"WebPage\",\"@id\":\"https:\/\/www.queenscollege.es\/en\/find-us\/academic-aspects\/university-placements\/#webpage\",\"url\":\"https:\/\/www.queenscollege.es\/en\/find-us\/academic-aspects\/university-placements\/\",\"name\":\"University placements - Queen\u2019s College\",\"isPartOf\":{\"@id\":\"https:\/\/www.queenscollege.es\/en\/#website\"},\"primaryImageOfPage\":{\"@id\":\"https:\/\/www.queenscollege.es\/en\/find-us\/academic-aspects\/university-placements\/#primaryimage\"},\"datePublished\":\"2014-05-30T10:42:29+00:00\",\"dateModified\":\"2017-02-15T12:01:55+00:00\",\"breadcrumb\":{\"@id\":\"https:\/\/www.queenscollege.es\/en\/find-us\/academic-aspects\/university-placements\/#breadcrumb\"},\"inLanguage\":\"en-US\",\"potentialAction\":[{\"@type\":\"ReadAction\",\"target\":[\"https:\/\/www.queenscollege.es\/en\/find-us\/academic-aspects\/university-placements\/\"]}]},{\"@type\":\"BreadcrumbList\",\"@id\":\"https:\/\/www.queenscollege.es\/en\/find-us\/academic-aspects\/university-placements\/#breadcrumb\",\"itemListElement\":[{\"@type\":\"ListItem\",\"position\":1,\"name\":\"Portada\",\"item\":\"https:\/\/www.queenscollege.es\/\"},{\"@type\":\"ListItem\",\"position\":2,\"name\":\"Discover us\",\"item\":\"https:\/\/www.queenscollege.es\/en\/find-us\/\"},{\"@type\":\"ListItem\",\"position\":3,\"name\":\"Academic\",\"item\":\"https:\/\/www.queenscollege.es\/en\/find-us\/academic-aspects\/\"},{\"@type\":\"ListItem\",\"position\":4,\"name\":\"University placements\"}]}]}<\/script>\n<!-- \/ Yoast SEO plugin. -->","yoast_head_json":{"title":"University placements - Queen\u2019s College","robots":{"index":"index","follow":"follow","max-snippet":"max-snippet:-1","max-image-preview":"max-image-preview:large","max-video-preview":"max-video-preview:-1"},"canonical":"https:\/\/www.queenscollege.es\/en\/find-us\/academic-aspects\/university-placements\/","og_locale":"en_US","og_type":"article","og_title":"University placements - Queen\u2019s College","og_description":"After GCE \u201cA\u201d levels, the majority of our Sixth Formers proceed to higher education mainly in Spain and the U.K., some of them at such prestigious universities as Cambridge, Oxford and the London School of Economics. Over the past five &hellip; Continued","og_url":"https:\/\/www.queenscollege.es\/en\/find-us\/academic-aspects\/university-placements\/","og_site_name":"Queen\u2019s College","article_modified_time":"2017-02-15T12:01:55+00:00","og_image":[{"width":940,"height":327,"url":"https:\/\/www.queenscollege.es\/wp-content\/uploads\/2014\/03\/destinos.jpg","type":"image\/jpeg"}],"twitter_misc":{"Est. reading time":"2 minutes"},"schema":{"@context":"https:\/\/schema.org","@graph":[{"@type":"WebSite","@id":"https:\/\/www.queenscollege.es\/en\/#website","url":"https:\/\/www.queenscollege.es\/en\/","name":"Queen\u2019s College","description":"Queen&#039;s College web","potentialAction":[{"@type":"SearchAction","target":{"@type":"EntryPoint","urlTemplate":"https:\/\/www.queenscollege.es\/en\/?s={search_term_string}"},"query-input":"required name=search_term_string"}],"inLanguage":"en-US"},{"@type":"ImageObject","@id":"https:\/\/www.queenscollege.es\/en\/find-us\/academic-aspects\/university-placements\/#primaryimage","inLanguage":"en-US","url":"https:\/\/www.queenscollege.es\/wp-content\/uploads\/2014\/03\/destinos.jpg","contentUrl":"https:\/\/www.queenscollege.es\/wp-content\/uploads\/2014\/03\/destinos.jpg","width":940,"height":327},{"@type":"WebPage","@id":"https:\/\/www.queenscollege.es\/en\/find-us\/academic-aspects\/university-placements\/#webpage","url":"https:\/\/www.queenscollege.es\/en\/find-us\/academic-aspects\/university-placements\/","name":"University placements - Queen\u2019s College","isPartOf":{"@id":"https:\/\/www.queenscollege.es\/en\/#website"},"primaryImageOfPage":{"@id":"https:\/\/www.queenscollege.es\/en\/find-us\/academic-aspects\/university-placements\/#primaryimage"},"datePublished":"2014-05-30T10:42:29+00:00","dateModified":"2017-02-15T12:01:55+00:00","breadcrumb":{"@id":"https:\/\/www.queenscollege.es\/en\/find-us\/academic-aspects\/university-placements\/#breadcrumb"},"inLanguage":"en-US","potentialAction":[{"@type":"ReadAction","target":["https:\/\/www.queenscollege.es\/en\/find-us\/academic-aspects\/university-placements\/"]}]},{"@type":"BreadcrumbList","@id":"https:\/\/www.queenscollege.es\/en\/find-us\/academic-aspects\/university-placements\/#breadcrumb","itemListElement":[{"@type":"ListItem","position":1,"name":"Portada","item":"https:\/\/www.queenscollege.es\/"},{"@type":"ListItem","position":2,"name":"Discover us","item":"https:\/\/www.queenscollege.es\/en\/find-us\/"},{"@type":"ListItem","position":3,"name":"Academic","item":"https:\/\/www.queenscollege.es\/en\/find-us\/academic-aspects\/"},{"@type":"ListItem","position":4,"name":"University placements"}]}]}},"_links":{"self":[{"href":"https:\/\/www.queenscollege.es\/en\/wp-json\/wp\/v2\/pages\/986"}],"collection":[{"href":"https:\/\/www.queenscollege.es\/en\/wp-json\/wp\/v2\/pages"}],"about":[{"href":"https:\/\/www.queenscollege.es\/en\/wp-json\/wp\/v2\/types\/page"}],"author":[{"embeddable":true,"href":"https:\/\/www.queenscollege.es\/en\/wp-json\/wp\/v2\/users\/10"}],"replies":[{"embeddable":true,"href":"https:\/\/www.queenscollege.es\/en\/wp-json\/wp\/v2\/comments?post=986"}],"version-history":[{"count":4,"href":"https:\/\/www.queenscollege.es\/en\/wp-json\/wp\/v2\/pages\/986\/revisions"}],"predecessor-version":[{"id":1509,"href":"https:\/\/www.queenscollege.es\/en\/wp-json\/wp\/v2\/pages\/986\/revisions\/1509"}],"up":[{"embeddable":true,"href":"https:\/\/www.queenscollege.es\/en\/wp-json\/wp\/v2\/pages\/700"}],"wp:featuredmedia":[{"embeddable":true,"href":"https:\/\/www.queenscollege.es\/en\/wp-json\/wp\/v2\/media\/584"}],"wp:attachment":[{"href":"https:\/\/www.queenscollege.es\/en\/wp-json\/wp\/v2\/media?parent=986"}],"curies":[{"name":"wp","href":"https:\/\/api.w.org\/{rel}","templated":true}]}}