{"id":15827,"date":"2020-02-17T13:55:04","date_gmt":"2020-02-17T12:55:04","guid":{"rendered":"http:\/\/www.queenscollege.es\/?page_id=15827"},"modified":"2021-12-10T12:47:49","modified_gmt":"2021-12-10T11:47:49","slug":"new-queens-college-campus","status":"publish","type":"page","link":"https:\/\/www.queenscollege.es\/en\/new-queens-college-campus\/","title":{"rendered":"New Queen&#8217;s College Campus"},"content":{"rendered":"\t\t<div data-elementor-type=\"wp-page\" data-elementor-id=\"15827\" class=\"elementor elementor-15827\">\n\t\t\t\t\t\t<div class=\"elementor-inner\">\n\t\t\t\t<div class=\"elementor-section-wrap\">\n\t\t\t\t\t\t\t\t\t<section class=\"elementor-section elementor-top-section elementor-element elementor-element-37c41b09 elementor-section-boxed elementor-section-height-default elementor-section-height-default\" data-id=\"37c41b09\" data-element_type=\"section\">\n\t\t\t\t\t\t<div class=\"elementor-container elementor-column-gap-default\">\n\t\t\t\t\t\t\t<div class=\"elementor-row\">\n\t\t\t\t\t<div class=\"elementor-column elementor-col-100 elementor-top-column elementor-element elementor-element-6d5dd4e6\" data-id=\"6d5dd4e6\" data-element_type=\"column\">\n\t\t\t<div class=\"elementor-column-wrap elementor-element-populated\">\n\t\t\t\t\t\t\t<div class=\"elementor-widget-wrap\">\n\t\t\t\t\t\t<div class=\"elementor-element elementor-element-265d720e elementor-widget elementor-widget-text-editor\" data-id=\"265d720e\" data-element_type=\"widget\" data-widget_type=\"text-editor.default\">\n\t\t\t\t<div class=\"elementor-widget-container\">\n\t\t\t\t\t\t\t\t<div class=\"elementor-text-editor elementor-clearfix\">\n\t\t\t\t<h2 style=\"text-align: center;\">Un modelo singular, la educaci\u00f3n <br \/>\r\n m\u00e1s personalizada<\/h2>\r\n<div class=\"texto_izqda\">\r\n<h3>La solidez de la evoluci\u00f3n continua<\/h3>\r\n<p>Un nuevo centro para completar un modelo \u00fanico, <strong>respaldado por una consolidada trayectoria acad\u00e9mica<\/strong> y un enfoque abierto a un mundo cada vez m\u00e1s conectado. Un modelo que incorpora la evoluci\u00f3n continua como parte de su filosof\u00eda. Un progreso constante que se potenciar\u00e1 con los nuevos <strong>espacios disponibles no solo en el nuevo centro sino tambi\u00e9n en el actual.<\/strong><\/p>\r\n<p>Durante este a\u00f1o iremos desvelando las novedades.<\/p>\r\n<\/div>\r\n<div class=\"imagen_dcha\" style=\"background-image: url('http:\/\/www.queenscollege.es\/wp-content\/uploads\/2020\/02\/IMG_4991.jpg');\">\u00a0<\/div>\r\n<div class=\"texto_dcha\">\r\n<h3>Centrado en los alumnos<\/h3>\r\n<p class=\"p1\"><span class=\"s1\">Ahora podremos elevar nuestro proyecto a su m\u00e1xima expresi\u00f3n, que tiene como base <strong>una ratio excepcional de 16 alumnos por grupo<\/strong> y las metodolog\u00edas m\u00e1s actuales, y mantener adem\u00e1s el esp\u00edritu del centro: un entorno familiar, una atm\u00f3sfera c\u00e1lida y un contacto permanente con la naturaleza.<\/span><\/p>\r\n<p class=\"p1\"><span class=\"s1\">Todo esto y lo que espera por venir\u2026<\/span><\/p>\r\n<\/div>\r\n<div class=\"imagen_izqda\" style=\"background-image: url('http:\/\/www.queenscollege.es\/wp-content\/uploads\/2020\/02\/IMG_9696.jpg');\">\u00a0<\/div>\r\n<h2 class=\"p1\" style=\"text-align: center;\"><span class=\"s1\">La expansi\u00f3n del campus que viene<\/span><\/h2>\r\n<div class=\"texto_dcha\">\r\n<h3>Un nuevo campus de vanguardia<\/h3>\r\n<p class=\"p1\"><span class=\"s1\">Nuevo campus para Y10-Y13 (3\u00ba ESO a 2\u00ba Bachillerato), los cursos clave para preparar el acceso a la universidad.<\/span><\/p>\r\n<p class=\"p1\"><span class=\"s1\">Este campus integrar\u00e1 los nuevos espacios docentes con el reci\u00e9n estrenado centro deportivo.<\/span><\/p>\r\n<\/div>\r\n<div class=\"imagen_izqda\" style=\"background-image: url('http:\/\/www.queenscollege.es\/wp-content\/uploads\/2020\/02\/BARB_QUEEN_cenital.jpg');\">\u00a0<\/div>\r\n<div class=\"texto_izqda\">\r\n<h3>Un centro de conocimiento y aprendizaje<\/h3>\r\n<p class=\"p1\"><span class=\"s1\">Adem\u00e1s de las aulas, se crear\u00e1n nuevos espacios especializados: auditorio, sala de arte y exposiciones, laboratorios y salas de estudio individual y en grupo para los alumnos de bachiller.<\/span><\/p>\r\n<p class=\"p1\"><span class=\"s1\">Un centro de conocimiento integrado en su entorno.<\/span><\/p>\r\n<\/div>\r\n<div class=\"imagen_dcha\" style=\"background-image: url('http:\/\/www.queenscollege.es\/wp-content\/uploads\/2020\/02\/barb-queen-B-05.jpg');\">\u00a0<\/div>\r\n<div class=\"texto_dcha\">\r\n<h3>Nuevo centro, mismo esp\u00edritu<\/h3>\r\n<p class=\"p1\"><span class=\"s1\">El nuevo centro mantendr\u00e1 la esencia Queen&#8217;s: aulas flexibles en contacto con la naturaleza para todas las asignaturas y m\u00faltiples \u00e1reas exteriores para trabajar en equipo, estudiar y relajarse.<\/span><\/p>\r\n<p class=\"p1\"><span class=\"s1\">La creaci\u00f3n de este nuevo espacio permitir\u00e1 transformar adem\u00e1s las instalaciones, los usos y aprovechamiento del Queen&#8217;s College actual.<\/span><\/p>\r\n<\/div>\r\n<div class=\"imagen_izqda\" style=\"background-image: url('http:\/\/www.queenscollege.es\/wp-content\/uploads\/2020\/02\/barb-queen-B-03.jpg');\">\u00a0<\/div>\r\n<h2 style=\"text-align: center;\">Un\u00a0centro deportivo reci\u00e9n estrenado<\/h2>\r\n<div class=\"texto_izqda\">\r\n<h3>Para todos<\/h3>\r\n<p class=\"p1\"><span class=\"s1\"><strong>Todos los estudiantes<\/strong> ya pueden disfrutar de un centro deportivo integrado en la naturaleza.<br \/>\r\n <\/span><\/p>\r\n<ul>\r\n\t<li><span class=\"s1\">Campo de f\u00fatbol 7 de c\u00e9sped artificial<\/span><\/li>\r\n\t<li><span class=\"s1\">Piscina climatizada<\/span><\/li>\r\n\t<li><span class=\"s1\">Sala multifuncional para deporte indoor y actividades fitness<\/span><\/li>\r\n\t<li><span class=\"s1\">Porche cubierto para actividades deportivas, as\u00ed como un circuito de carrera de 240 m.<\/span><\/li>\r\n\t<li><span class=\"s1\">Pista exterior<\/span><\/li>\r\n\t<li><span class=\"s1\">Sala para artes marciales o actividades de gimnasia ligera<\/span><\/li>\r\n<\/ul>\r\n<p class=\"p1\"><span class=\"s1\">\u00a0<\/span><\/p>\r\n<\/div>\r\n<div class=\"imagen_dcha\" style=\"background-image: url('http:\/\/www.queenscollege.es\/wp-content\/uploads\/2020\/02\/PISCINA-QUEENS-15.jpg');\">\u00a0<\/div>\r\n<div class=\"texto_dcha\">\r\n<h3>Una piscina \u00fanica<\/h3>\r\n<p><span class=\"s1\">La piscina climatizada es el elemento m\u00e1s singular del centro deportivo. Todo en ella est\u00e1 pensado para que los alumnos disfruten de la experiencia de nadar. Su agua es tan natural que se reutiliza para el riego de las plantas del complejo.<\/span><\/p>\r\n<p>Dispone de una zona espec\u00edfica de clases de nataci\u00f3n para los m\u00e1s peque\u00f1os. Tambi\u00e9n permite la pr\u00e1ctica de actividades acu\u00e1ticas dirigidas a alumnos m\u00e1s mayores, como salvamento o waterpolo.<\/p>\r\n<a class=\"enlace\" href=\"http:\/\/www.queenscentre.es\/\">Ver m\u00e1s<\/a><\/div>\r\n<div class=\"imagen_izqda\" style=\"background-image: url('http:\/\/www.queenscollege.es\/wp-content\/uploads\/2020\/02\/PISCINA-QUEENS-20.jpg');\">\u00a0<\/div>\r\n<div class=\"mas_info\" style=\"text-align: center;\">Para m\u00e1s informaci\u00f3n o concertar una visita<br><a href=\"\/contacto-2\">Contacta con nosotros<\/a><\/div>\t\t\t\t\t<\/div>\n\t\t\t\t\t\t<\/div>\n\t\t\t\t<\/div>\n\t\t\t\t\t\t<\/div>\n\t\t\t\t\t<\/div>\n\t\t<\/div>\n\t\t\t\t\t\t\t\t<\/div>\n\t\t\t\t\t<\/div>\n\t\t<\/section>\n\t\t\t\t\t\t\t\t\t<\/div>\n\t\t\t<\/div>\n\t\t\t\t\t<\/div>\n\t\t","protected":false},"excerpt":{"rendered":"A Unique Model and a Step Forward in Personalised Education The strength of constant evolution A new centre to complete a unique model, supported by a proven academic trajectory and an open approach to an increasingly connected world. This model &hellip; <a href=\"https:\/\/www.queenscollege.es\/en\/new-queens-college-campus\/\">Continued<\/a>","protected":false},"author":10,"featured_media":27378,"parent":0,"menu_order":1,"comment_status":"open","ping_status":"open","template":"","meta":[],"yoast_head":"<!-- This site is optimized with the Yoast SEO plugin v18.5.1 - https:\/\/yoast.com\/wordpress\/plugins\/seo\/ -->\n<title>New Queen&#039;s College Campus - Queen\u2019s College<\/title>\n<meta name=\"robots\" content=\"index, follow, max-snippet:-1, max-image-preview:large, max-video-preview:-1\" \/>\n<link rel=\"canonical\" href=\"https:\/\/www.queenscollege.es\/en\/new-queens-college-campus\/\" \/>\n<meta property=\"og:locale\" content=\"en_US\" \/>\n<meta property=\"og:type\" content=\"article\" \/>\n<meta property=\"og:title\" content=\"New Queen&#039;s College Campus - Queen\u2019s College\" \/>\n<meta property=\"og:description\" content=\"A Unique Model and a Step Forward in Personalised Education The strength of constant evolution A new centre to complete a unique model, supported by a proven academic trajectory and an open approach to an increasingly connected world. This model &hellip; Continued\" \/>\n<meta property=\"og:url\" content=\"https:\/\/www.queenscollege.es\/en\/new-queens-college-campus\/\" \/>\n<meta property=\"og:site_name\" content=\"Queen\u2019s College\" \/>\n<meta property=\"article:modified_time\" content=\"2021-12-10T11:47:49+00:00\" \/>\n<meta property=\"og:image\" content=\"https:\/\/www.queenscollege.es\/wp-content\/uploads\/2020\/02\/barb-queen-B-01.jpg\" \/>\n\t<meta property=\"og:image:width\" content=\"2100\" \/>\n\t<meta property=\"og:image:height\" content=\"1181\" \/>\n\t<meta property=\"og:image:type\" content=\"image\/jpeg\" \/>\n<meta name=\"twitter:label1\" content=\"Est. reading time\" \/>\n\t<meta name=\"twitter:data1\" content=\"2 minutes\" \/>\n<script type=\"application\/ld+json\" class=\"yoast-schema-graph\">{\"@context\":\"https:\/\/schema.org\",\"@graph\":[{\"@type\":\"WebSite\",\"@id\":\"https:\/\/www.queenscollege.es\/en\/#website\",\"url\":\"https:\/\/www.queenscollege.es\/en\/\",\"name\":\"Queen\u2019s College\",\"description\":\"Queen&#039;s College web\",\"potentialAction\":[{\"@type\":\"SearchAction\",\"target\":{\"@type\":\"EntryPoint\",\"urlTemplate\":\"https:\/\/www.queenscollege.es\/en\/?s={search_term_string}\"},\"query-input\":\"required name=search_term_string\"}],\"inLanguage\":\"en-US\"},{\"@type\":\"ImageObject\",\"@id\":\"https:\/\/www.queenscollege.es\/en\/new-queens-college-campus\/#primaryimage\",\"inLanguage\":\"en-US\",\"url\":\"https:\/\/www.queenscollege.es\/wp-content\/uploads\/2020\/02\/barb-queen-B-01.jpg\",\"contentUrl\":\"https:\/\/www.queenscollege.es\/wp-content\/uploads\/2020\/02\/barb-queen-B-01.jpg\",\"width\":2100,\"height\":1181},{\"@type\":\"WebPage\",\"@id\":\"https:\/\/www.queenscollege.es\/en\/new-queens-college-campus\/#webpage\",\"url\":\"https:\/\/www.queenscollege.es\/en\/new-queens-college-campus\/\",\"name\":\"New Queen's College Campus - Queen\u2019s College\",\"isPartOf\":{\"@id\":\"https:\/\/www.queenscollege.es\/en\/#website\"},\"primaryImageOfPage\":{\"@id\":\"https:\/\/www.queenscollege.es\/en\/new-queens-college-campus\/#primaryimage\"},\"datePublished\":\"2020-02-17T12:55:04+00:00\",\"dateModified\":\"2021-12-10T11:47:49+00:00\",\"breadcrumb\":{\"@id\":\"https:\/\/www.queenscollege.es\/en\/new-queens-college-campus\/#breadcrumb\"},\"inLanguage\":\"en-US\",\"potentialAction\":[{\"@type\":\"ReadAction\",\"target\":[\"https:\/\/www.queenscollege.es\/en\/new-queens-college-campus\/\"]}]},{\"@type\":\"BreadcrumbList\",\"@id\":\"https:\/\/www.queenscollege.es\/en\/new-queens-college-campus\/#breadcrumb\",\"itemListElement\":[{\"@type\":\"ListItem\",\"position\":1,\"name\":\"Portada\",\"item\":\"https:\/\/www.queenscollege.es\/\"},{\"@type\":\"ListItem\",\"position\":2,\"name\":\"New Queen&#8217;s College Campus\"}]}]}<\/script>\n<!-- \/ Yoast SEO plugin. -->","yoast_head_json":{"title":"New Queen's College Campus - Queen\u2019s College","robots":{"index":"index","follow":"follow","max-snippet":"max-snippet:-1","max-image-preview":"max-image-preview:large","max-video-preview":"max-video-preview:-1"},"canonical":"https:\/\/www.queenscollege.es\/en\/new-queens-college-campus\/","og_locale":"en_US","og_type":"article","og_title":"New Queen's College Campus - Queen\u2019s College","og_description":"A Unique Model and a Step Forward in Personalised Education The strength of constant evolution A new centre to complete a unique model, supported by a proven academic trajectory and an open approach to an increasingly connected world. This model &hellip; Continued","og_url":"https:\/\/www.queenscollege.es\/en\/new-queens-college-campus\/","og_site_name":"Queen\u2019s College","article_modified_time":"2021-12-10T11:47:49+00:00","og_image":[{"width":2100,"height":1181,"url":"https:\/\/www.queenscollege.es\/wp-content\/uploads\/2020\/02\/barb-queen-B-01.jpg","type":"image\/jpeg"}],"twitter_misc":{"Est. reading time":"2 minutes"},"schema":{"@context":"https:\/\/schema.org","@graph":[{"@type":"WebSite","@id":"https:\/\/www.queenscollege.es\/en\/#website","url":"https:\/\/www.queenscollege.es\/en\/","name":"Queen\u2019s College","description":"Queen&#039;s College web","potentialAction":[{"@type":"SearchAction","target":{"@type":"EntryPoint","urlTemplate":"https:\/\/www.queenscollege.es\/en\/?s={search_term_string}"},"query-input":"required name=search_term_string"}],"inLanguage":"en-US"},{"@type":"ImageObject","@id":"https:\/\/www.queenscollege.es\/en\/new-queens-college-campus\/#primaryimage","inLanguage":"en-US","url":"https:\/\/www.queenscollege.es\/wp-content\/uploads\/2020\/02\/barb-queen-B-01.jpg","contentUrl":"https:\/\/www.queenscollege.es\/wp-content\/uploads\/2020\/02\/barb-queen-B-01.jpg","width":2100,"height":1181},{"@type":"WebPage","@id":"https:\/\/www.queenscollege.es\/en\/new-queens-college-campus\/#webpage","url":"https:\/\/www.queenscollege.es\/en\/new-queens-college-campus\/","name":"New Queen's College Campus - Queen\u2019s College","isPartOf":{"@id":"https:\/\/www.queenscollege.es\/en\/#website"},"primaryImageOfPage":{"@id":"https:\/\/www.queenscollege.es\/en\/new-queens-college-campus\/#primaryimage"},"datePublished":"2020-02-17T12:55:04+00:00","dateModified":"2021-12-10T11:47:49+00:00","breadcrumb":{"@id":"https:\/\/www.queenscollege.es\/en\/new-queens-college-campus\/#breadcrumb"},"inLanguage":"en-US","potentialAction":[{"@type":"ReadAction","target":["https:\/\/www.queenscollege.es\/en\/new-queens-college-campus\/"]}]},{"@type":"BreadcrumbList","@id":"https:\/\/www.queenscollege.es\/en\/new-queens-college-campus\/#breadcrumb","itemListElement":[{"@type":"ListItem","position":1,"name":"Portada","item":"https:\/\/www.queenscollege.es\/"},{"@type":"ListItem","position":2,"name":"New Queen&#8217;s College Campus"}]}]}},"_links":{"self":[{"href":"https:\/\/www.queenscollege.es\/en\/wp-json\/wp\/v2\/pages\/15827"}],"collection":[{"href":"https:\/\/www.queenscollege.es\/en\/wp-json\/wp\/v2\/pages"}],"about":[{"href":"https:\/\/www.queenscollege.es\/en\/wp-json\/wp\/v2\/types\/page"}],"author":[{"embeddable":true,"href":"https:\/\/www.queenscollege.es\/en\/wp-json\/wp\/v2\/users\/10"}],"replies":[{"embeddable":true,"href":"https:\/\/www.queenscollege.es\/en\/wp-json\/wp\/v2\/comments?post=15827"}],"version-history":[{"count":13,"href":"https:\/\/www.queenscollege.es\/en\/wp-json\/wp\/v2\/pages\/15827\/revisions"}],"predecessor-version":[{"id":38249,"href":"https:\/\/www.queenscollege.es\/en\/wp-json\/wp\/v2\/pages\/15827\/revisions\/38249"}],"wp:featuredmedia":[{"embeddable":true,"href":"https:\/\/www.queenscollege.es\/en\/wp-json\/wp\/v2\/media\/27378"}],"wp:attachment":[{"href":"https:\/\/www.queenscollege.es\/en\/wp-json\/wp\/v2\/media?parent=15827"}],"curies":[{"name":"wp","href":"https:\/\/api.w.org\/{rel}","templated":true}]}}