{"id":988,"date":"2014-05-30T11:41:49","date_gmt":"2014-05-30T10:43:08","guid":{"rendered":"http:\/\/www.test.queenscollege.es\/?page_id=988"},"modified":"2016-10-27T10:56:44","modified_gmt":"2016-10-27T09:56:44","slug":"destinacions-universitaries","status":"publish","type":"page","link":"https:\/\/www.queenscollege.es\/ca\/descobreix-nos\/aspectes-academics\/destinacions-universitaries\/","title":{"rendered":"Destinacions universit\u00e0ries"},"content":{"rendered":"<p><div class=\"image-full-with-container\"><img src=\"https:\/\/www.queenscollege.es\/wp-content\/uploads\/2014\/03\/destinos.jpg\"><\/div> <div class=\"none\" style=\"margin-top:20px;\"><\/div> La majoria dels alumnes de Batxiller continuen la seva formaci\u00f3 a la universitat, principalment al Regne Unit i Espanya. Alguns d\u2019ells han aconseguit entrar en les universitats m\u00e9s prestigioses del m\u00f3n en la seva mat\u00e8ria com s\u00f3n Cambridge, Oxford o London School of Economics. En els darrers cinc anys les destinacions universit\u00e0ries i carreres triades inclouen: <br \/>\r\n\u00a0<\/p>\r\n<div class=\"table-responsive\">\r\n<table class=\"table\">\r\n<thead>\r\n<tr>\r\n<th>Universitat<\/th>\r\n<th>Estudis<\/th>\r\n<\/tr>\r\n<\/thead>\r\n<tbody>\r\n<tr>\r\n<td>Bath Spa University<\/td>\r\n<td>Ciencias Medioambientales<\/td>\r\n<\/tr>\r\n<tr>\r\n<td>Cardiff Metropolitan University (UWIC)<\/td>\r\n<td>Gesti\u00f3n de Empresas Internacionales<\/td>\r\n<\/tr>\r\n<tr>\r\n<td>CEU San Pablo Universidad<\/td>\r\n<td>Arquitectura<\/td>\r\n<\/tr>\r\n<tr>\r\n<td>City University, London<\/td>\r\n<td>Econom\u00eda Financiera \/ Gesti\u00f3n de Empresa<\/td>\r\n<\/tr>\r\n<tr>\r\n<td>Durham University<\/td>\r\n<td>Antropolog\u00eda \/ Ecom\u00f3micas<\/td>\r\n<\/tr>\r\n<tr>\r\n<td>Edinburgh Napier University<\/td>\r\n<td>Marketing y Empresariales \/ Gesti\u00f3n de Eventos y Festivales<\/td>\r\n<\/tr>\r\n<tr>\r\n<td>ESADE, Barcelona<\/td>\r\n<td>Derecho ADE \/ Administraci\u00f3n de Empresas ADE<\/td>\r\n<\/tr>\r\n<tr>\r\n<td>European Business School, London<\/td>\r\n<td>Negocios internacionales con Lenguas<\/td>\r\n<\/tr>\r\n<tr>\r\n<td>Farnham College<\/td>\r\n<td>Bellas Artes<\/td>\r\n<\/tr>\r\n<tr>\r\n<td>Goldsmiths, University of London)<\/td>\r\n<td>Sociolog\u00eda y ciencias pol\u00edticas<\/td>\r\n<\/tr>\r\n<tr>\r\n<td>ICADE, Madrid<\/td>\r\n<td>Derecho y Administraci\u00f3n de Empresas<\/td>\r\n<\/tr>\r\n<tr>\r\n<td>IE Segovia<\/td>\r\n<td>ADE y Psicologia \/ Empresariales \/ Administraci\u00f3n y Psicolog\u00eda<\/td>\r\n<\/tr>\r\n<tr>\r\n<td>Imperial College London<\/td>\r\n<td>F\u00edsica Te\u00f3rica \/ Ingenier\u00eda Mec\u00e1nica<\/td>\r\n<\/tr>\r\n<tr>\r\n<td>IQS, Ram\u00f3n Llull, Barcelona<\/td>\r\n<td>ADE (Empresa y Gesti\u00f3n)<\/td>\r\n<\/tr>\r\n<tr>\r\n<td>King\u2019s College, University of London<\/td>\r\n<td>Gesti\u00f3n de Empresa \/ Matem\u00e1ticas con Gesti\u00f3n y Finanzas \/ Ingenier\u00eda Mec\u00e1nica<\/td>\r\n<\/tr>\r\n<tr>\r\n<td>Kingston University<\/td>\r\n<td>Producci\u00f3n y Nueva Radiodifusi\u00f3n con Espa\u00f1ol \/ Criminolog\u00eda con Econ\u00f3micas<\/td>\r\n<\/tr>\r\n<tr>\r\n<td>London School of Economics &amp; Political Science, University of London<\/td>\r\n<td>Relaciones Internacionales e Historia<\/td>\r\n<\/tr>\r\n<tr>\r\n<td>London South Bank University<\/td>\r\n<td>Ingl\u00e9s con Escritura creativa<\/td>\r\n<\/tr>\r\n<tr>\r\n<td>Newcastle University<\/td>\r\n<td>Lengua Inglesa y Literatura<\/td>\r\n<\/tr>\r\n<tr>\r\n<td>Nottingham Trent University<\/td>\r\n<td>Empresariales<\/td>\r\n<\/tr>\r\n<tr>\r\n<td>Oxford University<\/td>\r\n<td>Qu\u00edmica<\/td>\r\n<\/tr>\r\n<tr>\r\n<td>Oxford Brookes University<\/td>\r\n<td>Biolog\u00eda Animal y Medio Ambiente \/ Bellas Artes \/ Gesti\u00f3n de Empresa<\/td>\r\n<\/tr>\r\n<tr>\r\n<td>Middlesex University<\/td>\r\n<td>Direcci\u00f3n Internacional de Empresas y Mandar\u00edn<\/td>\r\n<\/tr>\r\n<tr>\r\n<td>Queen Mary, University of London<\/td>\r\n<td>Ingl\u00e9s y Derecho Europeo<\/td>\r\n<\/tr>\r\n<tr>\r\n<td>Ram\u00f3n Llull (Blanquerna)<\/td>\r\n<td>Publicidad y Comunicaci\u00f3n Audiovisual<\/td>\r\n<\/tr>\r\n<tr>\r\n<td>Royal Holloway, University of London<\/td>\r\n<td>Finanzas y Empresariales<\/td>\r\n<\/tr>\r\n<tr>\r\n<td>School of Oriental and African Studies, University of London<\/td>\r\n<td>Chino y Econ\u00f3micas<\/td>\r\n<\/tr>\r\n<tr>\r\n<td>The Glasgow School of Art<\/td>\r\n<td>Dise\u00f1o de Interiores<\/td>\r\n<\/tr>\r\n<tr>\r\n<td>The University of Huddersfield<\/td>\r\n<td>Gesti\u00f3n de Transporte a\u00e9reo y log\u00edstica<\/td>\r\n<\/tr>\r\n<tr>\r\n<td>The University of Kent<\/td>\r\n<td>Econ\u00f3micas y Empresariales<\/td>\r\n<\/tr>\r\n<tr>\r\n<td>The University of Manchester<\/td>\r\n<td>Ingenier\u00eda Aeronautica \/ Bioqu\u00edmica<\/td>\r\n<\/tr>\r\n<tr>\r\n<td>The University of Nottingham<\/td>\r\n<td>Gesti\u00f3n de Empresas con Chino<\/td>\r\n<\/tr>\r\n<tr>\r\n<td>The University of Salford<\/td>\r\n<td>M\u00fasica Popular y Grabaci\u00f3n<\/td>\r\n<\/tr>\r\n<tr>\r\n<td>The University of Sheffield<\/td>\r\n<td>Medicina<\/td>\r\n<\/tr>\r\n<tr>\r\n<td>Trinity University, Texas<\/td>\r\n<td>Administraci\u00f3n de Empresas<\/td>\r\n<\/tr>\r\n<tr>\r\n<td>University College London, University of London<\/td>\r\n<td>Ecom\u00f3micas (Programa Internacional) \/ Ingenier\u00eda Qu\u00edmica \/ Ingenier\u00eda Civil \/ Geof\u00edsica<\/td>\r\n<\/tr>\r\n<tr>\r\n<td>Universidad Antonio de Lebrija<\/td>\r\n<td>European Business<\/td>\r\n<\/tr>\r\n<tr>\r\n<td>Universidad de Barcelona<\/td>\r\n<td>ADE (Empresa y Gesti\u00f3n) \/ Bellas Artes<\/td>\r\n<\/tr>\r\n<tr>\r\n<td>Universidad Illes Baleares<\/td>\r\n<td>Periodismo<\/td>\r\n<\/tr>\r\n<tr>\r\n<td>Universidad Complutense de Madrid<\/td>\r\n<td>Historia del Arte e Historia Biolog\u00eda<\/td>\r\n<\/tr>\r\n<tr>\r\n<td>Universidad Polit\u00e9cnica, Valencia<\/td>\r\n<td>Ingenier\u00eda<\/td>\r\n<\/tr>\r\n<tr>\r\n<td>Universidad San Pablo Ceu<\/td>\r\n<td>Administraci\u00f3n y Gesti\u00f3n de Empresas<\/td>\r\n<\/tr>\r\n<tr>\r\n<td>Universidad San Pablo, Madrid<\/td>\r\n<td>Derecho con Relaciones Internacionales \/ Administraci\u00f3n de Empresas y Turismo<\/td>\r\n<\/tr>\r\n<tr>\r\n<td>Universitat Polit\u00e9cnica de Catalu\u00f1a<\/td>\r\n<td>Arquitectura<\/td>\r\n<\/tr>\r\n<tr>\r\n<td>University of Bath<\/td>\r\n<td>Ciencias Pol\u00edticas y Relaciones Internacionales<\/td>\r\n<\/tr>\r\n<tr>\r\n<td>University of Bedfordshire<\/td>\r\n<td>Direcci\u00f3n de Deportes<\/td>\r\n<\/tr>\r\n<tr>\r\n<td>University of Bolton<\/td>\r\n<td>Psicolog\u00eda Forense y Criminolog\u00eda<\/td>\r\n<\/tr>\r\n<tr>\r\n<td>University of Bristol<\/td>\r\n<td>F\u00edsicas<\/td>\r\n<\/tr>\r\n<tr>\r\n<td>University of Cambridge<\/td>\r\n<td>Ingenier\u00eda \/ Ciencias Naturales<\/td>\r\n<\/tr>\r\n<tr>\r\n<td>University of Chester<\/td>\r\n<td>Comunicaci\u00f3n Audiovisual<\/td>\r\n<\/tr>\r\n<tr>\r\n<td>University of Exeter<\/td>\r\n<td>Ingenier\u00eda Civil<\/td>\r\n<\/tr>\r\n<tr>\r\n<td>University of Glasgow<\/td>\r\n<td>Derecho con Lengua Espa\u00f1ola<\/td>\r\n<\/tr>\r\n<tr>\r\n<td>University of Leeds<\/td>\r\n<td>Lengua Espa\u00f1ola y Portuguesa \/ Ecom\u00f3micas con Alem\u00e1n \/ Ciencias de la Comunicaci\u00f3n<\/td>\r\n<\/tr>\r\n<tr>\r\n<td>University of Loughborough<\/td>\r\n<td>Estudios Europeos<\/td>\r\n<\/tr>\r\n<tr>\r\n<td>University of the West of Scotland<\/td>\r\n<td>Tecnolog\u00eda de Negocio<\/td>\r\n<\/tr>\r\n<tr>\r\n<td>University of Southampton<\/td>\r\n<td>Ingenier\u00eda Naval \/ Ingenier\u00eda Mec\u00e1nica<\/td>\r\n<\/tr>\r\n<tr>\r\n<td>University of Sussex<\/td>\r\n<td>Arte Dram\u00e1tico y Lengua<\/td>\r\n<\/tr>\r\n<tr>\r\n<td>University of Washington, Seattle<\/td>\r\n<td>F\u00edsica<\/td>\r\n<\/tr>\r\n<tr>\r\n<td>University of Westminster (London)<\/td>\r\n<td>Arquitectura<\/td>\r\n<\/tr>\r\n<tr>\r\n<td>University of York<\/td>\r\n<td>Ciencias Pol\u00edticas<\/td>\r\n<\/tr>\r\n<\/tbody>\r\n<\/table>\r\n<\/div>","protected":false},"excerpt":{"rendered":"La majoria dels alumnes de Batxiller continuen la seva formaci\u00f3 a la universitat, principalment al Regne Unit i Espanya. Alguns d\u2019ells han aconseguit entrar en les universitats m\u00e9s prestigioses del m\u00f3n en la seva mat\u00e8ria com s\u00f3n Cambridge, Oxford o &hellip; <a href=\"https:\/\/www.queenscollege.es\/ca\/descobreix-nos\/aspectes-academics\/destinacions-universitaries\/\">Llegir m\u00e9s<\/a>","protected":false},"author":10,"featured_media":584,"parent":701,"menu_order":9,"comment_status":"open","ping_status":"open","template":"","meta":[],"yoast_head":"<!-- This site is optimized with the Yoast SEO plugin v18.5.1 - https:\/\/yoast.com\/wordpress\/plugins\/seo\/ -->\n<title>Destinacions universit\u00e0ries - Queen\u2019s College<\/title>\n<meta name=\"robots\" content=\"index, follow, max-snippet:-1, max-image-preview:large, max-video-preview:-1\" \/>\n<link rel=\"canonical\" href=\"https:\/\/www.queenscollege.es\/ca\/descobreix-nos\/aspectes-academics\/destinacions-universitaries\/\" \/>\n<meta property=\"og:locale\" content=\"ca_ES\" \/>\n<meta property=\"og:type\" content=\"article\" \/>\n<meta property=\"og:title\" content=\"Destinacions universit\u00e0ries - Queen\u2019s College\" \/>\n<meta property=\"og:description\" content=\"La majoria dels alumnes de Batxiller continuen la seva formaci\u00f3 a la universitat, principalment al Regne Unit i Espanya. Alguns d\u2019ells han aconseguit entrar en les universitats m\u00e9s prestigioses del m\u00f3n en la seva mat\u00e8ria com s\u00f3n Cambridge, Oxford o &hellip; Llegir m\u00e9s\" \/>\n<meta property=\"og:url\" content=\"https:\/\/www.queenscollege.es\/ca\/descobreix-nos\/aspectes-academics\/destinacions-universitaries\/\" \/>\n<meta property=\"og:site_name\" content=\"Queen\u2019s College\" \/>\n<meta property=\"article:modified_time\" content=\"2016-10-27T09:56:44+00:00\" \/>\n<meta property=\"og:image\" content=\"https:\/\/www.queenscollege.es\/wp-content\/uploads\/2014\/03\/destinos.jpg\" \/>\n\t<meta property=\"og:image:width\" content=\"940\" \/>\n\t<meta property=\"og:image:height\" content=\"327\" \/>\n\t<meta property=\"og:image:type\" content=\"image\/jpeg\" \/>\n<meta name=\"twitter:label1\" content=\"Temps estimat de lectura\" \/>\n\t<meta name=\"twitter:data1\" content=\"3 minuts\" \/>\n<script type=\"application\/ld+json\" class=\"yoast-schema-graph\">{\"@context\":\"https:\/\/schema.org\",\"@graph\":[{\"@type\":\"WebSite\",\"@id\":\"https:\/\/www.queenscollege.es\/en\/#website\",\"url\":\"https:\/\/www.queenscollege.es\/en\/\",\"name\":\"Queen\u2019s College\",\"description\":\"Queen&#039;s College web\",\"potentialAction\":[{\"@type\":\"SearchAction\",\"target\":{\"@type\":\"EntryPoint\",\"urlTemplate\":\"https:\/\/www.queenscollege.es\/en\/?s={search_term_string}\"},\"query-input\":\"required name=search_term_string\"}],\"inLanguage\":\"ca\"},{\"@type\":\"ImageObject\",\"@id\":\"https:\/\/www.queenscollege.es\/ca\/descobreix-nos\/aspectes-academics\/destinacions-universitaries\/#primaryimage\",\"inLanguage\":\"ca\",\"url\":\"https:\/\/www.queenscollege.es\/wp-content\/uploads\/2014\/03\/destinos.jpg\",\"contentUrl\":\"https:\/\/www.queenscollege.es\/wp-content\/uploads\/2014\/03\/destinos.jpg\",\"width\":940,\"height\":327},{\"@type\":\"WebPage\",\"@id\":\"https:\/\/www.queenscollege.es\/ca\/descobreix-nos\/aspectes-academics\/destinacions-universitaries\/#webpage\",\"url\":\"https:\/\/www.queenscollege.es\/ca\/descobreix-nos\/aspectes-academics\/destinacions-universitaries\/\",\"name\":\"Destinacions universit\u00e0ries - Queen\u2019s College\",\"isPartOf\":{\"@id\":\"https:\/\/www.queenscollege.es\/en\/#website\"},\"primaryImageOfPage\":{\"@id\":\"https:\/\/www.queenscollege.es\/ca\/descobreix-nos\/aspectes-academics\/destinacions-universitaries\/#primaryimage\"},\"datePublished\":\"2014-05-30T10:43:08+00:00\",\"dateModified\":\"2016-10-27T09:56:44+00:00\",\"breadcrumb\":{\"@id\":\"https:\/\/www.queenscollege.es\/ca\/descobreix-nos\/aspectes-academics\/destinacions-universitaries\/#breadcrumb\"},\"inLanguage\":\"ca\",\"potentialAction\":[{\"@type\":\"ReadAction\",\"target\":[\"https:\/\/www.queenscollege.es\/ca\/descobreix-nos\/aspectes-academics\/destinacions-universitaries\/\"]}]},{\"@type\":\"BreadcrumbList\",\"@id\":\"https:\/\/www.queenscollege.es\/ca\/descobreix-nos\/aspectes-academics\/destinacions-universitaries\/#breadcrumb\",\"itemListElement\":[{\"@type\":\"ListItem\",\"position\":1,\"name\":\"Portada\",\"item\":\"https:\/\/www.queenscollege.es\/\"},{\"@type\":\"ListItem\",\"position\":2,\"name\":\"Descobreix-nos\",\"item\":\"https:\/\/www.queenscollege.es\/ca\/descobreix-nos\/\"},{\"@type\":\"ListItem\",\"position\":3,\"name\":\"Aspectes Acad\u00e8mics\",\"item\":\"https:\/\/www.queenscollege.es\/ca\/descobreix-nos\/aspectes-academics\/\"},{\"@type\":\"ListItem\",\"position\":4,\"name\":\"Destinacions universit\u00e0ries\"}]}]}<\/script>\n<!-- \/ Yoast SEO plugin. -->","yoast_head_json":{"title":"Destinacions universit\u00e0ries - Queen\u2019s College","robots":{"index":"index","follow":"follow","max-snippet":"max-snippet:-1","max-image-preview":"max-image-preview:large","max-video-preview":"max-video-preview:-1"},"canonical":"https:\/\/www.queenscollege.es\/ca\/descobreix-nos\/aspectes-academics\/destinacions-universitaries\/","og_locale":"ca_ES","og_type":"article","og_title":"Destinacions universit\u00e0ries - Queen\u2019s College","og_description":"La majoria dels alumnes de Batxiller continuen la seva formaci\u00f3 a la universitat, principalment al Regne Unit i Espanya. Alguns d\u2019ells han aconseguit entrar en les universitats m\u00e9s prestigioses del m\u00f3n en la seva mat\u00e8ria com s\u00f3n Cambridge, Oxford o &hellip; Llegir m\u00e9s","og_url":"https:\/\/www.queenscollege.es\/ca\/descobreix-nos\/aspectes-academics\/destinacions-universitaries\/","og_site_name":"Queen\u2019s College","article_modified_time":"2016-10-27T09:56:44+00:00","og_image":[{"width":940,"height":327,"url":"https:\/\/www.queenscollege.es\/wp-content\/uploads\/2014\/03\/destinos.jpg","type":"image\/jpeg"}],"twitter_misc":{"Temps estimat de lectura":"3 minuts"},"schema":{"@context":"https:\/\/schema.org","@graph":[{"@type":"WebSite","@id":"https:\/\/www.queenscollege.es\/en\/#website","url":"https:\/\/www.queenscollege.es\/en\/","name":"Queen\u2019s College","description":"Queen&#039;s College web","potentialAction":[{"@type":"SearchAction","target":{"@type":"EntryPoint","urlTemplate":"https:\/\/www.queenscollege.es\/en\/?s={search_term_string}"},"query-input":"required name=search_term_string"}],"inLanguage":"ca"},{"@type":"ImageObject","@id":"https:\/\/www.queenscollege.es\/ca\/descobreix-nos\/aspectes-academics\/destinacions-universitaries\/#primaryimage","inLanguage":"ca","url":"https:\/\/www.queenscollege.es\/wp-content\/uploads\/2014\/03\/destinos.jpg","contentUrl":"https:\/\/www.queenscollege.es\/wp-content\/uploads\/2014\/03\/destinos.jpg","width":940,"height":327},{"@type":"WebPage","@id":"https:\/\/www.queenscollege.es\/ca\/descobreix-nos\/aspectes-academics\/destinacions-universitaries\/#webpage","url":"https:\/\/www.queenscollege.es\/ca\/descobreix-nos\/aspectes-academics\/destinacions-universitaries\/","name":"Destinacions universit\u00e0ries - Queen\u2019s College","isPartOf":{"@id":"https:\/\/www.queenscollege.es\/en\/#website"},"primaryImageOfPage":{"@id":"https:\/\/www.queenscollege.es\/ca\/descobreix-nos\/aspectes-academics\/destinacions-universitaries\/#primaryimage"},"datePublished":"2014-05-30T10:43:08+00:00","dateModified":"2016-10-27T09:56:44+00:00","breadcrumb":{"@id":"https:\/\/www.queenscollege.es\/ca\/descobreix-nos\/aspectes-academics\/destinacions-universitaries\/#breadcrumb"},"inLanguage":"ca","potentialAction":[{"@type":"ReadAction","target":["https:\/\/www.queenscollege.es\/ca\/descobreix-nos\/aspectes-academics\/destinacions-universitaries\/"]}]},{"@type":"BreadcrumbList","@id":"https:\/\/www.queenscollege.es\/ca\/descobreix-nos\/aspectes-academics\/destinacions-universitaries\/#breadcrumb","itemListElement":[{"@type":"ListItem","position":1,"name":"Portada","item":"https:\/\/www.queenscollege.es\/"},{"@type":"ListItem","position":2,"name":"Descobreix-nos","item":"https:\/\/www.queenscollege.es\/ca\/descobreix-nos\/"},{"@type":"ListItem","position":3,"name":"Aspectes Acad\u00e8mics","item":"https:\/\/www.queenscollege.es\/ca\/descobreix-nos\/aspectes-academics\/"},{"@type":"ListItem","position":4,"name":"Destinacions universit\u00e0ries"}]}]}},"_links":{"self":[{"href":"https:\/\/www.queenscollege.es\/ca\/wp-json\/wp\/v2\/pages\/988"}],"collection":[{"href":"https:\/\/www.queenscollege.es\/ca\/wp-json\/wp\/v2\/pages"}],"about":[{"href":"https:\/\/www.queenscollege.es\/ca\/wp-json\/wp\/v2\/types\/page"}],"author":[{"embeddable":true,"href":"https:\/\/www.queenscollege.es\/ca\/wp-json\/wp\/v2\/users\/10"}],"replies":[{"embeddable":true,"href":"https:\/\/www.queenscollege.es\/ca\/wp-json\/wp\/v2\/comments?post=988"}],"version-history":[{"count":3,"href":"https:\/\/www.queenscollege.es\/ca\/wp-json\/wp\/v2\/pages\/988\/revisions"}],"predecessor-version":[{"id":1391,"href":"https:\/\/www.queenscollege.es\/ca\/wp-json\/wp\/v2\/pages\/988\/revisions\/1391"}],"up":[{"embeddable":true,"href":"https:\/\/www.queenscollege.es\/ca\/wp-json\/wp\/v2\/pages\/701"}],"wp:featuredmedia":[{"embeddable":true,"href":"https:\/\/www.queenscollege.es\/ca\/wp-json\/wp\/v2\/media\/584"}],"wp:attachment":[{"href":"https:\/\/www.queenscollege.es\/ca\/wp-json\/wp\/v2\/media?parent=988"}],"curies":[{"name":"wp","href":"https:\/\/api.w.org\/{rel}","templated":true}]}}