{"id":976,"date":"2014-05-30T11:33:56","date_gmt":"2014-05-30T10:36:15","guid":{"rendered":"http:\/\/www.test.queenscollege.es\/?page_id=976"},"modified":"2017-02-15T12:53:27","modified_gmt":"2017-02-15T11:53:27","slug":"reconeixement-internacional","status":"publish","type":"page","link":"https:\/\/www.queenscollege.es\/ca\/descobreix-nos\/aspectes-academics\/reconeixement-internacional\/","title":{"rendered":"Reconeixement internacional"},"content":{"rendered":"<div class=\"row conmargeninferior text_left_image_right\"><div class=\"col-sm-6 text-container\"><p>Gr\u00e0cies a uns resultats excel\u00b7lents en els ex\u00e0mens, la majoria dels nostres alumnes segueixen la seva educaci\u00f3 a la Universitat. La majoria de les destinacions universit\u00e0ries estan localitzats en el Regne Unit o a Espanya, i entre ells es troben prestigioses universitats com el s\u00f3n Cambridge, Oxford, o London School of Economics. <br \/> <br \/> Els alumnes del Queen\u2019s College s\u00f3n avaluats per organismes internacionals tals com Cambridge International Examinations i Edexcel, que anualment distingeixen amb premis als millors resultats. La seg\u00fcent taula mostra els obtinguts pels nostres\u00a0alumnes els darrers vuit anys.<\/p><p>&nbsp;<\/p><p><strong>Premis dels cossos oficials d\u2019examinaci\u00f3:<\/strong> Edexcel<\/p><p><\/div><div class=\"col-sm-6 featured-image-container\"><img src=\"https:\/\/www.queenscollege.es\/wp-content\/uploads\/2014\/03\/reconocimiento.jpg\"><\/div><div class=\"clearfix\"><\/div><\/div> <div class=\"none\" style=\"margin-top:40px;\"><\/div> <div class=\"columnize-me\" data-width=\"500\"><\/p><p><strong>2015<\/strong><\/p><p>CIE \u2013<\/p><ul><li>La nota m\u00e9s alta d&#8217;Espanya en GCSE (4\u00ba ESO) en Inform\u00e0tica.<\/li><\/ul><p><br \/>EDEXCEL \u2013<\/p><ul><li>La nota m\u00e9s alta d&#8217;Espanya en GCE A Level (2\u00ba Batxillerat) en Alemany.<\/li><li>La nota m\u00e9s alta del m\u00f3n en GCE A Level (2\u00ba Batxillerat) en Espa\u00f1ol.<\/li><li>La nota m\u00e9s alta d&#8217;Espanya en GCSE (4\u00ba ESO) en Espa\u00f1ol.<\/li><li>La nota m\u00e9s alta d&#8217;Espanya en GCSE (4\u00ba ESO) en Alemany.<\/li><\/ul><p>&nbsp;<\/p><p><strong>2014<\/strong><\/p><p>EDEXCEL \u2013<\/p><ul><li>La nota m\u00e9s alta d&#8217;Espanya en GCSE (4\u00ba ESO) en Alemany. <br \/><br \/><\/li><\/ul><p><strong>2013<\/strong><\/p><p>CIE \u2013<\/p><ul><li>La nota m\u00e9s alta d&#8217;Espanya en GCE AS Level (1\u00ba Batxillerat) en Inform\u00e0tica Aplicada.<\/li><li>La nota m\u00e9s alta d&#8217;Espanya en GCE A Level (2\u00ba Batxillerat) en Inform\u00e0tica Aplicada.<\/li><\/ul><p>Edexcel &#8211;\u00a0<\/p><ul><li>La nota m\u00e9s alta del m\u00f3n en GCSE (4\u00ba ESO) en Alemany.<\/li><li>La nota m\u00e9s alta d&#8217;Espanya ex-aequo en GCSE (4\u00ba ESO) en Espa\u00f1ol.<\/li><li>La nota m\u00e9s alta d&#8217;Espanya en GCE A Level (2\u00ba Batxillerat) en Biologia.<\/li><\/ul><p><br \/><strong>2011<\/strong><\/p><ul><li>La nota m\u00e9s alta d&#8217;Espanya en GCSE (4\u00ba ESO) en Art i Disseny.<\/li><li>La nota m\u00e9s alta d&#8217;Espanya en GCSE (4\u00ba ESO) en Geografia. <br \/><br \/><\/li><\/ul><p><strong>2010<\/strong><\/p><ul><li>Les tres millors notes d&#8217;Espanya (ex-aequo) en GCSE (4\u00ba ESO) en Alemany.<\/li><li>La nota m\u00e9s alta d&#8217;Espanya en GCSE (4\u00ba ESO) en Art i Disseny.<\/li><li>La nota m\u00e9s alta d&#8217;Espanya en GCE A Level (2\u00ba Batxillerat) en Matem\u00e0tiques.<\/li><li>La nota m\u00e9s alta del m\u00f3n en GCE A Level (2\u00ba Batxillerat) en Alemany.<\/li><li>La nota m\u00e9s alta d&#8217;Espanya en GCE A Level (2\u00ba Batxillerat) en Qu\u00edmica. <br \/><br \/><\/li><\/ul><p><strong>2009<\/strong><\/p><ul><li>La nota m\u00e9s alta d&#8217;Espanya en GCSE (4\u00ba ESO) en Art i Disseny<\/li><li>La nota m\u00e9s alta d&#8217;Espanya en GCSE (4\u00ba ESO) en Inform\u00e0tica.<\/li><li>La nota m\u00e9s alta d&#8217;Espanya en GCSE (4\u00ba ESO) en Franc\u00e8s.<\/li><li>La nota m\u00e9s alta d&#8217;Espanya en GCE AS Level (2\u00ba Batxillerat) en Inform\u00e0tica. <br \/><br \/><\/li><\/ul><p><strong>2008<\/strong><\/p><ul><li>Tres Awards for Outstanding Performance (Premis pel resultat excepcional en (International) GCSE d&#8217;Alemany<\/li><li>Un Award for Outstanding Performance (Premi pel resultat excepcional) en (International) GCE (A-level) d&#8217;Espa\u00f1ol<br \/><br \/><\/li><\/ul><p><strong>2007<\/strong><\/p><ul><li>Premi Edexcel al millor resultat de GCE (equivalent a selectivitat) a Espanya (Notes d&#8217;en A level de Qu\u00edmica, de Matem\u00e0tiques, F\u00edsica, Espa\u00f1ol i Nota d&#8217;en l&#8217;AS level de Biologia i Matem\u00e0tiques pures)<\/li><\/ul><p><\/div><\/p>","protected":false},"excerpt":{"rendered":"","protected":false},"author":10,"featured_media":587,"parent":701,"menu_order":5,"comment_status":"open","ping_status":"open","template":"","meta":[],"yoast_head":"<!-- This site is optimized with the Yoast SEO plugin v18.5.1 - https:\/\/yoast.com\/wordpress\/plugins\/seo\/ -->\n<title>Reconeixement internacional - Queen\u2019s College<\/title>\n<meta name=\"robots\" content=\"index, follow, max-snippet:-1, max-image-preview:large, max-video-preview:-1\" \/>\n<link rel=\"canonical\" href=\"https:\/\/www.queenscollege.es\/ca\/descobreix-nos\/aspectes-academics\/reconeixement-internacional\/\" \/>\n<meta property=\"og:locale\" content=\"ca_ES\" \/>\n<meta property=\"og:type\" content=\"article\" \/>\n<meta property=\"og:title\" content=\"Reconeixement internacional - Queen\u2019s College\" \/>\n<meta property=\"og:url\" content=\"https:\/\/www.queenscollege.es\/ca\/descobreix-nos\/aspectes-academics\/reconeixement-internacional\/\" \/>\n<meta property=\"og:site_name\" content=\"Queen\u2019s College\" \/>\n<meta property=\"article:modified_time\" content=\"2017-02-15T11:53:27+00:00\" \/>\n<meta property=\"og:image\" content=\"https:\/\/www.queenscollege.es\/wp-content\/uploads\/2014\/03\/reconocimiento.jpg\" \/>\n\t<meta property=\"og:image:width\" content=\"455\" \/>\n\t<meta property=\"og:image:height\" content=\"367\" \/>\n\t<meta property=\"og:image:type\" content=\"image\/jpeg\" \/>\n<meta name=\"twitter:label1\" content=\"Temps estimat de lectura\" \/>\n\t<meta name=\"twitter:data1\" content=\"2 minuts\" \/>\n<script type=\"application\/ld+json\" class=\"yoast-schema-graph\">{\"@context\":\"https:\/\/schema.org\",\"@graph\":[{\"@type\":\"WebSite\",\"@id\":\"https:\/\/www.queenscollege.es\/en\/#website\",\"url\":\"https:\/\/www.queenscollege.es\/en\/\",\"name\":\"Queen\u2019s College\",\"description\":\"Queen&#039;s College web\",\"potentialAction\":[{\"@type\":\"SearchAction\",\"target\":{\"@type\":\"EntryPoint\",\"urlTemplate\":\"https:\/\/www.queenscollege.es\/en\/?s={search_term_string}\"},\"query-input\":\"required name=search_term_string\"}],\"inLanguage\":\"ca\"},{\"@type\":\"ImageObject\",\"@id\":\"https:\/\/www.queenscollege.es\/ca\/descobreix-nos\/aspectes-academics\/reconeixement-internacional\/#primaryimage\",\"inLanguage\":\"ca\",\"url\":\"https:\/\/www.queenscollege.es\/wp-content\/uploads\/2014\/03\/reconocimiento.jpg\",\"contentUrl\":\"https:\/\/www.queenscollege.es\/wp-content\/uploads\/2014\/03\/reconocimiento.jpg\",\"width\":455,\"height\":367},{\"@type\":\"WebPage\",\"@id\":\"https:\/\/www.queenscollege.es\/ca\/descobreix-nos\/aspectes-academics\/reconeixement-internacional\/#webpage\",\"url\":\"https:\/\/www.queenscollege.es\/ca\/descobreix-nos\/aspectes-academics\/reconeixement-internacional\/\",\"name\":\"Reconeixement internacional - Queen\u2019s College\",\"isPartOf\":{\"@id\":\"https:\/\/www.queenscollege.es\/en\/#website\"},\"primaryImageOfPage\":{\"@id\":\"https:\/\/www.queenscollege.es\/ca\/descobreix-nos\/aspectes-academics\/reconeixement-internacional\/#primaryimage\"},\"datePublished\":\"2014-05-30T10:36:15+00:00\",\"dateModified\":\"2017-02-15T11:53:27+00:00\",\"breadcrumb\":{\"@id\":\"https:\/\/www.queenscollege.es\/ca\/descobreix-nos\/aspectes-academics\/reconeixement-internacional\/#breadcrumb\"},\"inLanguage\":\"ca\",\"potentialAction\":[{\"@type\":\"ReadAction\",\"target\":[\"https:\/\/www.queenscollege.es\/ca\/descobreix-nos\/aspectes-academics\/reconeixement-internacional\/\"]}]},{\"@type\":\"BreadcrumbList\",\"@id\":\"https:\/\/www.queenscollege.es\/ca\/descobreix-nos\/aspectes-academics\/reconeixement-internacional\/#breadcrumb\",\"itemListElement\":[{\"@type\":\"ListItem\",\"position\":1,\"name\":\"Portada\",\"item\":\"https:\/\/www.queenscollege.es\/\"},{\"@type\":\"ListItem\",\"position\":2,\"name\":\"Descobreix-nos\",\"item\":\"https:\/\/www.queenscollege.es\/ca\/descobreix-nos\/\"},{\"@type\":\"ListItem\",\"position\":3,\"name\":\"Aspectes Acad\u00e8mics\",\"item\":\"https:\/\/www.queenscollege.es\/ca\/descobreix-nos\/aspectes-academics\/\"},{\"@type\":\"ListItem\",\"position\":4,\"name\":\"Reconeixement internacional\"}]}]}<\/script>\n<!-- \/ Yoast SEO plugin. -->","yoast_head_json":{"title":"Reconeixement internacional - Queen\u2019s College","robots":{"index":"index","follow":"follow","max-snippet":"max-snippet:-1","max-image-preview":"max-image-preview:large","max-video-preview":"max-video-preview:-1"},"canonical":"https:\/\/www.queenscollege.es\/ca\/descobreix-nos\/aspectes-academics\/reconeixement-internacional\/","og_locale":"ca_ES","og_type":"article","og_title":"Reconeixement internacional - Queen\u2019s College","og_url":"https:\/\/www.queenscollege.es\/ca\/descobreix-nos\/aspectes-academics\/reconeixement-internacional\/","og_site_name":"Queen\u2019s College","article_modified_time":"2017-02-15T11:53:27+00:00","og_image":[{"width":455,"height":367,"url":"https:\/\/www.queenscollege.es\/wp-content\/uploads\/2014\/03\/reconocimiento.jpg","type":"image\/jpeg"}],"twitter_misc":{"Temps estimat de lectura":"2 minuts"},"schema":{"@context":"https:\/\/schema.org","@graph":[{"@type":"WebSite","@id":"https:\/\/www.queenscollege.es\/en\/#website","url":"https:\/\/www.queenscollege.es\/en\/","name":"Queen\u2019s College","description":"Queen&#039;s College web","potentialAction":[{"@type":"SearchAction","target":{"@type":"EntryPoint","urlTemplate":"https:\/\/www.queenscollege.es\/en\/?s={search_term_string}"},"query-input":"required name=search_term_string"}],"inLanguage":"ca"},{"@type":"ImageObject","@id":"https:\/\/www.queenscollege.es\/ca\/descobreix-nos\/aspectes-academics\/reconeixement-internacional\/#primaryimage","inLanguage":"ca","url":"https:\/\/www.queenscollege.es\/wp-content\/uploads\/2014\/03\/reconocimiento.jpg","contentUrl":"https:\/\/www.queenscollege.es\/wp-content\/uploads\/2014\/03\/reconocimiento.jpg","width":455,"height":367},{"@type":"WebPage","@id":"https:\/\/www.queenscollege.es\/ca\/descobreix-nos\/aspectes-academics\/reconeixement-internacional\/#webpage","url":"https:\/\/www.queenscollege.es\/ca\/descobreix-nos\/aspectes-academics\/reconeixement-internacional\/","name":"Reconeixement internacional - Queen\u2019s College","isPartOf":{"@id":"https:\/\/www.queenscollege.es\/en\/#website"},"primaryImageOfPage":{"@id":"https:\/\/www.queenscollege.es\/ca\/descobreix-nos\/aspectes-academics\/reconeixement-internacional\/#primaryimage"},"datePublished":"2014-05-30T10:36:15+00:00","dateModified":"2017-02-15T11:53:27+00:00","breadcrumb":{"@id":"https:\/\/www.queenscollege.es\/ca\/descobreix-nos\/aspectes-academics\/reconeixement-internacional\/#breadcrumb"},"inLanguage":"ca","potentialAction":[{"@type":"ReadAction","target":["https:\/\/www.queenscollege.es\/ca\/descobreix-nos\/aspectes-academics\/reconeixement-internacional\/"]}]},{"@type":"BreadcrumbList","@id":"https:\/\/www.queenscollege.es\/ca\/descobreix-nos\/aspectes-academics\/reconeixement-internacional\/#breadcrumb","itemListElement":[{"@type":"ListItem","position":1,"name":"Portada","item":"https:\/\/www.queenscollege.es\/"},{"@type":"ListItem","position":2,"name":"Descobreix-nos","item":"https:\/\/www.queenscollege.es\/ca\/descobreix-nos\/"},{"@type":"ListItem","position":3,"name":"Aspectes Acad\u00e8mics","item":"https:\/\/www.queenscollege.es\/ca\/descobreix-nos\/aspectes-academics\/"},{"@type":"ListItem","position":4,"name":"Reconeixement internacional"}]}]}},"_links":{"self":[{"href":"https:\/\/www.queenscollege.es\/ca\/wp-json\/wp\/v2\/pages\/976"}],"collection":[{"href":"https:\/\/www.queenscollege.es\/ca\/wp-json\/wp\/v2\/pages"}],"about":[{"href":"https:\/\/www.queenscollege.es\/ca\/wp-json\/wp\/v2\/types\/page"}],"author":[{"embeddable":true,"href":"https:\/\/www.queenscollege.es\/ca\/wp-json\/wp\/v2\/users\/10"}],"replies":[{"embeddable":true,"href":"https:\/\/www.queenscollege.es\/ca\/wp-json\/wp\/v2\/comments?post=976"}],"version-history":[{"count":6,"href":"https:\/\/www.queenscollege.es\/ca\/wp-json\/wp\/v2\/pages\/976\/revisions"}],"predecessor-version":[{"id":1505,"href":"https:\/\/www.queenscollege.es\/ca\/wp-json\/wp\/v2\/pages\/976\/revisions\/1505"}],"up":[{"embeddable":true,"href":"https:\/\/www.queenscollege.es\/ca\/wp-json\/wp\/v2\/pages\/701"}],"wp:featuredmedia":[{"embeddable":true,"href":"https:\/\/www.queenscollege.es\/ca\/wp-json\/wp\/v2\/media\/587"}],"wp:attachment":[{"href":"https:\/\/www.queenscollege.es\/ca\/wp-json\/wp\/v2\/media?parent=976"}],"curies":[{"name":"wp","href":"https:\/\/api.w.org\/{rel}","templated":true}]}}