{"id":757,"date":"2014-03-12T13:17:48","date_gmt":"2014-04-28T11:00:28","guid":{"rendered":"http:\/\/www.test.queenscollege.es\/?page_id=757"},"modified":"2018-03-14T15:05:02","modified_gmt":"2018-03-14T14:05:02","slug":"avis-legal","status":"publish","type":"page","link":"https:\/\/www.queenscollege.es\/ca\/avis-legal\/","title":{"rendered":"Av\u00eds legal"},"content":{"rendered":"<p>PER A M\u00c9S INFORMACI\u00d3 CLIQUEU\u00a0<a href=\"http:\/\/www.queenscollege.es\/ca\/avis-legal\/\">AQU\u00cd<\/a>\u00a0(EN CASTELL\u00c0).<\/p>","protected":false},"excerpt":{"rendered":"PER A M\u00c9S INFORMACI\u00d3 CLIQUEU\u00a0AQU\u00cd\u00a0(EN CASTELL\u00c0).","protected":false},"author":10,"featured_media":0,"parent":0,"menu_order":0,"comment_status":"open","ping_status":"open","template":"","meta":[],"yoast_head":"<!-- This site is optimized with the Yoast SEO plugin v18.5.1 - https:\/\/yoast.com\/wordpress\/plugins\/seo\/ -->\n<title>Av\u00eds legal - Queen\u2019s College<\/title>\n<meta name=\"robots\" content=\"index, follow, max-snippet:-1, max-image-preview:large, max-video-preview:-1\" \/>\n<link rel=\"canonical\" href=\"https:\/\/www.queenscollege.es\/ca\/avis-legal\/\" \/>\n<meta property=\"og:locale\" content=\"ca_ES\" \/>\n<meta property=\"og:type\" content=\"article\" \/>\n<meta property=\"og:title\" content=\"Av\u00eds legal - Queen\u2019s College\" \/>\n<meta property=\"og:description\" content=\"PER A M\u00c9S INFORMACI\u00d3 CLIQUEU\u00a0AQU\u00cd\u00a0(EN CASTELL\u00c0).\" \/>\n<meta property=\"og:url\" content=\"https:\/\/www.queenscollege.es\/ca\/avis-legal\/\" \/>\n<meta property=\"og:site_name\" content=\"Queen\u2019s College\" \/>\n<meta property=\"article:modified_time\" content=\"2018-03-14T14:05:02+00:00\" \/>\n<script type=\"application\/ld+json\" class=\"yoast-schema-graph\">{\"@context\":\"https:\/\/schema.org\",\"@graph\":[{\"@type\":\"WebSite\",\"@id\":\"https:\/\/www.queenscollege.es\/en\/#website\",\"url\":\"https:\/\/www.queenscollege.es\/en\/\",\"name\":\"Queen\u2019s College\",\"description\":\"Queen&#039;s College web\",\"potentialAction\":[{\"@type\":\"SearchAction\",\"target\":{\"@type\":\"EntryPoint\",\"urlTemplate\":\"https:\/\/www.queenscollege.es\/en\/?s={search_term_string}\"},\"query-input\":\"required name=search_term_string\"}],\"inLanguage\":\"ca\"},{\"@type\":\"WebPage\",\"@id\":\"https:\/\/www.queenscollege.es\/ca\/avis-legal\/#webpage\",\"url\":\"https:\/\/www.queenscollege.es\/ca\/avis-legal\/\",\"name\":\"Av\u00eds legal - Queen\u2019s College\",\"isPartOf\":{\"@id\":\"https:\/\/www.queenscollege.es\/en\/#website\"},\"datePublished\":\"2014-04-28T11:00:28+00:00\",\"dateModified\":\"2018-03-14T14:05:02+00:00\",\"breadcrumb\":{\"@id\":\"https:\/\/www.queenscollege.es\/ca\/avis-legal\/#breadcrumb\"},\"inLanguage\":\"ca\",\"potentialAction\":[{\"@type\":\"ReadAction\",\"target\":[\"https:\/\/www.queenscollege.es\/ca\/avis-legal\/\"]}]},{\"@type\":\"BreadcrumbList\",\"@id\":\"https:\/\/www.queenscollege.es\/ca\/avis-legal\/#breadcrumb\",\"itemListElement\":[{\"@type\":\"ListItem\",\"position\":1,\"name\":\"Portada\",\"item\":\"https:\/\/www.queenscollege.es\/\"},{\"@type\":\"ListItem\",\"position\":2,\"name\":\"Av\u00eds legal\"}]}]}<\/script>\n<!-- \/ Yoast SEO plugin. -->","yoast_head_json":{"title":"Av\u00eds legal - Queen\u2019s College","robots":{"index":"index","follow":"follow","max-snippet":"max-snippet:-1","max-image-preview":"max-image-preview:large","max-video-preview":"max-video-preview:-1"},"canonical":"https:\/\/www.queenscollege.es\/ca\/avis-legal\/","og_locale":"ca_ES","og_type":"article","og_title":"Av\u00eds legal - Queen\u2019s College","og_description":"PER A M\u00c9S INFORMACI\u00d3 CLIQUEU\u00a0AQU\u00cd\u00a0(EN CASTELL\u00c0).","og_url":"https:\/\/www.queenscollege.es\/ca\/avis-legal\/","og_site_name":"Queen\u2019s College","article_modified_time":"2018-03-14T14:05:02+00:00","schema":{"@context":"https:\/\/schema.org","@graph":[{"@type":"WebSite","@id":"https:\/\/www.queenscollege.es\/en\/#website","url":"https:\/\/www.queenscollege.es\/en\/","name":"Queen\u2019s College","description":"Queen&#039;s College web","potentialAction":[{"@type":"SearchAction","target":{"@type":"EntryPoint","urlTemplate":"https:\/\/www.queenscollege.es\/en\/?s={search_term_string}"},"query-input":"required name=search_term_string"}],"inLanguage":"ca"},{"@type":"WebPage","@id":"https:\/\/www.queenscollege.es\/ca\/avis-legal\/#webpage","url":"https:\/\/www.queenscollege.es\/ca\/avis-legal\/","name":"Av\u00eds legal - Queen\u2019s College","isPartOf":{"@id":"https:\/\/www.queenscollege.es\/en\/#website"},"datePublished":"2014-04-28T11:00:28+00:00","dateModified":"2018-03-14T14:05:02+00:00","breadcrumb":{"@id":"https:\/\/www.queenscollege.es\/ca\/avis-legal\/#breadcrumb"},"inLanguage":"ca","potentialAction":[{"@type":"ReadAction","target":["https:\/\/www.queenscollege.es\/ca\/avis-legal\/"]}]},{"@type":"BreadcrumbList","@id":"https:\/\/www.queenscollege.es\/ca\/avis-legal\/#breadcrumb","itemListElement":[{"@type":"ListItem","position":1,"name":"Portada","item":"https:\/\/www.queenscollege.es\/"},{"@type":"ListItem","position":2,"name":"Av\u00eds legal"}]}]}},"_links":{"self":[{"href":"https:\/\/www.queenscollege.es\/ca\/wp-json\/wp\/v2\/pages\/757"}],"collection":[{"href":"https:\/\/www.queenscollege.es\/ca\/wp-json\/wp\/v2\/pages"}],"about":[{"href":"https:\/\/www.queenscollege.es\/ca\/wp-json\/wp\/v2\/types\/page"}],"author":[{"embeddable":true,"href":"https:\/\/www.queenscollege.es\/ca\/wp-json\/wp\/v2\/users\/10"}],"replies":[{"embeddable":true,"href":"https:\/\/www.queenscollege.es\/ca\/wp-json\/wp\/v2\/comments?post=757"}],"version-history":[{"count":2,"href":"https:\/\/www.queenscollege.es\/ca\/wp-json\/wp\/v2\/pages\/757\/revisions"}],"predecessor-version":[{"id":2539,"href":"https:\/\/www.queenscollege.es\/ca\/wp-json\/wp\/v2\/pages\/757\/revisions\/2539"}],"wp:attachment":[{"href":"https:\/\/www.queenscollege.es\/ca\/wp-json\/wp\/v2\/media?parent=757"}],"curies":[{"name":"wp","href":"https:\/\/api.w.org\/{rel}","templated":true}]}}