{"id":652,"date":"2014-03-12T17:01:42","date_gmt":"2014-03-12T16:01:42","guid":{"rendered":"http:\/\/www.test.queenscollege.es\/?page_id=652"},"modified":"2021-04-13T13:02:55","modified_gmt":"2021-04-13T11:02:55","slug":"escola-destiu","status":"publish","type":"page","link":"https:\/\/www.queenscollege.es\/ca\/descobreix-nos\/informacio-i-serveis\/escola-destiu\/","title":{"rendered":"Summer School"},"content":{"rendered":"<p>PER A M\u00c9S INFORMACI\u00d3 CLIQUEU <a href=\"http:\/\/www.queenscollege.es\/descubrenos\/informacion-y-servicios\/escuela-de-verano\/\">AQU\u00cd<\/a>\u00a0(EN CASTELL\u00c0).<\/p>","protected":false},"excerpt":{"rendered":"PER A M\u00c9S INFORMACI\u00d3 CLIQUEU AQU\u00cd\u00a0(EN CASTELL\u00c0).","protected":false},"author":10,"featured_media":27217,"parent":656,"menu_order":7,"comment_status":"open","ping_status":"open","template":"","meta":[],"yoast_head":"<!-- This site is optimized with the Yoast SEO plugin v18.5.1 - https:\/\/yoast.com\/wordpress\/plugins\/seo\/ -->\n<title>Summer School - Queen\u2019s College<\/title>\n<meta name=\"robots\" content=\"index, follow, max-snippet:-1, max-image-preview:large, max-video-preview:-1\" \/>\n<link rel=\"canonical\" href=\"https:\/\/www.queenscollege.es\/ca\/descobreix-nos\/informacio-i-serveis\/escola-destiu\/\" \/>\n<meta property=\"og:locale\" content=\"ca_ES\" \/>\n<meta property=\"og:type\" content=\"article\" \/>\n<meta property=\"og:title\" content=\"Summer School - Queen\u2019s College\" \/>\n<meta property=\"og:description\" content=\"PER A M\u00c9S INFORMACI\u00d3 CLIQUEU AQU\u00cd\u00a0(EN CASTELL\u00c0).\" \/>\n<meta property=\"og:url\" content=\"https:\/\/www.queenscollege.es\/ca\/descobreix-nos\/informacio-i-serveis\/escola-destiu\/\" \/>\n<meta property=\"og:site_name\" content=\"Queen\u2019s College\" \/>\n<meta property=\"article:modified_time\" content=\"2021-04-13T11:02:55+00:00\" \/>\n<meta property=\"og:image\" content=\"https:\/\/www.queenscollege.es\/wp-content\/uploads\/2019\/03\/PISCINA-QUEENS-15-e1552048443676.jpg\" \/>\n\t<meta property=\"og:image:width\" content=\"2048\" \/>\n\t<meta property=\"og:image:height\" content=\"906\" \/>\n\t<meta property=\"og:image:type\" content=\"image\/jpeg\" \/>\n<script type=\"application\/ld+json\" class=\"yoast-schema-graph\">{\"@context\":\"https:\/\/schema.org\",\"@graph\":[{\"@type\":\"WebSite\",\"@id\":\"https:\/\/www.queenscollege.es\/en\/#website\",\"url\":\"https:\/\/www.queenscollege.es\/en\/\",\"name\":\"Queen\u2019s College\",\"description\":\"Queen&#039;s College web\",\"potentialAction\":[{\"@type\":\"SearchAction\",\"target\":{\"@type\":\"EntryPoint\",\"urlTemplate\":\"https:\/\/www.queenscollege.es\/en\/?s={search_term_string}\"},\"query-input\":\"required name=search_term_string\"}],\"inLanguage\":\"ca\"},{\"@type\":\"ImageObject\",\"@id\":\"https:\/\/www.queenscollege.es\/ca\/descobreix-nos\/informacio-i-serveis\/escola-destiu\/#primaryimage\",\"inLanguage\":\"ca\",\"url\":\"https:\/\/www.queenscollege.es\/wp-content\/uploads\/2019\/03\/PISCINA-QUEENS-15-e1552048443676.jpg\",\"contentUrl\":\"https:\/\/www.queenscollege.es\/wp-content\/uploads\/2019\/03\/PISCINA-QUEENS-15-e1552048443676.jpg\",\"width\":2048,\"height\":906},{\"@type\":\"WebPage\",\"@id\":\"https:\/\/www.queenscollege.es\/ca\/descobreix-nos\/informacio-i-serveis\/escola-destiu\/#webpage\",\"url\":\"https:\/\/www.queenscollege.es\/ca\/descobreix-nos\/informacio-i-serveis\/escola-destiu\/\",\"name\":\"Summer School - Queen\u2019s College\",\"isPartOf\":{\"@id\":\"https:\/\/www.queenscollege.es\/en\/#website\"},\"primaryImageOfPage\":{\"@id\":\"https:\/\/www.queenscollege.es\/ca\/descobreix-nos\/informacio-i-serveis\/escola-destiu\/#primaryimage\"},\"datePublished\":\"2014-03-12T16:01:42+00:00\",\"dateModified\":\"2021-04-13T11:02:55+00:00\",\"breadcrumb\":{\"@id\":\"https:\/\/www.queenscollege.es\/ca\/descobreix-nos\/informacio-i-serveis\/escola-destiu\/#breadcrumb\"},\"inLanguage\":\"ca\",\"potentialAction\":[{\"@type\":\"ReadAction\",\"target\":[\"https:\/\/www.queenscollege.es\/ca\/descobreix-nos\/informacio-i-serveis\/escola-destiu\/\"]}]},{\"@type\":\"BreadcrumbList\",\"@id\":\"https:\/\/www.queenscollege.es\/ca\/descobreix-nos\/informacio-i-serveis\/escola-destiu\/#breadcrumb\",\"itemListElement\":[{\"@type\":\"ListItem\",\"position\":1,\"name\":\"Portada\",\"item\":\"https:\/\/www.queenscollege.es\/\"},{\"@type\":\"ListItem\",\"position\":2,\"name\":\"Descobreix-nos\",\"item\":\"https:\/\/www.queenscollege.es\/ca\/descobreix-nos\/\"},{\"@type\":\"ListItem\",\"position\":3,\"name\":\"Serveis Adicionals\",\"item\":\"https:\/\/www.queenscollege.es\/ca\/descobreix-nos\/informacio-i-serveis\/\"},{\"@type\":\"ListItem\",\"position\":4,\"name\":\"Summer School\"}]}]}<\/script>\n<!-- \/ Yoast SEO plugin. -->","yoast_head_json":{"title":"Summer School - Queen\u2019s College","robots":{"index":"index","follow":"follow","max-snippet":"max-snippet:-1","max-image-preview":"max-image-preview:large","max-video-preview":"max-video-preview:-1"},"canonical":"https:\/\/www.queenscollege.es\/ca\/descobreix-nos\/informacio-i-serveis\/escola-destiu\/","og_locale":"ca_ES","og_type":"article","og_title":"Summer School - Queen\u2019s College","og_description":"PER A M\u00c9S INFORMACI\u00d3 CLIQUEU AQU\u00cd\u00a0(EN CASTELL\u00c0).","og_url":"https:\/\/www.queenscollege.es\/ca\/descobreix-nos\/informacio-i-serveis\/escola-destiu\/","og_site_name":"Queen\u2019s College","article_modified_time":"2021-04-13T11:02:55+00:00","og_image":[{"width":2048,"height":906,"url":"https:\/\/www.queenscollege.es\/wp-content\/uploads\/2019\/03\/PISCINA-QUEENS-15-e1552048443676.jpg","type":"image\/jpeg"}],"schema":{"@context":"https:\/\/schema.org","@graph":[{"@type":"WebSite","@id":"https:\/\/www.queenscollege.es\/en\/#website","url":"https:\/\/www.queenscollege.es\/en\/","name":"Queen\u2019s College","description":"Queen&#039;s College web","potentialAction":[{"@type":"SearchAction","target":{"@type":"EntryPoint","urlTemplate":"https:\/\/www.queenscollege.es\/en\/?s={search_term_string}"},"query-input":"required name=search_term_string"}],"inLanguage":"ca"},{"@type":"ImageObject","@id":"https:\/\/www.queenscollege.es\/ca\/descobreix-nos\/informacio-i-serveis\/escola-destiu\/#primaryimage","inLanguage":"ca","url":"https:\/\/www.queenscollege.es\/wp-content\/uploads\/2019\/03\/PISCINA-QUEENS-15-e1552048443676.jpg","contentUrl":"https:\/\/www.queenscollege.es\/wp-content\/uploads\/2019\/03\/PISCINA-QUEENS-15-e1552048443676.jpg","width":2048,"height":906},{"@type":"WebPage","@id":"https:\/\/www.queenscollege.es\/ca\/descobreix-nos\/informacio-i-serveis\/escola-destiu\/#webpage","url":"https:\/\/www.queenscollege.es\/ca\/descobreix-nos\/informacio-i-serveis\/escola-destiu\/","name":"Summer School - Queen\u2019s College","isPartOf":{"@id":"https:\/\/www.queenscollege.es\/en\/#website"},"primaryImageOfPage":{"@id":"https:\/\/www.queenscollege.es\/ca\/descobreix-nos\/informacio-i-serveis\/escola-destiu\/#primaryimage"},"datePublished":"2014-03-12T16:01:42+00:00","dateModified":"2021-04-13T11:02:55+00:00","breadcrumb":{"@id":"https:\/\/www.queenscollege.es\/ca\/descobreix-nos\/informacio-i-serveis\/escola-destiu\/#breadcrumb"},"inLanguage":"ca","potentialAction":[{"@type":"ReadAction","target":["https:\/\/www.queenscollege.es\/ca\/descobreix-nos\/informacio-i-serveis\/escola-destiu\/"]}]},{"@type":"BreadcrumbList","@id":"https:\/\/www.queenscollege.es\/ca\/descobreix-nos\/informacio-i-serveis\/escola-destiu\/#breadcrumb","itemListElement":[{"@type":"ListItem","position":1,"name":"Portada","item":"https:\/\/www.queenscollege.es\/"},{"@type":"ListItem","position":2,"name":"Descobreix-nos","item":"https:\/\/www.queenscollege.es\/ca\/descobreix-nos\/"},{"@type":"ListItem","position":3,"name":"Serveis Adicionals","item":"https:\/\/www.queenscollege.es\/ca\/descobreix-nos\/informacio-i-serveis\/"},{"@type":"ListItem","position":4,"name":"Summer School"}]}]}},"_links":{"self":[{"href":"https:\/\/www.queenscollege.es\/ca\/wp-json\/wp\/v2\/pages\/652"}],"collection":[{"href":"https:\/\/www.queenscollege.es\/ca\/wp-json\/wp\/v2\/pages"}],"about":[{"href":"https:\/\/www.queenscollege.es\/ca\/wp-json\/wp\/v2\/types\/page"}],"author":[{"embeddable":true,"href":"https:\/\/www.queenscollege.es\/ca\/wp-json\/wp\/v2\/users\/10"}],"replies":[{"embeddable":true,"href":"https:\/\/www.queenscollege.es\/ca\/wp-json\/wp\/v2\/comments?post=652"}],"version-history":[{"count":12,"href":"https:\/\/www.queenscollege.es\/ca\/wp-json\/wp\/v2\/pages\/652\/revisions"}],"predecessor-version":[{"id":28763,"href":"https:\/\/www.queenscollege.es\/ca\/wp-json\/wp\/v2\/pages\/652\/revisions\/28763"}],"up":[{"embeddable":true,"href":"https:\/\/www.queenscollege.es\/ca\/wp-json\/wp\/v2\/pages\/656"}],"wp:featuredmedia":[{"embeddable":true,"href":"https:\/\/www.queenscollege.es\/ca\/wp-json\/wp\/v2\/media\/27217"}],"wp:attachment":[{"href":"https:\/\/www.queenscollege.es\/ca\/wp-json\/wp\/v2\/media?parent=652"}],"curies":[{"name":"wp","href":"https:\/\/api.w.org\/{rel}","templated":true}]}}