{"id":397,"date":"2014-03-12T16:58:13","date_gmt":"2014-03-26T16:06:49","guid":{"rendered":"http:\/\/www.test.queenscollege.es\/?page_id=397"},"modified":"2014-03-26T17:06:49","modified_gmt":"2014-03-26T16:06:49","slug":"necesitats-educatives-especials","status":"publish","type":"page","link":"https:\/\/www.queenscollege.es\/ca\/descobreix-nos\/informacio-i-serveis\/necesitats-educatives-especials\/","title":{"rendered":"Necesitats educatives especials"},"content":{"rendered":"El col\u00b7legi reconeix la personalitat \u00fanica de tots els seus alumnes i intenta satisfer les necessitats educatives de tots ells. Sempre que un alumne requereixi necessitats educatives especials, es fan tots els esfor\u00e7os per a satisfer-les dintre dels l\u00edmits de les facilitats ofertes en el col\u00b7legi. El col\u00b7legi no s\u2019especialitza en el suport de necessitats espec\u00edfiques educatives. Per tant, es recomana encaridament als pares que parlin pr\u00e8viament sobre dificultats reconegudes en el col\u00b7legi abans de fer la sol\u00b7licitud d\u2019admissi\u00f3 per als seus fills, per a cerciorar-se que tals dificultats puguin solucionar-se.","protected":false},"excerpt":{"rendered":"El col\u00b7legi reconeix la personalitat \u00fanica de tots els seus alumnes i intenta satisfer les necessitats educatives de tots ells. Sempre que un alumne requereixi necessitats educatives especials, es fan tots els esfor\u00e7os per a satisfer-les dintre dels l\u00edmits de &hellip; <a href=\"https:\/\/www.queenscollege.es\/ca\/descobreix-nos\/informacio-i-serveis\/necesitats-educatives-especials\/\">Llegir m\u00e9s<\/a>","protected":false},"author":10,"featured_media":0,"parent":656,"menu_order":1,"comment_status":"open","ping_status":"closed","template":"","meta":[],"yoast_head":"<!-- This site is optimized with the Yoast SEO plugin v18.5.1 - https:\/\/yoast.com\/wordpress\/plugins\/seo\/ -->\n<title>Necesitats educatives especials - Queen\u2019s College<\/title>\n<meta name=\"robots\" content=\"index, follow, max-snippet:-1, max-image-preview:large, max-video-preview:-1\" \/>\n<link rel=\"canonical\" href=\"https:\/\/www.queenscollege.es\/ca\/descobreix-nos\/informacio-i-serveis\/necesitats-educatives-especials\/\" \/>\n<meta property=\"og:locale\" content=\"ca_ES\" \/>\n<meta property=\"og:type\" content=\"article\" \/>\n<meta property=\"og:title\" content=\"Necesitats educatives especials - Queen\u2019s College\" \/>\n<meta property=\"og:description\" content=\"El col\u00b7legi reconeix la personalitat \u00fanica de tots els seus alumnes i intenta satisfer les necessitats educatives de tots ells. Sempre que un alumne requereixi necessitats educatives especials, es fan tots els esfor\u00e7os per a satisfer-les dintre dels l\u00edmits de &hellip; Llegir m\u00e9s\" \/>\n<meta property=\"og:url\" content=\"https:\/\/www.queenscollege.es\/ca\/descobreix-nos\/informacio-i-serveis\/necesitats-educatives-especials\/\" \/>\n<meta property=\"og:site_name\" content=\"Queen\u2019s College\" \/>\n<meta name=\"twitter:label1\" content=\"Temps estimat de lectura\" \/>\n\t<meta name=\"twitter:data1\" content=\"1 minut\" \/>\n<script type=\"application\/ld+json\" class=\"yoast-schema-graph\">{\"@context\":\"https:\/\/schema.org\",\"@graph\":[{\"@type\":\"WebSite\",\"@id\":\"https:\/\/www.queenscollege.es\/en\/#website\",\"url\":\"https:\/\/www.queenscollege.es\/en\/\",\"name\":\"Queen\u2019s College\",\"description\":\"Queen&#039;s College web\",\"potentialAction\":[{\"@type\":\"SearchAction\",\"target\":{\"@type\":\"EntryPoint\",\"urlTemplate\":\"https:\/\/www.queenscollege.es\/en\/?s={search_term_string}\"},\"query-input\":\"required name=search_term_string\"}],\"inLanguage\":\"ca\"},{\"@type\":\"WebPage\",\"@id\":\"https:\/\/www.queenscollege.es\/ca\/descobreix-nos\/informacio-i-serveis\/necesitats-educatives-especials\/#webpage\",\"url\":\"https:\/\/www.queenscollege.es\/ca\/descobreix-nos\/informacio-i-serveis\/necesitats-educatives-especials\/\",\"name\":\"Necesitats educatives especials - Queen\u2019s College\",\"isPartOf\":{\"@id\":\"https:\/\/www.queenscollege.es\/en\/#website\"},\"datePublished\":\"2014-03-26T16:06:49+00:00\",\"dateModified\":\"2014-03-26T16:06:49+00:00\",\"breadcrumb\":{\"@id\":\"https:\/\/www.queenscollege.es\/ca\/descobreix-nos\/informacio-i-serveis\/necesitats-educatives-especials\/#breadcrumb\"},\"inLanguage\":\"ca\",\"potentialAction\":[{\"@type\":\"ReadAction\",\"target\":[\"https:\/\/www.queenscollege.es\/ca\/descobreix-nos\/informacio-i-serveis\/necesitats-educatives-especials\/\"]}]},{\"@type\":\"BreadcrumbList\",\"@id\":\"https:\/\/www.queenscollege.es\/ca\/descobreix-nos\/informacio-i-serveis\/necesitats-educatives-especials\/#breadcrumb\",\"itemListElement\":[{\"@type\":\"ListItem\",\"position\":1,\"name\":\"Portada\",\"item\":\"https:\/\/www.queenscollege.es\/\"},{\"@type\":\"ListItem\",\"position\":2,\"name\":\"Descobreix-nos\",\"item\":\"https:\/\/www.queenscollege.es\/ca\/descobreix-nos\/\"},{\"@type\":\"ListItem\",\"position\":3,\"name\":\"Serveis Adicionals\",\"item\":\"https:\/\/www.queenscollege.es\/ca\/descobreix-nos\/informacio-i-serveis\/\"},{\"@type\":\"ListItem\",\"position\":4,\"name\":\"Necesitats educatives especials\"}]}]}<\/script>\n<!-- \/ Yoast SEO plugin. -->","yoast_head_json":{"title":"Necesitats educatives especials - Queen\u2019s College","robots":{"index":"index","follow":"follow","max-snippet":"max-snippet:-1","max-image-preview":"max-image-preview:large","max-video-preview":"max-video-preview:-1"},"canonical":"https:\/\/www.queenscollege.es\/ca\/descobreix-nos\/informacio-i-serveis\/necesitats-educatives-especials\/","og_locale":"ca_ES","og_type":"article","og_title":"Necesitats educatives especials - Queen\u2019s College","og_description":"El col\u00b7legi reconeix la personalitat \u00fanica de tots els seus alumnes i intenta satisfer les necessitats educatives de tots ells. Sempre que un alumne requereixi necessitats educatives especials, es fan tots els esfor\u00e7os per a satisfer-les dintre dels l\u00edmits de &hellip; Llegir m\u00e9s","og_url":"https:\/\/www.queenscollege.es\/ca\/descobreix-nos\/informacio-i-serveis\/necesitats-educatives-especials\/","og_site_name":"Queen\u2019s College","twitter_misc":{"Temps estimat de lectura":"1 minut"},"schema":{"@context":"https:\/\/schema.org","@graph":[{"@type":"WebSite","@id":"https:\/\/www.queenscollege.es\/en\/#website","url":"https:\/\/www.queenscollege.es\/en\/","name":"Queen\u2019s College","description":"Queen&#039;s College web","potentialAction":[{"@type":"SearchAction","target":{"@type":"EntryPoint","urlTemplate":"https:\/\/www.queenscollege.es\/en\/?s={search_term_string}"},"query-input":"required name=search_term_string"}],"inLanguage":"ca"},{"@type":"WebPage","@id":"https:\/\/www.queenscollege.es\/ca\/descobreix-nos\/informacio-i-serveis\/necesitats-educatives-especials\/#webpage","url":"https:\/\/www.queenscollege.es\/ca\/descobreix-nos\/informacio-i-serveis\/necesitats-educatives-especials\/","name":"Necesitats educatives especials - Queen\u2019s College","isPartOf":{"@id":"https:\/\/www.queenscollege.es\/en\/#website"},"datePublished":"2014-03-26T16:06:49+00:00","dateModified":"2014-03-26T16:06:49+00:00","breadcrumb":{"@id":"https:\/\/www.queenscollege.es\/ca\/descobreix-nos\/informacio-i-serveis\/necesitats-educatives-especials\/#breadcrumb"},"inLanguage":"ca","potentialAction":[{"@type":"ReadAction","target":["https:\/\/www.queenscollege.es\/ca\/descobreix-nos\/informacio-i-serveis\/necesitats-educatives-especials\/"]}]},{"@type":"BreadcrumbList","@id":"https:\/\/www.queenscollege.es\/ca\/descobreix-nos\/informacio-i-serveis\/necesitats-educatives-especials\/#breadcrumb","itemListElement":[{"@type":"ListItem","position":1,"name":"Portada","item":"https:\/\/www.queenscollege.es\/"},{"@type":"ListItem","position":2,"name":"Descobreix-nos","item":"https:\/\/www.queenscollege.es\/ca\/descobreix-nos\/"},{"@type":"ListItem","position":3,"name":"Serveis Adicionals","item":"https:\/\/www.queenscollege.es\/ca\/descobreix-nos\/informacio-i-serveis\/"},{"@type":"ListItem","position":4,"name":"Necesitats educatives especials"}]}]}},"_links":{"self":[{"href":"https:\/\/www.queenscollege.es\/ca\/wp-json\/wp\/v2\/pages\/397"}],"collection":[{"href":"https:\/\/www.queenscollege.es\/ca\/wp-json\/wp\/v2\/pages"}],"about":[{"href":"https:\/\/www.queenscollege.es\/ca\/wp-json\/wp\/v2\/types\/page"}],"author":[{"embeddable":true,"href":"https:\/\/www.queenscollege.es\/ca\/wp-json\/wp\/v2\/users\/10"}],"replies":[{"embeddable":true,"href":"https:\/\/www.queenscollege.es\/ca\/wp-json\/wp\/v2\/comments?post=397"}],"version-history":[{"count":1,"href":"https:\/\/www.queenscollege.es\/ca\/wp-json\/wp\/v2\/pages\/397\/revisions"}],"predecessor-version":[{"id":398,"href":"https:\/\/www.queenscollege.es\/ca\/wp-json\/wp\/v2\/pages\/397\/revisions\/398"}],"up":[{"embeddable":true,"href":"https:\/\/www.queenscollege.es\/ca\/wp-json\/wp\/v2\/pages\/656"}],"wp:attachment":[{"href":"https:\/\/www.queenscollege.es\/ca\/wp-json\/wp\/v2\/media?parent=397"}],"curies":[{"name":"wp","href":"https:\/\/api.w.org\/{rel}","templated":true}]}}