{"id":392,"date":"2014-03-12T15:27:31","date_gmt":"2014-03-12T14:27:31","guid":{"rendered":"http:\/\/www.test.queenscollege.es\/?page_id=392"},"modified":"2026-03-17T18:24:49","modified_gmt":"2026-03-17T17:24:49","slug":"tarifes","status":"publish","type":"page","link":"https:\/\/www.queenscollege.es\/ca\/descobreix-nos\/admissio\/tarifes\/","title":{"rendered":"Tarifes"},"content":{"rendered":"Les tarifes de l\u2019escola s\u00f3n p\u00fabliques.\n<h2>Tarifes escolars per l&#8217;any acad\u00e8mic 2025\/2026<\/h2>\n<h2 data-start=\"42\" data-end=\"62\"><strong data-start=\"42\" data-end=\"60\">Escolaritzaci\u00f3<\/strong><\/h2>\n<div class=\"overflow-x-auto contain-inline-size\">\n<table style=\"height: 377px;\" width=\"760\" data-start=\"64\" data-end=\"940\">\n<thead data-start=\"64\" data-end=\"152\">\n<tr data-start=\"64\" data-end=\"152\">\n<th data-start=\"64\" data-end=\"83\"><strong data-start=\"66\" data-end=\"82\">Curs Escolar<\/strong><\/th>\n<th style=\"text-align: center;\" data-start=\"83\" data-end=\"106\"><strong data-start=\"85\" data-end=\"105\">Pagament Avan\u00e7at<\/strong><\/th>\n<th style=\"text-align: center;\" data-start=\"106\" data-end=\"118\"><strong data-start=\"108\" data-end=\"117\">Anual<\/strong><\/th>\n<th style=\"text-align: center;\" data-start=\"118\" data-end=\"135\"><strong data-start=\"120\" data-end=\"134\">Trimestral<\/strong><\/th>\n<th style=\"text-align: center;\" data-start=\"135\" data-end=\"152\"><strong data-start=\"137\" data-end=\"148\">Mensual<\/strong><\/th>\n<\/tr>\n<\/thead>\n<tbody data-start=\"228\" data-end=\"940\">\n<tr data-start=\"228\" data-end=\"280\">\n<td>Nursery<\/td>\n<td style=\"text-align: right;\">7.350 \u20ac<\/td>\n<td style=\"text-align: right;\">7.607 \u20ac<\/td>\n<td style=\"text-align: right;\">2.606 \u20ac<\/td>\n<td style=\"text-align: right;\">820 \u20ac<\/td>\n<\/tr>\n<tr data-start=\"281\" data-end=\"335\">\n<td>Reception<\/td>\n<td style=\"text-align: right;\">7.900 \u20ac<\/td>\n<td style=\"text-align: right;\">8.177 \u20ac<\/td>\n<td style=\"text-align: right;\">2.801 \u20ac<\/td>\n<td style=\"text-align: right;\">882 \u20ac<\/td>\n<\/tr>\n<tr data-start=\"336\" data-end=\"386\">\n<td>Year 1<\/td>\n<td style=\"text-align: right;\">8.500 \u20ac<\/td>\n<td style=\"text-align: right;\">8.798 \u20ac<\/td>\n<td style=\"text-align: right;\">3.014 \u20ac<\/td>\n<td style=\"text-align: right;\">950 \u20ac<\/td>\n<\/tr>\n<tr data-start=\"387\" data-end=\"437\">\n<td>Year 2<\/td>\n<td style=\"text-align: right;\">8.750 \u20ac<\/td>\n<td style=\"text-align: right;\">9.056 \u20ac<\/td>\n<td style=\"text-align: right;\">3.103 \u20ac<\/td>\n<td style=\"text-align: right;\">978 \u20ac<\/td>\n<\/tr>\n<tr data-start=\"438\" data-end=\"490\">\n<td>Year 3<\/td>\n<td style=\"text-align: right;\">9.000 \u20ac<\/td>\n<td style=\"text-align: right;\">9.315 \u20ac<\/td>\n<td style=\"text-align: right;\">3.191 \u20ac<\/td>\n<td style=\"text-align: right;\">1.005 \u20ac<\/td>\n<\/tr>\n<tr data-start=\"491\" data-end=\"543\">\n<td>Year 4<\/td>\n<td style=\"text-align: right;\">9.500 \u20ac<\/td>\n<td style=\"text-align: right;\">9.833 \u20ac<\/td>\n<td style=\"text-align: right;\">3.369 \u20ac<\/td>\n<td style=\"text-align: right;\">1.060 \u20ac<\/td>\n<\/tr>\n<tr data-start=\"544\" data-end=\"597\">\n<td>Year 5<\/td>\n<td style=\"text-align: right;\">9.975 \u20ac<\/td>\n<td style=\"text-align: right;\">10.324 \u20ac<\/td>\n<td style=\"text-align: right;\">3.537 \u20ac<\/td>\n<td style=\"text-align: right;\">1.115 \u20ac<\/td>\n<\/tr>\n<tr data-start=\"598\" data-end=\"652\">\n<td>Year 6<\/td>\n<td style=\"text-align: right;\">10.500 \u20ac<\/td>\n<td style=\"text-align: right;\">10.868 \u20ac<\/td>\n<td style=\"text-align: right;\">3.723 \u20ac<\/td>\n<td style=\"text-align: right;\">1.172 \u20ac<\/td>\n<\/tr>\n<tr data-start=\"653\" data-end=\"707\">\n<td>Year 7<\/td>\n<td style=\"text-align: right;\">11.100 \u20ac<\/td>\n<td style=\"text-align: right;\">11.489 \u20ac<\/td>\n<td style=\"text-align: right;\">3.936 \u20ac<\/td>\n<td style=\"text-align: right;\">1.240 \u20ac<\/td>\n<\/tr>\n<tr data-start=\"708\" data-end=\"762\">\n<td>Year 8<\/td>\n<td style=\"text-align: right;\">11.720 \u20ac<\/td>\n<td style=\"text-align: right;\">12.130 \u20ac<\/td>\n<td style=\"text-align: right;\">4.156 \u20ac<\/td>\n<td style=\"text-align: right;\">1.310 \u20ac<\/td>\n<\/tr>\n<tr data-start=\"763\" data-end=\"817\">\n<td>Year 9<\/td>\n<td style=\"text-align: right;\">11.990 \u20ac<\/td>\n<td style=\"text-align: right;\">12.410 \u20ac<\/td>\n<td style=\"text-align: right;\">4.252 \u20ac<\/td>\n<td style=\"text-align: right;\">1.340 \u20ac<\/td>\n<\/tr>\n<tr data-start=\"818\" data-end=\"878\">\n<td>Year 10 &#8211; 11<\/td>\n<td style=\"text-align: right;\">12.500 \u20ac<\/td>\n<td style=\"text-align: right;\">12.938 \u20ac<\/td>\n<td style=\"text-align: right;\">4.433 \u20ac<\/td>\n<td style=\"text-align: right;\">1.395 \u20ac<\/td>\n<\/tr>\n<tr data-start=\"879\" data-end=\"940\">\n<td style=\"text-align: left;\">Year 12 &#8211; 13*<\/td>\n<td style=\"text-align: right;\">12.590 \u20ac<\/td>\n<td style=\"text-align: right;\">13.031 \u20ac<\/td>\n<td style=\"text-align: right;\">4.465 \u20ac<\/td>\n<td style=\"text-align: right;\">1.405 \u20ac<\/td>\n<\/tr>\n<\/tbody>\n<\/table>\n<\/div>\n<p data-start=\"942\" data-end=\"1051\">* En el cas de Year 12 i Year 13, el material escolar no est\u00e0 incl\u00f2s en les quotes indicades anteriorment.<\/p>\n\n<h2 data-start=\"1058\" data-end=\"1110\"><strong data-start=\"1062\" data-end=\"1108\">Despeses de Matriculaci\u00f3 i Dip\u00f2sit Inicial<\/strong><\/h2>\n<ul data-start=\"1112\" data-end=\"1184\">\n \t<li data-start=\"1112\" data-end=\"1159\"><strong data-start=\"1114\" data-end=\"1128\">MATR\u00cdCULA:<\/strong> 500 \u20ac (Y1-Y13) \/ 800 \u20ac (N-R)<\/li>\n \t<li data-start=\"1160\" data-end=\"1184\"><strong data-start=\"1162\" data-end=\"1174\">DIP\u00d2SIT:<\/strong> 1.200 \u20ac<\/li>\n<\/ul>\n<h2 data-start=\"1191\" data-end=\"1215\"><strong data-start=\"1195\" data-end=\"1213\">Altres Serveis<\/strong><\/h2>\n<h3 data-start=\"1217\" data-end=\"1232\"><strong data-start=\"1217\" data-end=\"1230\">Menjador:<\/strong><\/h3>\n<ul data-start=\"1234\" data-end=\"1360\">\n \t<li data-start=\"1234\" data-end=\"1260\"><strong data-start=\"1236\" data-end=\"1245\">N-Y2:<\/strong> 150 \u20ac al mes<\/li>\n \t<li data-start=\"1261\" data-end=\"1360\"><strong data-start=\"1263\" data-end=\"1274\">Y3-Y13:<\/strong>\n<ul data-start=\"1279\" data-end=\"1360\">\n \t<li data-start=\"1279\" data-end=\"1301\">155 \u20ac per 10 mesos<\/li>\n \t<li data-start=\"1304\" data-end=\"1330\">10 \u20ac per dia espor\u00e0dic<\/li>\n \t<li data-start=\"1333\" data-end=\"1360\">190 \u20ac per mes espor\u00e0dic<\/li>\n<\/ul>\n<\/li>\n<\/ul>\n<h3 data-start=\"1362\" data-end=\"1399\"><strong data-start=\"1362\" data-end=\"1397\">Servei de dinar (Packed Lunch):<\/strong><\/h3>\n<ul data-start=\"1401\" data-end=\"1428\">\n \t<li data-start=\"1401\" data-end=\"1428\"><strong data-start=\"1403\" data-end=\"1414\">Y3-Y13:<\/strong> 35 \u20ac al mes<\/li>\n<\/ul>\n<h2 data-start=\"1435\" data-end=\"1454\"><strong data-start=\"1439\" data-end=\"1452\">Normativa<\/strong><\/h2>\n<ul>\n \t<li data-start=\"0\" data-end=\"108\">\n<p data-start=\"2\" data-end=\"108\">Existeix l&#8217;obligaci\u00f3 d&#8217;emplenar cada any la fulla de Reinscripci\u00f3 durant el segon trimestre de cada any.<\/p>\n<\/li>\n \t<li data-start=\"110\" data-end=\"496\">\n<p data-start=\"112\" data-end=\"496\">Cada tarifa implica uns terminis de pagament. Si s\u2019incompleixen, es modificar\u00e0 autom\u00e0ticament la tarifa de tot l\u2019any amb efecte retroactiu. Aix\u00f2 implica que, si l\u2019alumne no completa el curs sencer, l\u2019\u00fanica tarifa aplicable per als mesos en qu\u00e8 ha assistit al col\u00b7legi \u00e9s la mensual. El canvi de tarifa a meitat de curs tamb\u00e9 comporta l\u2019actualitzaci\u00f3 de les tarifes del curs complet.<\/p>\n<\/li>\n \t<li data-start=\"498\" data-end=\"696\">\n<p data-start=\"500\" data-end=\"696\">Les quotes mensuals es cobraran abans del dia 25 del mes anterior al seu venciment, excepte el setembre, que es podr\u00e0 pagar abans del dia 5 d\u2019aquest mes. Es cobraran un total de 10 mensualitats.<\/p>\n<\/li>\n \t<li data-start=\"698\" data-end=\"1021\">\n<p data-start=\"700\" data-end=\"908\">Les quotes trimestrals es cobraran en les dates indicades m\u00e9s avall. Si no s\u2019abonen en un termini de 10 dies despr\u00e9s de les dates d\u2019emissi\u00f3, es convertiran autom\u00e0ticament en rebuts mensuals per a tot l\u2019any.<\/p>\n\n<ul data-start=\"912\" data-end=\"1021\">\n \t<li data-start=\"912\" data-end=\"947\"><strong data-start=\"914\" data-end=\"931\" data-is-only-node=\"\">1r TRIMESTRE:<\/strong> 4 de setembre<\/li>\n \t<li data-start=\"950\" data-end=\"986\"><strong data-start=\"952\" data-end=\"969\" data-is-only-node=\"\">2n TRIMESTRE:<\/strong> 15 de desembre<\/li>\n \t<li data-start=\"989\" data-end=\"1021\"><strong data-start=\"991\" data-end=\"1008\" data-is-only-node=\"\">3r TRIMESTRE:<\/strong> 15 de mar\u00e7<\/li>\n<\/ul>\n<\/li>\n \t<li data-start=\"1023\" data-end=\"1189\">\n<p data-start=\"1025\" data-end=\"1189\">La quota anual es cobrar\u00e0 l\u20191 de setembre. Si no s\u2019abona en un termini de 10 dies a partir d\u2019aquesta data, es convertiran tots els rebuts de l\u2019any en trimestrals.<\/p>\n<\/li>\n \t<li data-start=\"1191\" data-end=\"1269\">\n<p data-start=\"1193\" data-end=\"1269\">La quota de la Tarifa Anual Anticipada es facturar\u00e0 el 20 de juny de 2025.<\/p>\n<\/li>\n \t<li data-start=\"1271\" data-end=\"1527\">\n<p data-start=\"1273\" data-end=\"1527\">Les devolucions banc\u00e0ries tindran un rec\u00e0rrec. L\u2019import d\u2019aquest rec\u00e0rrec inclour\u00e0 les despeses de devoluci\u00f3 que el banc ens cobri m\u00e9s 30 \u20ac en concepte de gesti\u00f3 administrativa, i hauran de ser abonades immediatament en el moment de la seva reclamaci\u00f3.<\/p>\n<\/li>\n \t<li data-start=\"1529\" data-end=\"1667\" data-is-last-node=\"\">\n<p data-start=\"1531\" data-end=\"1667\" data-is-last-node=\"\">Les quotes s\u2019han de pagar per <strong data-start=\"1561\" data-end=\"1586\">DOMICILIACI\u00d3 BANC\u00c0RIA<\/strong>, i els rebuts seran emesos a nom de la societat <strong data-start=\"1635\" data-end=\"1667\" data-is-last-node=\"\">BONANOVA ENGLISH SCHOOL S.L.<\/strong><\/p>\n\n\n<hr \/>\n\n<\/li>\n<\/ul>\n<h2>Tarifes escolars per l&#8217;any acad\u00e8mic 2026\/2027<\/h2>\n<table width=\"0\">\n<tbody>\n<tr>\n<td width=\"135\">\n<h3 style=\"text-align: center;\"><strong>Escolaritat<\/strong><\/h3>\n<\/td>\n<td style=\"text-align: center;\" width=\"152\">\n<h3><strong>Anual avan\u00e7at<\/strong><\/h3>\n<\/td>\n<td style=\"text-align: center;\" width=\"97\">\n<h3><strong>Anual<\/strong><\/h3>\n<\/td>\n<td style=\"text-align: center;\" width=\"106\">\n<h3><strong>Trimestral<\/strong><\/h3>\n<\/td>\n<td width=\"90\">\n<h3 style=\"text-align: center;\"><strong>Mensual<\/strong><\/h3>\n<\/td>\n<\/tr>\n<tr>\n<td width=\"135\">Nursery<\/td>\n<td width=\"152\">7.600 \u20ac<\/td>\n<td width=\"97\">7.881 \u20ac<\/td>\n<td width=\"106\">2.695 \u20ac<\/td>\n<td width=\"90\">845 \u20ac<\/td>\n<\/tr>\n<tr>\n<td width=\"135\">Reception<\/td>\n<td width=\"152\">8.300 \u20ac<\/td>\n<td width=\"97\">8.607 \u20ac<\/td>\n<td width=\"106\">2.943 \u20ac<\/td>\n<td width=\"90\">925 \u20ac<\/td>\n<\/tr>\n<tr>\n<td width=\"135\">Year 1<\/td>\n<td width=\"152\">9.000 \u20ac<\/td>\n<td width=\"97\">9.333 \u20ac<\/td>\n<td width=\"106\">3.191 \u20ac<\/td>\n<td width=\"90\">1.005 \u20ac<\/td>\n<\/tr>\n<tr>\n<td width=\"135\">Year 2<\/td>\n<td width=\"152\">9.300 \u20ac<\/td>\n<td width=\"97\">9.644 \u20ac<\/td>\n<td width=\"106\">3.298 \u20ac<\/td>\n<td width=\"90\">1.040 \u20ac<\/td>\n<\/tr>\n<tr>\n<td width=\"135\">Year 3<\/td>\n<td width=\"152\">9.600 \u20ac<\/td>\n<td width=\"97\">9.955 \u20ac<\/td>\n<td width=\"106\">3.404 \u20ac<\/td>\n<td width=\"90\">1.070 \u20ac<\/td>\n<\/tr>\n<tr>\n<td width=\"135\">Year 4<\/td>\n<td width=\"152\">10.000 \u20ac<\/td>\n<td width=\"97\">10.370 \u20ac<\/td>\n<td width=\"106\">3.546 \u20ac<\/td>\n<td width=\"90\">1.115 \u20ac<\/td>\n<\/tr>\n<tr>\n<td width=\"135\">Year 5<\/td>\n<td width=\"152\">10.400 \u20ac<\/td>\n<td width=\"97\">10.785 \u20ac<\/td>\n<td width=\"106\">3.688 \u20ac<\/td>\n<td width=\"90\">1.160 \u20ac<\/td>\n<\/tr>\n<tr>\n<td width=\"135\">Year 6<\/td>\n<td width=\"152\">10.800 \u20ac<\/td>\n<td width=\"97\">11.200 \u20ac<\/td>\n<td width=\"106\">3.830 \u20ac<\/td>\n<td width=\"90\">1.205 \u20ac<\/td>\n<\/tr>\n<tr>\n<td width=\"135\">Year 7<\/td>\n<td width=\"152\">11.650 \u20ac<\/td>\n<td width=\"97\">12.081 \u20ac<\/td>\n<td width=\"106\">4.131 \u20ac<\/td>\n<td width=\"90\">1.300 \u20ac<\/td>\n<\/tr>\n<tr>\n<td width=\"135\">Year 8<\/td>\n<td width=\"152\">12.300 \u20ac<\/td>\n<td width=\"97\">12.755 \u20ac<\/td>\n<td width=\"106\">4.362 \u20ac<\/td>\n<td width=\"90\">1.375 \u20ac<\/td>\n<\/tr>\n<tr>\n<td width=\"135\">Year 9<\/td>\n<td width=\"152\">12.500 \u20ac<\/td>\n<td width=\"97\">12.963 \u20ac<\/td>\n<td width=\"106\">4.433 \u20ac<\/td>\n<td width=\"90\">1.397 \u20ac<\/td>\n<\/tr>\n<tr>\n<td width=\"135\">Year 10 &#8211; 11<\/td>\n<td width=\"152\">13.250 \u20ac<\/td>\n<td width=\"97\">13.740 \u20ac<\/td>\n<td width=\"106\">4.699 \u20ac<\/td>\n<td width=\"90\">1.480 \u20ac<\/td>\n<\/tr>\n<tr>\n<td width=\"135\">Year 12 &#8211; 13*<\/td>\n<td width=\"152\">13.150 \u20ac<\/td>\n<td width=\"97\">13.637 \u20ac<\/td>\n<td width=\"106\">4.663 \u20ac<\/td>\n<td width=\"90\">1.470 \u20ac<\/td>\n<\/tr>\n<\/tbody>\n<\/table>\n<h4><strong style=\"font-size: revert; color: initial;\">\n*<\/strong><span style=\"font-size: revert; color: initial;\"> En el cas de Y12 i Y13, el material escolar no est\u00e0 incl\u00f2s en les quotes esmentades anteriorment.<\/span><\/h4>\n<h3><strong>Despeses de Matriculaci\u00f3 i\u00a0 Dip\u00f2sit:<\/strong><\/h3>\nINSCRIPCI\u00d3: 500 \u20ac (Y1-Y13) \/ 800 \u20ac (N-R) (nom\u00e9s per a la primera inscripci\u00f3)\n\nDIP\u00d2SIT: 1.200 \u20ac\n<h3><strong>Altres Serveis:<\/strong><\/h3>\n<strong>Servei de Menjador:<\/strong>\n<ul>\n \t<li><strong>N-Y2: <\/strong>\n<ul>\n \t<li>160 \u20ac\/mes<\/li>\n<\/ul>\n<\/li>\n \t<li><strong>Y3-Y13:\u00a0 <\/strong>\n<ul>\n \t<li>165 \u20ac\/10 mesos<\/li>\n \t<li>200 \u20ac\/1 mes<\/li>\n \t<li>10 \u20ac\/1 dia<\/li>\n<\/ul>\n<\/li>\n<\/ul>\n<strong>Servei de &#8220;Dinar Embolicat&#8221;:<\/strong>\n<ul>\n \t<li style=\"list-style-type: none;\">\n<ul>\n \t<li>35 \u20ac\/mes<\/li>\n<\/ul>\n<\/li>\n<\/ul>\n<h2><strong>Normativa curs 2026\/2027<\/strong><\/h2>\n<ul>\n \t<li>Els pares estaran obligats a completar un formulari de reinscripci\u00f3 durant el segon trimestre de cada any acad\u00e8mic.<\/li>\n \t<li>Si els terminis de pagament no es compleixen, les tarifes anuals avan\u00e7ades, anuals o trimestrals canviaran autom\u00e0ticament a la tarifa mensual, i aix\u00f2 ser\u00e0 retroactiu si l&#8217;alumne no completa el curs sencer.<\/li>\n \t<li>Les quotes mensuals s&#8217;han de pagar abans del dia 25 del mes anterior al seu venciment. L&#8217;\u00fanica excepci\u00f3 \u00e9s el mes de setembre, quan el pagament s&#8217;ha de fer el 5 de setembre. Es cobraran un total de 10 mensualitats.<\/li>\n \t<li>Les quotes trimestrals es facturaran en les dates indicades a continuaci\u00f3. Si no es paguen en un termini de 10 dies des de les dates d&#8217;emissi\u00f3, es convertiran en el sistema de quotes mensuals.\n<ul>\n \t<li>1r TRIMESTRE: 4 de setembre<\/li>\n \t<li>2n TRIMESTRE: 15 de desembre<\/li>\n \t<li>3r TRIMESTRE: 15 de mar\u00e7<\/li>\n<\/ul>\n<\/li>\n \t<li>Les quotes anuals s&#8217;han de pagar el dia 1 de setembre. Si no es paguen en un termini de 10 dies des de les dates d&#8217;emissi\u00f3, es convertiran en el sistema de quotes trimestrals.<\/li>\n \t<li>La quota anual avan\u00e7ada s&#8217;ha de pagar el dia 20 de juny de 2026.<\/li>\n \t<li>Les devolucions banc\u00e0ries incurren en un rec\u00e0rrec (tarifa de cancel\u00b7laci\u00f3 banc\u00e0ria m\u00e9s 30\u20ac de despeses administratives), les quals s&#8217;han de pagar al mateix temps que les quotes escolars pendents.<\/li>\n \t<li>TOTES LES QUOTES S&#8217;HAN DE PAGAR PER DOMICILIACI\u00d3 BANC\u00c0RIA i les factures s&#8217;emetr\u00e0n a nom de BONANOVA ENGLISH SCHOOL S.L.<\/li>\n<\/ul>","protected":false},"excerpt":{"rendered":"Les tarifes de l\u2019escola s\u00f3n p\u00fabliques. Tarifes escolars per l&#8217;any acad\u00e8mic 2025\/2026 Escolaritzaci\u00f3 Curs Escolar Pagament Avan\u00e7at Anual Trimestral Mensual Nursery 7.350 \u20ac 7.607 \u20ac 2.606 \u20ac 820 \u20ac Reception 7.900 \u20ac 8.177 \u20ac 2.801 \u20ac 882 \u20ac Year 1 &hellip; <a href=\"https:\/\/www.queenscollege.es\/ca\/descobreix-nos\/admissio\/tarifes\/\">Llegir m\u00e9s<\/a>","protected":false},"author":10,"featured_media":0,"parent":871,"menu_order":2,"comment_status":"open","ping_status":"open","template":"","meta":[],"yoast_head":"<!-- This site is optimized with the Yoast SEO plugin v18.5.1 - https:\/\/yoast.com\/wordpress\/plugins\/seo\/ -->\n<title>Tarifes - Queen\u2019s College<\/title>\n<meta name=\"robots\" content=\"index, follow, max-snippet:-1, max-image-preview:large, max-video-preview:-1\" \/>\n<link rel=\"canonical\" href=\"https:\/\/www.queenscollege.es\/ca\/descobreix-nos\/admissio\/tarifes\/\" \/>\n<meta property=\"og:locale\" content=\"ca_ES\" \/>\n<meta property=\"og:type\" content=\"article\" \/>\n<meta property=\"og:title\" content=\"Tarifes - Queen\u2019s College\" \/>\n<meta property=\"og:description\" content=\"Les tarifes de l\u2019escola s\u00f3n p\u00fabliques. Tarifes escolars per l&#8217;any acad\u00e8mic 2025\/2026 Escolaritzaci\u00f3 Curs Escolar Pagament Avan\u00e7at Anual Trimestral Mensual Nursery 7.350 \u20ac 7.607 \u20ac 2.606 \u20ac 820 \u20ac Reception 7.900 \u20ac 8.177 \u20ac 2.801 \u20ac 882 \u20ac Year 1 &hellip; Llegir m\u00e9s\" \/>\n<meta property=\"og:url\" content=\"https:\/\/www.queenscollege.es\/ca\/descobreix-nos\/admissio\/tarifes\/\" \/>\n<meta property=\"og:site_name\" content=\"Queen\u2019s College\" \/>\n<meta property=\"article:modified_time\" content=\"2026-03-17T17:24:49+00:00\" \/>\n<meta name=\"twitter:label1\" content=\"Temps estimat de lectura\" \/>\n\t<meta name=\"twitter:data1\" content=\"5 minuts\" \/>\n<script type=\"application\/ld+json\" class=\"yoast-schema-graph\">{\"@context\":\"https:\/\/schema.org\",\"@graph\":[{\"@type\":\"WebSite\",\"@id\":\"https:\/\/www.queenscollege.es\/en\/#website\",\"url\":\"https:\/\/www.queenscollege.es\/en\/\",\"name\":\"Queen\u2019s College\",\"description\":\"Queen&#039;s College web\",\"potentialAction\":[{\"@type\":\"SearchAction\",\"target\":{\"@type\":\"EntryPoint\",\"urlTemplate\":\"https:\/\/www.queenscollege.es\/en\/?s={search_term_string}\"},\"query-input\":\"required name=search_term_string\"}],\"inLanguage\":\"ca\"},{\"@type\":\"WebPage\",\"@id\":\"https:\/\/www.queenscollege.es\/ca\/descobreix-nos\/admissio\/tarifes\/#webpage\",\"url\":\"https:\/\/www.queenscollege.es\/ca\/descobreix-nos\/admissio\/tarifes\/\",\"name\":\"Tarifes - Queen\u2019s College\",\"isPartOf\":{\"@id\":\"https:\/\/www.queenscollege.es\/en\/#website\"},\"datePublished\":\"2014-03-12T14:27:31+00:00\",\"dateModified\":\"2026-03-17T17:24:49+00:00\",\"breadcrumb\":{\"@id\":\"https:\/\/www.queenscollege.es\/ca\/descobreix-nos\/admissio\/tarifes\/#breadcrumb\"},\"inLanguage\":\"ca\",\"potentialAction\":[{\"@type\":\"ReadAction\",\"target\":[\"https:\/\/www.queenscollege.es\/ca\/descobreix-nos\/admissio\/tarifes\/\"]}]},{\"@type\":\"BreadcrumbList\",\"@id\":\"https:\/\/www.queenscollege.es\/ca\/descobreix-nos\/admissio\/tarifes\/#breadcrumb\",\"itemListElement\":[{\"@type\":\"ListItem\",\"position\":1,\"name\":\"Portada\",\"item\":\"https:\/\/www.queenscollege.es\/\"},{\"@type\":\"ListItem\",\"position\":2,\"name\":\"Descobreix-nos\",\"item\":\"https:\/\/www.queenscollege.es\/ca\/descobreix-nos\/\"},{\"@type\":\"ListItem\",\"position\":3,\"name\":\"Admissi\u00f3\",\"item\":\"https:\/\/www.queenscollege.es\/ca\/descobreix-nos\/admissio\/\"},{\"@type\":\"ListItem\",\"position\":4,\"name\":\"Tarifes\"}]}]}<\/script>\n<!-- \/ Yoast SEO plugin. -->","yoast_head_json":{"title":"Tarifes - Queen\u2019s College","robots":{"index":"index","follow":"follow","max-snippet":"max-snippet:-1","max-image-preview":"max-image-preview:large","max-video-preview":"max-video-preview:-1"},"canonical":"https:\/\/www.queenscollege.es\/ca\/descobreix-nos\/admissio\/tarifes\/","og_locale":"ca_ES","og_type":"article","og_title":"Tarifes - Queen\u2019s College","og_description":"Les tarifes de l\u2019escola s\u00f3n p\u00fabliques. Tarifes escolars per l&#8217;any acad\u00e8mic 2025\/2026 Escolaritzaci\u00f3 Curs Escolar Pagament Avan\u00e7at Anual Trimestral Mensual Nursery 7.350 \u20ac 7.607 \u20ac 2.606 \u20ac 820 \u20ac Reception 7.900 \u20ac 8.177 \u20ac 2.801 \u20ac 882 \u20ac Year 1 &hellip; Llegir m\u00e9s","og_url":"https:\/\/www.queenscollege.es\/ca\/descobreix-nos\/admissio\/tarifes\/","og_site_name":"Queen\u2019s College","article_modified_time":"2026-03-17T17:24:49+00:00","twitter_misc":{"Temps estimat de lectura":"5 minuts"},"schema":{"@context":"https:\/\/schema.org","@graph":[{"@type":"WebSite","@id":"https:\/\/www.queenscollege.es\/en\/#website","url":"https:\/\/www.queenscollege.es\/en\/","name":"Queen\u2019s College","description":"Queen&#039;s College web","potentialAction":[{"@type":"SearchAction","target":{"@type":"EntryPoint","urlTemplate":"https:\/\/www.queenscollege.es\/en\/?s={search_term_string}"},"query-input":"required name=search_term_string"}],"inLanguage":"ca"},{"@type":"WebPage","@id":"https:\/\/www.queenscollege.es\/ca\/descobreix-nos\/admissio\/tarifes\/#webpage","url":"https:\/\/www.queenscollege.es\/ca\/descobreix-nos\/admissio\/tarifes\/","name":"Tarifes - Queen\u2019s College","isPartOf":{"@id":"https:\/\/www.queenscollege.es\/en\/#website"},"datePublished":"2014-03-12T14:27:31+00:00","dateModified":"2026-03-17T17:24:49+00:00","breadcrumb":{"@id":"https:\/\/www.queenscollege.es\/ca\/descobreix-nos\/admissio\/tarifes\/#breadcrumb"},"inLanguage":"ca","potentialAction":[{"@type":"ReadAction","target":["https:\/\/www.queenscollege.es\/ca\/descobreix-nos\/admissio\/tarifes\/"]}]},{"@type":"BreadcrumbList","@id":"https:\/\/www.queenscollege.es\/ca\/descobreix-nos\/admissio\/tarifes\/#breadcrumb","itemListElement":[{"@type":"ListItem","position":1,"name":"Portada","item":"https:\/\/www.queenscollege.es\/"},{"@type":"ListItem","position":2,"name":"Descobreix-nos","item":"https:\/\/www.queenscollege.es\/ca\/descobreix-nos\/"},{"@type":"ListItem","position":3,"name":"Admissi\u00f3","item":"https:\/\/www.queenscollege.es\/ca\/descobreix-nos\/admissio\/"},{"@type":"ListItem","position":4,"name":"Tarifes"}]}]}},"_links":{"self":[{"href":"https:\/\/www.queenscollege.es\/ca\/wp-json\/wp\/v2\/pages\/392"}],"collection":[{"href":"https:\/\/www.queenscollege.es\/ca\/wp-json\/wp\/v2\/pages"}],"about":[{"href":"https:\/\/www.queenscollege.es\/ca\/wp-json\/wp\/v2\/types\/page"}],"author":[{"embeddable":true,"href":"https:\/\/www.queenscollege.es\/ca\/wp-json\/wp\/v2\/users\/10"}],"replies":[{"embeddable":true,"href":"https:\/\/www.queenscollege.es\/ca\/wp-json\/wp\/v2\/comments?post=392"}],"version-history":[{"count":62,"href":"https:\/\/www.queenscollege.es\/ca\/wp-json\/wp\/v2\/pages\/392\/revisions"}],"predecessor-version":[{"id":70649,"href":"https:\/\/www.queenscollege.es\/ca\/wp-json\/wp\/v2\/pages\/392\/revisions\/70649"}],"up":[{"embeddable":true,"href":"https:\/\/www.queenscollege.es\/ca\/wp-json\/wp\/v2\/pages\/871"}],"wp:attachment":[{"href":"https:\/\/www.queenscollege.es\/ca\/wp-json\/wp\/v2\/media?parent=392"}],"curies":[{"name":"wp","href":"https:\/\/api.w.org\/{rel}","templated":true}]}}