{"id":380,"date":"2014-03-12T15:27:06","date_gmt":"2014-03-12T14:27:06","guid":{"rendered":"http:\/\/www.test.queenscollege.es\/?page_id=380"},"modified":"2023-11-16T10:51:58","modified_gmt":"2023-11-16T09:51:58","slug":"admissio","status":"publish","type":"page","link":"https:\/\/www.queenscollege.es\/ca\/descobreix-nos\/admissio\/admissio\/","title":{"rendered":"Admissi\u00f3"},"content":{"rendered":"\n<p><div class=\"image-full-with-container\"><img src=\"https:\/\/www.queenscollege.es\/wp-content\/uploads\/2014\/03\/criterios.jpg\"><\/div> <div class=\"none\" style=\"margin-top:20px;\"><\/div><\/p>\n\n\n\n<p>La majoria dels alumnes del col\u00b7legi s\u00f3n de nacionalitat brit\u00e0nica o espanyola encara que tamb\u00e9 hi ha representaci\u00f3 de moltes altres nacionalitats.<\/p>\n\n\n\n<p>Excepte en Nursery, \u00e9s important que tots els alumnes sol\u00b7licitants de pla\u00e7a tinguin un bon domini de la llengua anglesa, tant oral com escrita, a un nivell apropiat per a la seva edat.<\/p>\n\n\n\n<p>En tots els nivells, l\u2019admissi\u00f3 en el col\u00b7legi es fa amb entrevista pr\u00e8via i avaluaci\u00f3. Els alumnes que procedeixen d\u2019altres col\u00b7legis han de facilitar c\u00f2pies de les seves qualificacions acad\u00e8miques m\u00e9s recents i, si se sol\u00b7licita, un informe de personalitat del Director del col\u00b7legi procedent.<\/p>\n\n\n\n<p>Formulari d\u2019admissi\u00f3&nbsp;<strong>[<a href=\"http:\/\/www.queenscollege.es\/wp-content\/uploads\/2020\/07\/FORMULARIO-DE-PLAZA_03.pdf\" target=\"_blank\" rel=\"noopener\">descarregar aqu\u00ed<\/a>]<\/strong><\/p>\n\n\n\n<p>Les entrevistes per Nursery tenen lloc al mes d&#8217;octubre de l\u2019any anterior a l\u2019ingr\u00e9s.<\/p>\n\n\n\n<p>La forma d\u2019avaluaci\u00f3 dep\u00e8n del nivell d\u2019ingr\u00e9s:<\/p>\n\n\n\n<ul><li>Departament de Prim\u00e0ria: els alumnes passen unes hores al mat\u00ed en la classe, permetent-los experimentar en directe una jornada lectiva en el Queen\u2019s, i donant a la mestra l\u2019oportunitat d\u2019avaluar la seva idone\u00eftat per a la pla\u00e7a.<\/li><li>Departament de Secund\u00e0ria: els alumnes fan unes proves d\u2019Angl\u00e8s i Matem\u00e0tiques, i d\u2019Espanyol si fos necessari.<\/li><li>Batxillerat (Years 12 i 13): l\u2019ingr\u00e9s en aquest nivell dep\u00e8n dels resultats de GCSE i de refer\u00e8ncies personals del col\u00b7legi anterior.<\/li><\/ul>\n","protected":false},"excerpt":{"rendered":"La majoria dels alumnes del col\u00b7legi s\u00f3n de nacionalitat brit\u00e0nica o espanyola encara que tamb\u00e9 hi ha representaci\u00f3 de moltes altres nacionalitats. Excepte en Nursery, \u00e9s important que tots els alumnes sol\u00b7licitants de pla\u00e7a tinguin un bon domini de la &hellip; <a href=\"https:\/\/www.queenscollege.es\/ca\/descobreix-nos\/admissio\/admissio\/\">Llegir m\u00e9s<\/a>","protected":false},"author":10,"featured_media":703,"parent":871,"menu_order":1,"comment_status":"open","ping_status":"open","template":"","meta":[],"yoast_head":"<!-- This site is optimized with the Yoast SEO plugin v18.5.1 - https:\/\/yoast.com\/wordpress\/plugins\/seo\/ -->\n<title>Admissi\u00f3 - Queen\u2019s College<\/title>\n<meta name=\"robots\" content=\"index, follow, max-snippet:-1, max-image-preview:large, max-video-preview:-1\" \/>\n<link rel=\"canonical\" href=\"https:\/\/www.queenscollege.es\/ca\/descobreix-nos\/admissio\/admissio\/\" \/>\n<meta property=\"og:locale\" content=\"ca_ES\" \/>\n<meta property=\"og:type\" content=\"article\" \/>\n<meta property=\"og:title\" content=\"Admissi\u00f3 - Queen\u2019s College\" \/>\n<meta property=\"og:description\" content=\"La majoria dels alumnes del col\u00b7legi s\u00f3n de nacionalitat brit\u00e0nica o espanyola encara que tamb\u00e9 hi ha representaci\u00f3 de moltes altres nacionalitats. Excepte en Nursery, \u00e9s important que tots els alumnes sol\u00b7licitants de pla\u00e7a tinguin un bon domini de la &hellip; Llegir m\u00e9s\" \/>\n<meta property=\"og:url\" content=\"https:\/\/www.queenscollege.es\/ca\/descobreix-nos\/admissio\/admissio\/\" \/>\n<meta property=\"og:site_name\" content=\"Queen\u2019s College\" \/>\n<meta property=\"article:modified_time\" content=\"2023-11-16T09:51:58+00:00\" \/>\n<meta property=\"og:image\" content=\"http:\/\/www.queenscollege.es\/wp-content\/uploads\/2014\/03\/criterios.jpg\" \/>\n\t<meta property=\"og:image:width\" content=\"940\" \/>\n\t<meta property=\"og:image:height\" content=\"327\" \/>\n\t<meta property=\"og:image:type\" content=\"image\/jpeg\" \/>\n<meta name=\"twitter:label1\" content=\"Temps estimat de lectura\" \/>\n\t<meta name=\"twitter:data1\" content=\"1 minut\" \/>\n<script type=\"application\/ld+json\" class=\"yoast-schema-graph\">{\"@context\":\"https:\/\/schema.org\",\"@graph\":[{\"@type\":\"WebSite\",\"@id\":\"https:\/\/www.queenscollege.es\/en\/#website\",\"url\":\"https:\/\/www.queenscollege.es\/en\/\",\"name\":\"Queen\u2019s College\",\"description\":\"Queen&#039;s College web\",\"potentialAction\":[{\"@type\":\"SearchAction\",\"target\":{\"@type\":\"EntryPoint\",\"urlTemplate\":\"https:\/\/www.queenscollege.es\/en\/?s={search_term_string}\"},\"query-input\":\"required name=search_term_string\"}],\"inLanguage\":\"ca\"},{\"@type\":\"ImageObject\",\"@id\":\"https:\/\/www.queenscollege.es\/ca\/descobreix-nos\/admissio\/admissio\/#primaryimage\",\"inLanguage\":\"ca\",\"url\":\"https:\/\/www.queenscollege.es\/wp-content\/uploads\/2014\/03\/criterios.jpg\",\"contentUrl\":\"https:\/\/www.queenscollege.es\/wp-content\/uploads\/2014\/03\/criterios.jpg\",\"width\":940,\"height\":327},{\"@type\":\"WebPage\",\"@id\":\"https:\/\/www.queenscollege.es\/ca\/descobreix-nos\/admissio\/admissio\/#webpage\",\"url\":\"https:\/\/www.queenscollege.es\/ca\/descobreix-nos\/admissio\/admissio\/\",\"name\":\"Admissi\u00f3 - Queen\u2019s College\",\"isPartOf\":{\"@id\":\"https:\/\/www.queenscollege.es\/en\/#website\"},\"primaryImageOfPage\":{\"@id\":\"https:\/\/www.queenscollege.es\/ca\/descobreix-nos\/admissio\/admissio\/#primaryimage\"},\"datePublished\":\"2014-03-12T14:27:06+00:00\",\"dateModified\":\"2023-11-16T09:51:58+00:00\",\"breadcrumb\":{\"@id\":\"https:\/\/www.queenscollege.es\/ca\/descobreix-nos\/admissio\/admissio\/#breadcrumb\"},\"inLanguage\":\"ca\",\"potentialAction\":[{\"@type\":\"ReadAction\",\"target\":[\"https:\/\/www.queenscollege.es\/ca\/descobreix-nos\/admissio\/admissio\/\"]}]},{\"@type\":\"BreadcrumbList\",\"@id\":\"https:\/\/www.queenscollege.es\/ca\/descobreix-nos\/admissio\/admissio\/#breadcrumb\",\"itemListElement\":[{\"@type\":\"ListItem\",\"position\":1,\"name\":\"Portada\",\"item\":\"https:\/\/www.queenscollege.es\/\"},{\"@type\":\"ListItem\",\"position\":2,\"name\":\"Descobreix-nos\",\"item\":\"https:\/\/www.queenscollege.es\/ca\/descobreix-nos\/\"},{\"@type\":\"ListItem\",\"position\":3,\"name\":\"Admissi\u00f3\",\"item\":\"https:\/\/www.queenscollege.es\/ca\/descobreix-nos\/admissio\/\"},{\"@type\":\"ListItem\",\"position\":4,\"name\":\"Admissi\u00f3\"}]}]}<\/script>\n<!-- \/ Yoast SEO plugin. -->","yoast_head_json":{"title":"Admissi\u00f3 - Queen\u2019s College","robots":{"index":"index","follow":"follow","max-snippet":"max-snippet:-1","max-image-preview":"max-image-preview:large","max-video-preview":"max-video-preview:-1"},"canonical":"https:\/\/www.queenscollege.es\/ca\/descobreix-nos\/admissio\/admissio\/","og_locale":"ca_ES","og_type":"article","og_title":"Admissi\u00f3 - Queen\u2019s College","og_description":"La majoria dels alumnes del col\u00b7legi s\u00f3n de nacionalitat brit\u00e0nica o espanyola encara que tamb\u00e9 hi ha representaci\u00f3 de moltes altres nacionalitats. Excepte en Nursery, \u00e9s important que tots els alumnes sol\u00b7licitants de pla\u00e7a tinguin un bon domini de la &hellip; Llegir m\u00e9s","og_url":"https:\/\/www.queenscollege.es\/ca\/descobreix-nos\/admissio\/admissio\/","og_site_name":"Queen\u2019s College","article_modified_time":"2023-11-16T09:51:58+00:00","og_image":[{"width":940,"height":327,"url":"http:\/\/www.queenscollege.es\/wp-content\/uploads\/2014\/03\/criterios.jpg","type":"image\/jpeg"}],"twitter_misc":{"Temps estimat de lectura":"1 minut"},"schema":{"@context":"https:\/\/schema.org","@graph":[{"@type":"WebSite","@id":"https:\/\/www.queenscollege.es\/en\/#website","url":"https:\/\/www.queenscollege.es\/en\/","name":"Queen\u2019s College","description":"Queen&#039;s College web","potentialAction":[{"@type":"SearchAction","target":{"@type":"EntryPoint","urlTemplate":"https:\/\/www.queenscollege.es\/en\/?s={search_term_string}"},"query-input":"required name=search_term_string"}],"inLanguage":"ca"},{"@type":"ImageObject","@id":"https:\/\/www.queenscollege.es\/ca\/descobreix-nos\/admissio\/admissio\/#primaryimage","inLanguage":"ca","url":"https:\/\/www.queenscollege.es\/wp-content\/uploads\/2014\/03\/criterios.jpg","contentUrl":"https:\/\/www.queenscollege.es\/wp-content\/uploads\/2014\/03\/criterios.jpg","width":940,"height":327},{"@type":"WebPage","@id":"https:\/\/www.queenscollege.es\/ca\/descobreix-nos\/admissio\/admissio\/#webpage","url":"https:\/\/www.queenscollege.es\/ca\/descobreix-nos\/admissio\/admissio\/","name":"Admissi\u00f3 - Queen\u2019s College","isPartOf":{"@id":"https:\/\/www.queenscollege.es\/en\/#website"},"primaryImageOfPage":{"@id":"https:\/\/www.queenscollege.es\/ca\/descobreix-nos\/admissio\/admissio\/#primaryimage"},"datePublished":"2014-03-12T14:27:06+00:00","dateModified":"2023-11-16T09:51:58+00:00","breadcrumb":{"@id":"https:\/\/www.queenscollege.es\/ca\/descobreix-nos\/admissio\/admissio\/#breadcrumb"},"inLanguage":"ca","potentialAction":[{"@type":"ReadAction","target":["https:\/\/www.queenscollege.es\/ca\/descobreix-nos\/admissio\/admissio\/"]}]},{"@type":"BreadcrumbList","@id":"https:\/\/www.queenscollege.es\/ca\/descobreix-nos\/admissio\/admissio\/#breadcrumb","itemListElement":[{"@type":"ListItem","position":1,"name":"Portada","item":"https:\/\/www.queenscollege.es\/"},{"@type":"ListItem","position":2,"name":"Descobreix-nos","item":"https:\/\/www.queenscollege.es\/ca\/descobreix-nos\/"},{"@type":"ListItem","position":3,"name":"Admissi\u00f3","item":"https:\/\/www.queenscollege.es\/ca\/descobreix-nos\/admissio\/"},{"@type":"ListItem","position":4,"name":"Admissi\u00f3"}]}]}},"_links":{"self":[{"href":"https:\/\/www.queenscollege.es\/ca\/wp-json\/wp\/v2\/pages\/380"}],"collection":[{"href":"https:\/\/www.queenscollege.es\/ca\/wp-json\/wp\/v2\/pages"}],"about":[{"href":"https:\/\/www.queenscollege.es\/ca\/wp-json\/wp\/v2\/types\/page"}],"author":[{"embeddable":true,"href":"https:\/\/www.queenscollege.es\/ca\/wp-json\/wp\/v2\/users\/10"}],"replies":[{"embeddable":true,"href":"https:\/\/www.queenscollege.es\/ca\/wp-json\/wp\/v2\/comments?post=380"}],"version-history":[{"count":11,"href":"https:\/\/www.queenscollege.es\/ca\/wp-json\/wp\/v2\/pages\/380\/revisions"}],"predecessor-version":[{"id":56896,"href":"https:\/\/www.queenscollege.es\/ca\/wp-json\/wp\/v2\/pages\/380\/revisions\/56896"}],"up":[{"embeddable":true,"href":"https:\/\/www.queenscollege.es\/ca\/wp-json\/wp\/v2\/pages\/871"}],"wp:featuredmedia":[{"embeddable":true,"href":"https:\/\/www.queenscollege.es\/ca\/wp-json\/wp\/v2\/media\/703"}],"wp:attachment":[{"href":"https:\/\/www.queenscollege.es\/ca\/wp-json\/wp\/v2\/media?parent=380"}],"curies":[{"name":"wp","href":"https:\/\/api.w.org\/{rel}","templated":true}]}}