{"id":349,"date":"2014-03-12T16:55:53","date_gmt":"2014-03-24T12:59:18","guid":{"rendered":"http:\/\/www.test.queenscollege.es\/?page_id=349"},"modified":"2017-09-06T11:26:55","modified_gmt":"2017-09-06T10:26:55","slug":"avaluacions-examens","status":"publish","type":"page","link":"https:\/\/www.queenscollege.es\/ca\/especial\/avaluacions-examens\/","title":{"rendered":"Avaluacions i ex\u00e0mens"},"content":{"rendered":"<div class=\"columnize-me\" data-width=\"500\"><p>Les evaluacions es porten a terme no nom\u00e9s per a informar als estudiants i als seus professors de la quantitat i qualitat del que hagin apr\u00e8s, sin\u00f3 tamb\u00e9 per a programar el futur aprenentatge.<\/p><p>En Prim\u00e0ria, els professors de la classe , a trav\u00e9s d\u2019observacions minucioses dels treballs dels alumnes i de les preguntes fetes en classe, se n\u2019adonen del que han apr\u00e8s els nins i del que els falta per aprendre. Al llarg del curs se cerciora curosament que els treballs a realitzar compleixen els objectius del National Curriculum.<\/p><p>L\u2019Avaluaci\u00f3 en Educaci\u00f3 Infantil es fa a trav\u00e9s d\u2019un conjunt informal d\u2019observacions, coneguts com \u201cAvaluaci\u00f3 B\u00e0sica\u201d. En els Key Stages 1 i 2 l\u2019avaluaci\u00f3 t\u00e9 lloc amb regularitat al llarg de cada curs. Al maig de cada any es avalua el nivell de lectura de cada alumne. Als alumnes de Year 6 se\u2019ls avalua formalment, al novembre i al maig, de les \u00e0rees essencials de Literatura y Aritm\u00e9tica (matem\u00e0tiques) a m\u00e9s de ci\u00e8ncies i de temes transversals.<\/p><p>Aquestes avaluacions estan basades en els SATS (Tests d\u2019Avaluaci\u00f3 Normalitzats) del National Curriculum.<\/p><p>En Secund\u00e0ria, el treball dels estudiants s\u2019avalua di\u00e0riament, a trav\u00e9s de les observacions dels professors i de preguntes fetes en classe. El treball fet en classe i a casa \u00e9s corregit, qualificat, i comentat amb l\u2019alumne. Es fan controls freq\u00fcents, normalment al final de cada unitat de treball. Totes les notes obtingudes son arxivades de tal forma que els alumnes veuen, amb facilitat, el seu progr\u00e9s. Al llarg del curs, els professors i els tutors animen als alumnes tant a posar-se objectius i com despr\u00e9s treballar per a complir-los. Al final de cada any acad\u00e8mic, els alumnes s\u2019examinen de totes les assignatures.<\/p><p><strong>Ex\u00e0mens oficials externs<\/strong><\/p><p>Els estudiants de Year 9 a 13 (2n ESO a 2n Batxiller) se presentan a ex\u00e0mens externs:<\/p><ul><li>A final de Year 9, els ex\u00e0mens Cambridge International Checkpoint de Llengua Anglesa , Matem\u00e0tiques i Ci\u00e8ncies<\/li><li>A final de Year 10, Llengua Anglesa i Matem\u00e0tiques de GCSE \u2013 nivell elemental.<\/li><li>A final de Year 11, se examinen, d\u2019aquestes mateixes assignatures de GCSE nivell est\u00e8s, juntament a las assignatures restants.<\/li><li>A final de Year 12, els m\u00f2duls \u201cAS\u201d (avan\u00e7at subsidiari) dels GCE, de les assignatures seleccionades .<\/li><li>i a finals de Year 13, els GCE de nivel \u201cA\u201d (A-level), de les assignatures seleccionades.<\/li><\/ul><p><\/div> <div class=\"none\" style=\"margin-top:40px;\"><\/div><\/p><p>Els\u00a0<strong>GCE<\/strong>\u00a0s\u00f3n similars a un examen selectiu brit\u00e0nico a nivell nacional, y homologats seg\u00fan el sistema de Acc\u00e8s Directe a la selectivitat espanyola. Els\u00a0<strong>GCSE\u00a0<\/strong>\u00a0no tenen un equivalent a nivell de\u00a0examen\u00a0extern en el sistema espanyol, i s\u00f3n similars a un selectiu a final de secund\u00e0ria (4t ESO).<\/p><p><strong>Notes d\u2019ex\u00e0mens externs<\/strong><\/p><p>L\u2019entrada a la universitat o en el mon laboral depen de molts de factors, essent el m\u00e9s important el de les qualificacions dels ex\u00e0mens.<\/p><p>En el col\u00b7legi estam orgullosos de les notes obtingudes, que no nom\u00e9s han anat augmentant qualitativamente any rera any, sin\u00f3 tamb\u00e9\u00a0perqu\u00e8\u00a0han perm\u00e8s que els nostres alumnes\u00a0aconsegueixin\u00a0places a les universidades m\u00e9s prestigioses del mon.<\/p><p><strong>Nota mitja de selectivitat : 8,6<\/strong><\/p><p>Aquest darrer any els resultats han estat extraordinaris,\u00a0<strong>amb una mitja de selectivitat de 8,6<\/strong><\/p><p>Per entrar a les universitats espanyoles, normalment els alumnes fan la Selectivitat. En el cas dels col\u00b7legis brit\u00e0nics a Espanya, els alumnes tenen l\u2019acc\u00e9s direct a les universitats espanyoles amb les notes de GCE A level. Se calcula una qualificaci\u00f3 similar a la nota de selectivitat basada en las qualificacions de las\u00a0assignatures\u00a0de nivell avan\u00e7at (A level) i avan\u00e7at subsidiari (AS).<\/p><p>Els ex\u00e0mens de GCSE es realitzen a final de Year 11 ( 4t d\u2019ESO) i els resultats dels mateixos determinen si un estudiant pot accedir o no al Sixth Form (Batxillerat).<\/p><p>Els ex\u00e0mens de GCE \u201cAS\u201d, es duen a terme al finalitzar Year 12 (1r Batxillerat) i determinen el contingut del programa per al darrer curs.<\/p><p>Els ex\u00e0mens de nivell avan\u00e7at, GCE A Level,es realitzen al final de Year 13 i determinen si el alumno puede seguir la carrera universit\u00e0ria escollida.<\/p><p><strong>GCSE\/IGCSE (4t ESO)<\/strong><\/p><p>Les notes al finalitzar secund\u00e0ria han estat les\u00a0seg\u00fcents:<\/p><div class=\"table\"><table class=\"table\" width=\"200\"><thead class=\"dontsplit\"><tr class=\"dontsplit\"><th class=\"dontsplit\" style=\"text-align: left;\" colspan=\"2\">Year 11 (4\u00ba ESO)<\/th><\/tr><\/thead><tbody class=\"dontsplit\"><tr class=\"dontsplit\"><td class=\"dontsplit\" style=\"text-align: left;\" width=\"100px\">Pass rate<\/td><td class=\"dontsplit\" style=\"text-align: left;\" width=\"100px\"><strong>92%<\/strong><\/td><\/tr><tr class=\"dontsplit\"><td class=\"dontsplit\" style=\"text-align: left;\">A*<\/td><td class=\"dontsplit\" style=\"text-align: left;\"><strong>36%<\/strong><\/td><\/tr><tr class=\"dontsplit\"><td class=\"dontsplit\" style=\"text-align: left;\">A* &amp; A<\/td><td class=\"dontsplit\" style=\"text-align: left;\"><strong>65%<\/strong><\/td><\/tr><tr class=\"dontsplit\"><td class=\"dontsplit\" style=\"text-align: left;\">\u00a0A* &#8211; B<\/td><td class=\"dontsplit\" style=\"text-align: left;\"><strong>83%<\/strong><\/td><\/tr><\/tbody><\/table><p>&nbsp;<\/p><\/div><p><strong>GCE (Batxillerat)<\/strong><\/p><p>Els resultats dels ex\u00e0mens oficials de l\u2019any passat s\u00f3n els seg\u00fcents:<\/p><div class=\"table-responsive\"><table class=\"table\" width=\"400px\"><thead><tr><th style=\"text-align: left;\" colspan=\"2\" width=\"200px\">Year 12 (1\u00ba Bachiller)<\/th><th style=\"text-align: left;\" colspan=\"2\" width=\"200px\">Year 13\u00a0(2\u00ba Bachiller)<\/th><\/tr><\/thead><tbody><tr><td style=\"text-align: left;\" width=\"100px\">Pass rate<\/td><td style=\"background-color: #fffbee; text-align: left;\" width=\"100px\"><strong>94%<\/strong><\/td><td style=\"text-align: left;\" width=\"100px\">Pass rate<\/td><td style=\"background-color: #fffbee; text-align: left;\" width=\"100px\"><strong>100%<\/strong><\/td><\/tr><tr><td style=\"text-align: left;\">A<\/td><td style=\"background-color: #fffbee; text-align: left;\"><strong>35%<\/strong><\/td><td style=\"text-align: left;\">A \/ A*<\/td><td style=\"background-color: #fffbee; text-align: left;\"><strong>49%<\/strong><\/td><\/tr><tr><td style=\"text-align: left;\">A \/ B<\/td><td style=\"background-color: #fffbee; text-align: left;\"><strong>54%<\/strong><\/td><td style=\"text-align: left;\">A* \/ A \/ B<\/td><td style=\"background-color: #fffbee; text-align: left;\"><strong>79%<\/strong><\/td><\/tr><tr><td style=\"text-align: left;\">A &#8211; C<\/td><td style=\"background-color: #fffbee; text-align: left;\"><strong>69%<\/strong><\/td><td style=\"text-align: left;\">A* &#8211; C<\/td><td style=\"background-color: #fffbee; text-align: left;\"><strong>87%<\/strong><\/td><\/tr><tr><td style=\"text-align: left;\">\u00a0<\/td><td style=\"text-align: left;\">\u00a0<\/td><td style=\"text-align: left;\">Selectividad average<\/td><td style=\"background-color: #fffbee; text-align: left;\"><strong>8.6<\/strong><\/td><\/tr><tr><td style=\"text-align: left;\">\u00a0<\/td><td style=\"text-align: left;\">\u00a0<\/td><td style=\"text-align: left;\">UCAS average<\/td><td style=\"background-color: #fffbee; text-align: left;\"><strong>179<\/strong><\/td><\/tr><\/tbody><\/table><\/div>","protected":false},"excerpt":{"rendered":"Els\u00a0GCE\u00a0s\u00f3n similars a un examen selectiu brit\u00e0nico a nivell nacional, y homologats seg\u00fan el sistema de Acc\u00e8s Directe a la selectivitat espanyola. Els\u00a0GCSE\u00a0\u00a0no tenen un equivalent a nivell de\u00a0examen\u00a0extern en el sistema espanyol, i s\u00f3n similars a un selectiu a &hellip; <a href=\"https:\/\/www.queenscollege.es\/ca\/especial\/avaluacions-examens\/\">Llegir m\u00e9s<\/a>","protected":false},"author":10,"featured_media":0,"parent":969,"menu_order":8,"comment_status":"open","ping_status":"closed","template":"","meta":[],"yoast_head":"<!-- This site is optimized with the Yoast SEO plugin v18.5.1 - https:\/\/yoast.com\/wordpress\/plugins\/seo\/ -->\n<title>Avaluacions i ex\u00e0mens - Queen\u2019s College<\/title>\n<meta name=\"robots\" content=\"index, follow, max-snippet:-1, max-image-preview:large, max-video-preview:-1\" \/>\n<link rel=\"canonical\" href=\"https:\/\/www.queenscollege.es\/ca\/especial\/avaluacions-examens\/\" \/>\n<meta property=\"og:locale\" content=\"ca_ES\" \/>\n<meta property=\"og:type\" content=\"article\" \/>\n<meta property=\"og:title\" content=\"Avaluacions i ex\u00e0mens - Queen\u2019s College\" \/>\n<meta property=\"og:description\" content=\"Els\u00a0GCE\u00a0s\u00f3n similars a un examen selectiu brit\u00e0nico a nivell nacional, y homologats seg\u00fan el sistema de Acc\u00e8s Directe a la selectivitat espanyola. Els\u00a0GCSE\u00a0\u00a0no tenen un equivalent a nivell de\u00a0examen\u00a0extern en el sistema espanyol, i s\u00f3n similars a un selectiu a &hellip; Llegir m\u00e9s\" \/>\n<meta property=\"og:url\" content=\"https:\/\/www.queenscollege.es\/ca\/especial\/avaluacions-examens\/\" \/>\n<meta property=\"og:site_name\" content=\"Queen\u2019s College\" \/>\n<meta property=\"article:modified_time\" content=\"2017-09-06T10:26:55+00:00\" \/>\n<meta name=\"twitter:label1\" content=\"Temps estimat de lectura\" \/>\n\t<meta name=\"twitter:data1\" content=\"4 minuts\" \/>\n<script type=\"application\/ld+json\" class=\"yoast-schema-graph\">{\"@context\":\"https:\/\/schema.org\",\"@graph\":[{\"@type\":\"WebSite\",\"@id\":\"https:\/\/www.queenscollege.es\/en\/#website\",\"url\":\"https:\/\/www.queenscollege.es\/en\/\",\"name\":\"Queen\u2019s College\",\"description\":\"Queen&#039;s College web\",\"potentialAction\":[{\"@type\":\"SearchAction\",\"target\":{\"@type\":\"EntryPoint\",\"urlTemplate\":\"https:\/\/www.queenscollege.es\/en\/?s={search_term_string}\"},\"query-input\":\"required name=search_term_string\"}],\"inLanguage\":\"ca\"},{\"@type\":\"WebPage\",\"@id\":\"https:\/\/www.queenscollege.es\/ca\/especial\/avaluacions-examens\/#webpage\",\"url\":\"https:\/\/www.queenscollege.es\/ca\/especial\/avaluacions-examens\/\",\"name\":\"Avaluacions i ex\u00e0mens - Queen\u2019s College\",\"isPartOf\":{\"@id\":\"https:\/\/www.queenscollege.es\/en\/#website\"},\"datePublished\":\"2014-03-24T12:59:18+00:00\",\"dateModified\":\"2017-09-06T10:26:55+00:00\",\"breadcrumb\":{\"@id\":\"https:\/\/www.queenscollege.es\/ca\/especial\/avaluacions-examens\/#breadcrumb\"},\"inLanguage\":\"ca\",\"potentialAction\":[{\"@type\":\"ReadAction\",\"target\":[\"https:\/\/www.queenscollege.es\/ca\/especial\/avaluacions-examens\/\"]}]},{\"@type\":\"BreadcrumbList\",\"@id\":\"https:\/\/www.queenscollege.es\/ca\/especial\/avaluacions-examens\/#breadcrumb\",\"itemListElement\":[{\"@type\":\"ListItem\",\"position\":1,\"name\":\"Portada\",\"item\":\"https:\/\/www.queenscollege.es\/\"},{\"@type\":\"ListItem\",\"position\":2,\"name\":\"Especial\",\"item\":\"https:\/\/www.queenscollege.es\/ca\/especial\/\"},{\"@type\":\"ListItem\",\"position\":3,\"name\":\"Avaluacions i ex\u00e0mens\"}]}]}<\/script>\n<!-- \/ Yoast SEO plugin. -->","yoast_head_json":{"title":"Avaluacions i ex\u00e0mens - Queen\u2019s College","robots":{"index":"index","follow":"follow","max-snippet":"max-snippet:-1","max-image-preview":"max-image-preview:large","max-video-preview":"max-video-preview:-1"},"canonical":"https:\/\/www.queenscollege.es\/ca\/especial\/avaluacions-examens\/","og_locale":"ca_ES","og_type":"article","og_title":"Avaluacions i ex\u00e0mens - Queen\u2019s College","og_description":"Els\u00a0GCE\u00a0s\u00f3n similars a un examen selectiu brit\u00e0nico a nivell nacional, y homologats seg\u00fan el sistema de Acc\u00e8s Directe a la selectivitat espanyola. Els\u00a0GCSE\u00a0\u00a0no tenen un equivalent a nivell de\u00a0examen\u00a0extern en el sistema espanyol, i s\u00f3n similars a un selectiu a &hellip; Llegir m\u00e9s","og_url":"https:\/\/www.queenscollege.es\/ca\/especial\/avaluacions-examens\/","og_site_name":"Queen\u2019s College","article_modified_time":"2017-09-06T10:26:55+00:00","twitter_misc":{"Temps estimat de lectura":"4 minuts"},"schema":{"@context":"https:\/\/schema.org","@graph":[{"@type":"WebSite","@id":"https:\/\/www.queenscollege.es\/en\/#website","url":"https:\/\/www.queenscollege.es\/en\/","name":"Queen\u2019s College","description":"Queen&#039;s College web","potentialAction":[{"@type":"SearchAction","target":{"@type":"EntryPoint","urlTemplate":"https:\/\/www.queenscollege.es\/en\/?s={search_term_string}"},"query-input":"required name=search_term_string"}],"inLanguage":"ca"},{"@type":"WebPage","@id":"https:\/\/www.queenscollege.es\/ca\/especial\/avaluacions-examens\/#webpage","url":"https:\/\/www.queenscollege.es\/ca\/especial\/avaluacions-examens\/","name":"Avaluacions i ex\u00e0mens - Queen\u2019s College","isPartOf":{"@id":"https:\/\/www.queenscollege.es\/en\/#website"},"datePublished":"2014-03-24T12:59:18+00:00","dateModified":"2017-09-06T10:26:55+00:00","breadcrumb":{"@id":"https:\/\/www.queenscollege.es\/ca\/especial\/avaluacions-examens\/#breadcrumb"},"inLanguage":"ca","potentialAction":[{"@type":"ReadAction","target":["https:\/\/www.queenscollege.es\/ca\/especial\/avaluacions-examens\/"]}]},{"@type":"BreadcrumbList","@id":"https:\/\/www.queenscollege.es\/ca\/especial\/avaluacions-examens\/#breadcrumb","itemListElement":[{"@type":"ListItem","position":1,"name":"Portada","item":"https:\/\/www.queenscollege.es\/"},{"@type":"ListItem","position":2,"name":"Especial","item":"https:\/\/www.queenscollege.es\/ca\/especial\/"},{"@type":"ListItem","position":3,"name":"Avaluacions i ex\u00e0mens"}]}]}},"_links":{"self":[{"href":"https:\/\/www.queenscollege.es\/ca\/wp-json\/wp\/v2\/pages\/349"}],"collection":[{"href":"https:\/\/www.queenscollege.es\/ca\/wp-json\/wp\/v2\/pages"}],"about":[{"href":"https:\/\/www.queenscollege.es\/ca\/wp-json\/wp\/v2\/types\/page"}],"author":[{"embeddable":true,"href":"https:\/\/www.queenscollege.es\/ca\/wp-json\/wp\/v2\/users\/10"}],"replies":[{"embeddable":true,"href":"https:\/\/www.queenscollege.es\/ca\/wp-json\/wp\/v2\/comments?post=349"}],"version-history":[{"count":8,"href":"https:\/\/www.queenscollege.es\/ca\/wp-json\/wp\/v2\/pages\/349\/revisions"}],"predecessor-version":[{"id":1813,"href":"https:\/\/www.queenscollege.es\/ca\/wp-json\/wp\/v2\/pages\/349\/revisions\/1813"}],"up":[{"embeddable":true,"href":"https:\/\/www.queenscollege.es\/ca\/wp-json\/wp\/v2\/pages\/969"}],"wp:attachment":[{"href":"https:\/\/www.queenscollege.es\/ca\/wp-json\/wp\/v2\/media?parent=349"}],"curies":[{"name":"wp","href":"https:\/\/api.w.org\/{rel}","templated":true}]}}