{"id":339,"date":"2014-03-12T16:55:16","date_gmt":"2014-03-24T12:52:09","guid":{"rendered":"http:\/\/www.test.queenscollege.es\/?page_id=339"},"modified":"2014-05-02T12:42:02","modified_gmt":"2014-05-02T11:42:02","slug":"deures","status":"publish","type":"page","link":"https:\/\/www.queenscollege.es\/ca\/descobreix-nos\/aspectes-academics\/deures\/","title":{"rendered":"Deures"},"content":{"rendered":"<div class=\"image-full-with-container\"><img src=\"https:\/\/www.queenscollege.es\/wp-content\/uploads\/2014\/03\/deberes.jpg\"><\/div>\r\n\r\n<div class=\"none\" style=\"margin-top:20px;\"><\/div>\r\n\r\n<p>A partir de Year 1 (5-6 anys) es posen deures; aquests van augmentant en complexitat segons avancen els cursos. Amb els deures, cercam generar una \u00e0mplia varietat d\u2019experi\u00e8ncies d\u2019aprenentatge que complementa les impartides en el col\u00b7legi.<\/p>\r\n\r\n<p>S\u2019anima als nins de Prim\u00e0ria que llegeixin amb els seus pares, o per a ells, segons el nivell que tinguin. \u00c9s indubtable que el suport de casa en aquesta \u00e0rea contribu\u00efx que el nin tingui \u00e8xit. En determinats nivells, els nins haurien d\u2019aprendre ortografia i les taules de multiplicacions. Els nins majors haurien d\u2019acabar tasques comen\u00e7ades en classe o fer treballs d\u2019investigaci\u00f3 o rep\u00e0s per a la seg\u00fcent classe. En Year 6, els deures inclouen el rep\u00e0s continu de les \u00e0rees essencials, de les quals s\u2019examinaran al final de curs.<\/p>\r\n\r\n<p>Els deures proporcionen als alumnes de Secund\u00e0ria oportunitats de manejar el seu propi aprenentatge, de complir objectius i dates de lliurament, i per tant, adquirir sentit de la responsabilitat. No tots els deures s\u00f3n exercicis escrits. Tamb\u00e9 s\u00f3n activitats valuoses, el memoritzar, la lectura, la investigaci\u00f3 i el rep\u00e0s.<\/p>\r\n\r\n<p>Per a ajudar als alumnes a manejar els seus deures, se\u2019ls facilita unes agendes, que s\u00f3n controlades amb regularitat pels professors i els tutors.<\/p>\r\n\r\n<p>Quan els pares donen suport i animen als seus fills, en aquest assumpte; el dels deures, l\u2019\u00e8xit est\u00e0 assegurat.<\/p>","protected":false},"excerpt":{"rendered":"A partir de Year 1 (5-6 anys) es posen deures; aquests van augmentant en complexitat segons avancen els cursos. Amb els deures, cercam generar una \u00e0mplia varietat d\u2019experi\u00e8ncies d\u2019aprenentatge que complementa les impartides en el col\u00b7legi. S\u2019anima als nins de &hellip; <a href=\"https:\/\/www.queenscollege.es\/ca\/descobreix-nos\/aspectes-academics\/deures\/\">Llegir m\u00e9s<\/a>","protected":false},"author":10,"featured_media":658,"parent":701,"menu_order":6,"comment_status":"open","ping_status":"open","template":"","meta":[],"yoast_head":"<!-- This site is optimized with the Yoast SEO plugin v18.5.1 - https:\/\/yoast.com\/wordpress\/plugins\/seo\/ -->\n<title>Deures - Queen\u2019s College<\/title>\n<meta name=\"robots\" content=\"index, follow, max-snippet:-1, max-image-preview:large, max-video-preview:-1\" \/>\n<link rel=\"canonical\" href=\"https:\/\/www.queenscollege.es\/ca\/descobreix-nos\/aspectes-academics\/deures\/\" \/>\n<meta property=\"og:locale\" content=\"ca_ES\" \/>\n<meta property=\"og:type\" content=\"article\" \/>\n<meta property=\"og:title\" content=\"Deures - Queen\u2019s College\" \/>\n<meta property=\"og:description\" content=\"A partir de Year 1 (5-6 anys) es posen deures; aquests van augmentant en complexitat segons avancen els cursos. Amb els deures, cercam generar una \u00e0mplia varietat d\u2019experi\u00e8ncies d\u2019aprenentatge que complementa les impartides en el col\u00b7legi. S\u2019anima als nins de &hellip; Llegir m\u00e9s\" \/>\n<meta property=\"og:url\" content=\"https:\/\/www.queenscollege.es\/ca\/descobreix-nos\/aspectes-academics\/deures\/\" \/>\n<meta property=\"og:site_name\" content=\"Queen\u2019s College\" \/>\n<meta property=\"article:modified_time\" content=\"2014-05-02T11:42:02+00:00\" \/>\n<meta property=\"og:image\" content=\"https:\/\/www.queenscollege.es\/wp-content\/uploads\/2014\/03\/deberes.jpg\" \/>\n\t<meta property=\"og:image:width\" content=\"940\" \/>\n\t<meta property=\"og:image:height\" content=\"327\" \/>\n\t<meta property=\"og:image:type\" content=\"image\/jpeg\" \/>\n<meta name=\"twitter:label1\" content=\"Temps estimat de lectura\" \/>\n\t<meta name=\"twitter:data1\" content=\"1 minut\" \/>\n<script type=\"application\/ld+json\" class=\"yoast-schema-graph\">{\"@context\":\"https:\/\/schema.org\",\"@graph\":[{\"@type\":\"WebSite\",\"@id\":\"https:\/\/www.queenscollege.es\/en\/#website\",\"url\":\"https:\/\/www.queenscollege.es\/en\/\",\"name\":\"Queen\u2019s College\",\"description\":\"Queen&#039;s College web\",\"potentialAction\":[{\"@type\":\"SearchAction\",\"target\":{\"@type\":\"EntryPoint\",\"urlTemplate\":\"https:\/\/www.queenscollege.es\/en\/?s={search_term_string}\"},\"query-input\":\"required name=search_term_string\"}],\"inLanguage\":\"ca\"},{\"@type\":\"ImageObject\",\"@id\":\"https:\/\/www.queenscollege.es\/ca\/descobreix-nos\/aspectes-academics\/deures\/#primaryimage\",\"inLanguage\":\"ca\",\"url\":\"https:\/\/www.queenscollege.es\/wp-content\/uploads\/2014\/03\/deberes.jpg\",\"contentUrl\":\"https:\/\/www.queenscollege.es\/wp-content\/uploads\/2014\/03\/deberes.jpg\",\"width\":940,\"height\":327},{\"@type\":\"WebPage\",\"@id\":\"https:\/\/www.queenscollege.es\/ca\/descobreix-nos\/aspectes-academics\/deures\/#webpage\",\"url\":\"https:\/\/www.queenscollege.es\/ca\/descobreix-nos\/aspectes-academics\/deures\/\",\"name\":\"Deures - Queen\u2019s College\",\"isPartOf\":{\"@id\":\"https:\/\/www.queenscollege.es\/en\/#website\"},\"primaryImageOfPage\":{\"@id\":\"https:\/\/www.queenscollege.es\/ca\/descobreix-nos\/aspectes-academics\/deures\/#primaryimage\"},\"datePublished\":\"2014-03-24T12:52:09+00:00\",\"dateModified\":\"2014-05-02T11:42:02+00:00\",\"breadcrumb\":{\"@id\":\"https:\/\/www.queenscollege.es\/ca\/descobreix-nos\/aspectes-academics\/deures\/#breadcrumb\"},\"inLanguage\":\"ca\",\"potentialAction\":[{\"@type\":\"ReadAction\",\"target\":[\"https:\/\/www.queenscollege.es\/ca\/descobreix-nos\/aspectes-academics\/deures\/\"]}]},{\"@type\":\"BreadcrumbList\",\"@id\":\"https:\/\/www.queenscollege.es\/ca\/descobreix-nos\/aspectes-academics\/deures\/#breadcrumb\",\"itemListElement\":[{\"@type\":\"ListItem\",\"position\":1,\"name\":\"Portada\",\"item\":\"https:\/\/www.queenscollege.es\/\"},{\"@type\":\"ListItem\",\"position\":2,\"name\":\"Descobreix-nos\",\"item\":\"https:\/\/www.queenscollege.es\/ca\/descobreix-nos\/\"},{\"@type\":\"ListItem\",\"position\":3,\"name\":\"Aspectes Acad\u00e8mics\",\"item\":\"https:\/\/www.queenscollege.es\/ca\/descobreix-nos\/aspectes-academics\/\"},{\"@type\":\"ListItem\",\"position\":4,\"name\":\"Deures\"}]}]}<\/script>\n<!-- \/ Yoast SEO plugin. -->","yoast_head_json":{"title":"Deures - Queen\u2019s College","robots":{"index":"index","follow":"follow","max-snippet":"max-snippet:-1","max-image-preview":"max-image-preview:large","max-video-preview":"max-video-preview:-1"},"canonical":"https:\/\/www.queenscollege.es\/ca\/descobreix-nos\/aspectes-academics\/deures\/","og_locale":"ca_ES","og_type":"article","og_title":"Deures - Queen\u2019s College","og_description":"A partir de Year 1 (5-6 anys) es posen deures; aquests van augmentant en complexitat segons avancen els cursos. Amb els deures, cercam generar una \u00e0mplia varietat d\u2019experi\u00e8ncies d\u2019aprenentatge que complementa les impartides en el col\u00b7legi. S\u2019anima als nins de &hellip; Llegir m\u00e9s","og_url":"https:\/\/www.queenscollege.es\/ca\/descobreix-nos\/aspectes-academics\/deures\/","og_site_name":"Queen\u2019s College","article_modified_time":"2014-05-02T11:42:02+00:00","og_image":[{"width":940,"height":327,"url":"https:\/\/www.queenscollege.es\/wp-content\/uploads\/2014\/03\/deberes.jpg","type":"image\/jpeg"}],"twitter_misc":{"Temps estimat de lectura":"1 minut"},"schema":{"@context":"https:\/\/schema.org","@graph":[{"@type":"WebSite","@id":"https:\/\/www.queenscollege.es\/en\/#website","url":"https:\/\/www.queenscollege.es\/en\/","name":"Queen\u2019s College","description":"Queen&#039;s College web","potentialAction":[{"@type":"SearchAction","target":{"@type":"EntryPoint","urlTemplate":"https:\/\/www.queenscollege.es\/en\/?s={search_term_string}"},"query-input":"required name=search_term_string"}],"inLanguage":"ca"},{"@type":"ImageObject","@id":"https:\/\/www.queenscollege.es\/ca\/descobreix-nos\/aspectes-academics\/deures\/#primaryimage","inLanguage":"ca","url":"https:\/\/www.queenscollege.es\/wp-content\/uploads\/2014\/03\/deberes.jpg","contentUrl":"https:\/\/www.queenscollege.es\/wp-content\/uploads\/2014\/03\/deberes.jpg","width":940,"height":327},{"@type":"WebPage","@id":"https:\/\/www.queenscollege.es\/ca\/descobreix-nos\/aspectes-academics\/deures\/#webpage","url":"https:\/\/www.queenscollege.es\/ca\/descobreix-nos\/aspectes-academics\/deures\/","name":"Deures - Queen\u2019s College","isPartOf":{"@id":"https:\/\/www.queenscollege.es\/en\/#website"},"primaryImageOfPage":{"@id":"https:\/\/www.queenscollege.es\/ca\/descobreix-nos\/aspectes-academics\/deures\/#primaryimage"},"datePublished":"2014-03-24T12:52:09+00:00","dateModified":"2014-05-02T11:42:02+00:00","breadcrumb":{"@id":"https:\/\/www.queenscollege.es\/ca\/descobreix-nos\/aspectes-academics\/deures\/#breadcrumb"},"inLanguage":"ca","potentialAction":[{"@type":"ReadAction","target":["https:\/\/www.queenscollege.es\/ca\/descobreix-nos\/aspectes-academics\/deures\/"]}]},{"@type":"BreadcrumbList","@id":"https:\/\/www.queenscollege.es\/ca\/descobreix-nos\/aspectes-academics\/deures\/#breadcrumb","itemListElement":[{"@type":"ListItem","position":1,"name":"Portada","item":"https:\/\/www.queenscollege.es\/"},{"@type":"ListItem","position":2,"name":"Descobreix-nos","item":"https:\/\/www.queenscollege.es\/ca\/descobreix-nos\/"},{"@type":"ListItem","position":3,"name":"Aspectes Acad\u00e8mics","item":"https:\/\/www.queenscollege.es\/ca\/descobreix-nos\/aspectes-academics\/"},{"@type":"ListItem","position":4,"name":"Deures"}]}]}},"_links":{"self":[{"href":"https:\/\/www.queenscollege.es\/ca\/wp-json\/wp\/v2\/pages\/339"}],"collection":[{"href":"https:\/\/www.queenscollege.es\/ca\/wp-json\/wp\/v2\/pages"}],"about":[{"href":"https:\/\/www.queenscollege.es\/ca\/wp-json\/wp\/v2\/types\/page"}],"author":[{"embeddable":true,"href":"https:\/\/www.queenscollege.es\/ca\/wp-json\/wp\/v2\/users\/10"}],"replies":[{"embeddable":true,"href":"https:\/\/www.queenscollege.es\/ca\/wp-json\/wp\/v2\/comments?post=339"}],"version-history":[{"count":2,"href":"https:\/\/www.queenscollege.es\/ca\/wp-json\/wp\/v2\/pages\/339\/revisions"}],"predecessor-version":[{"id":869,"href":"https:\/\/www.queenscollege.es\/ca\/wp-json\/wp\/v2\/pages\/339\/revisions\/869"}],"up":[{"embeddable":true,"href":"https:\/\/www.queenscollege.es\/ca\/wp-json\/wp\/v2\/pages\/701"}],"wp:featuredmedia":[{"embeddable":true,"href":"https:\/\/www.queenscollege.es\/ca\/wp-json\/wp\/v2\/media\/658"}],"wp:attachment":[{"href":"https:\/\/www.queenscollege.es\/ca\/wp-json\/wp\/v2\/media?parent=339"}],"curies":[{"name":"wp","href":"https:\/\/api.w.org\/{rel}","templated":true}]}}