{"id":334,"date":"2014-03-12T16:54:20","date_gmt":"2014-03-24T12:50:38","guid":{"rendered":"http:\/\/www.test.queenscollege.es\/?page_id=334"},"modified":"2016-10-25T09:22:41","modified_gmt":"2016-10-25T08:22:41","slug":"reconeixement-internacional","status":"publish","type":"page","link":"https:\/\/www.queenscollege.es\/ca\/especial\/reconeixement-internacional\/","title":{"rendered":"Reconeixement internacional"},"content":{"rendered":"<div class=\"row conmargeninferior text_left_image_right\"><div class=\"col-sm-6 text-container\"><p><strong>To translate \u00a0and to complete\u00a0<\/strong><\/p><p>Los alumnos del Queen\u2019s College son evaluados por organismos internacionales tales como Cambridge International Examinations y Edexcel, que anualmente distinguen con premios a los mejores resultados. La siguiente tabla muestra los obtenidos por nuestros chicos y chicas a partir del 2008, cuando empezaron a entregar los premios. Cada uno de ellos nos llena de orgullo, especialemente al saber que, por estad\u00edstica, deber\u00edamos alcanzar 1 s\u00f3lo premio\u00a0cada 3 \u00f3 4 a\u00f1os.<\/p><p><strong>Otra opci\u00f3n:<\/strong><\/p><p>Thanks to our excellent record of external examination results, the majority of our students proceed to higher education. Destinations are mainly in the UK and Spain, and include such prestigious universities as Cambridge, Oxford and the London School of Economics.<\/p><p><strong>Premis dels cossos oficials d\u2019examinaci\u00f3:<\/strong> Edexcel<\/p><p><\/div><div class=\"col-sm-6 featured-image-container\"><img src=\"https:\/\/www.queenscollege.es\/wp-content\/uploads\/2014\/03\/reconocimiento.jpg\"><\/div><div class=\"clearfix\"><\/div><\/div> <div class=\"none\" style=\"margin-top:40px;\"><\/div> <div class=\"columnize-me\" data-width=\"500\"><\/p><p><strong>2011<\/strong><\/p><ul><li>Un High Achiever Award (Premio a los Excelentes Resultados) por la nota m\u00e1s alta en Espa\u00f1a del\u00a0International GCSE de Arte &amp; Dise\u00f1o<\/li><li>Un High Achiever Award (Premio a los Excelentes Resultados) por la nota m\u00e1s alta en Espa\u00f1a del (International) GCSE de Geograf\u00eda<\/li><\/ul><p><strong>2010<\/strong><\/p><ul><li>Tres High Achiever Award (tres Premios ex-equo a los Excelentes Resultados) por la nota m\u00e1s alta en Espa\u00f1a del (International) GCSE de Alem\u00e1n<\/li><li>Un High Achiever Award (Premio a los Excelentes Resultados) por la nota m\u00e1s alta en Espa\u00f1a del\u00a0International GCSE de Arte &amp; Dise\u00f1o<\/li><li>Un High Achiever Award (Premio a los Excelentes Resultados) por la nota m\u00e1s alta en Espa\u00f1a del (International) GCE Advanced level de Matem\u00e1ticas<\/li><li>Un High Achiever Award (Premio a los Excelentes Resultados) por la nota m\u00e1s alta del mundo del (International) GCE Advanced level de Alem\u00e1n<\/li><li>Un High Achiever Award (Premio a los Excelentes Resultados) por la nota m\u00e1s alta en mundo del (International) GCE Advanced level de Qu\u00edmica<\/li><\/ul><p><strong>2009<\/strong><\/p><ul><li>Un High Achiever Award (Premio a los Excelentes Resultados) por la nota m\u00e1s alta en Espa\u00f1a del\u00a0International GCSE de Arte &amp; Dise\u00f1o<\/li><li>Un High Achiever Award (Premio a los Excelentes Resultados) por la nota m\u00e1s alta en Espa\u00f1a del\u00a0International GCSE de ICT (inform\u00e1tica y tecnolog\u00edas de la informaci\u00f3n)\u00a0\u00a0&#8211; no era CIE?<\/li><li>Un High Achiever Award (Premio a los Excelentes Resultados) por la nota m\u00e1s alta (en Espa\u00f1a) del\u00a0International GCSE de Franc\u00e9s<\/li><li>Un High Achiever Award (Premio a los Excelentes Resultados) por la nota m\u00e1s alta en mundo del (International) GCE AS level de ICT (inform\u00e1tica y tecnolog\u00edas de la informaci\u00f3n) \u2013 no era CIE?<\/li><\/ul><p><strong>2008<\/strong><\/p><ul><li>Tres Awards for Outstanding Performance (Premios por el resultado excepcional en (International)\u00a0GCSE de Alem\u00e1n<\/li><li>Un Award for Outstanding Performance (Premio por el resultado excepcional) en (International) GCE \u00a0(A-level) de Espa\u00f1ol<\/li><\/ul><p><strong>2007<\/strong><\/p><ul><li>Premio Edexcel al mejor resultado de GCE (equivalente a selectividad) en Espa\u00f1a (Notas de A en A level de Qu\u00edmica, de Matem\u00e1ticas, F\u00edsica, Espa\u00f1ol y Nota de A en el AS level de Biolog\u00eda y Matem\u00e1ticas puras)<\/li><\/ul><p><\/div><\/p>","protected":false},"excerpt":{"rendered":"","protected":false},"author":10,"featured_media":587,"parent":969,"menu_order":5,"comment_status":"open","ping_status":"closed","template":"","meta":[],"yoast_head":"<!-- This site is optimized with the Yoast SEO plugin v18.5.1 - https:\/\/yoast.com\/wordpress\/plugins\/seo\/ -->\n<title>Reconeixement internacional - Queen\u2019s College<\/title>\n<meta name=\"robots\" content=\"index, follow, max-snippet:-1, max-image-preview:large, max-video-preview:-1\" \/>\n<link rel=\"canonical\" href=\"https:\/\/www.queenscollege.es\/ca\/especial\/reconeixement-internacional\/\" \/>\n<meta property=\"og:locale\" content=\"ca_ES\" \/>\n<meta property=\"og:type\" content=\"article\" \/>\n<meta property=\"og:title\" content=\"Reconeixement internacional - Queen\u2019s College\" \/>\n<meta property=\"og:url\" content=\"https:\/\/www.queenscollege.es\/ca\/especial\/reconeixement-internacional\/\" \/>\n<meta property=\"og:site_name\" content=\"Queen\u2019s College\" \/>\n<meta property=\"article:modified_time\" content=\"2016-10-25T08:22:41+00:00\" \/>\n<meta property=\"og:image\" content=\"https:\/\/www.queenscollege.es\/wp-content\/uploads\/2014\/03\/reconocimiento.jpg\" \/>\n\t<meta property=\"og:image:width\" content=\"455\" \/>\n\t<meta property=\"og:image:height\" content=\"367\" \/>\n\t<meta property=\"og:image:type\" content=\"image\/jpeg\" \/>\n<meta name=\"twitter:label1\" content=\"Temps estimat de lectura\" \/>\n\t<meta name=\"twitter:data1\" content=\"3 minuts\" \/>\n<script type=\"application\/ld+json\" class=\"yoast-schema-graph\">{\"@context\":\"https:\/\/schema.org\",\"@graph\":[{\"@type\":\"WebSite\",\"@id\":\"https:\/\/www.queenscollege.es\/en\/#website\",\"url\":\"https:\/\/www.queenscollege.es\/en\/\",\"name\":\"Queen\u2019s College\",\"description\":\"Queen&#039;s College web\",\"potentialAction\":[{\"@type\":\"SearchAction\",\"target\":{\"@type\":\"EntryPoint\",\"urlTemplate\":\"https:\/\/www.queenscollege.es\/en\/?s={search_term_string}\"},\"query-input\":\"required name=search_term_string\"}],\"inLanguage\":\"ca\"},{\"@type\":\"ImageObject\",\"@id\":\"https:\/\/www.queenscollege.es\/ca\/especial\/reconeixement-internacional\/#primaryimage\",\"inLanguage\":\"ca\",\"url\":\"https:\/\/www.queenscollege.es\/wp-content\/uploads\/2014\/03\/reconocimiento.jpg\",\"contentUrl\":\"https:\/\/www.queenscollege.es\/wp-content\/uploads\/2014\/03\/reconocimiento.jpg\",\"width\":455,\"height\":367},{\"@type\":\"WebPage\",\"@id\":\"https:\/\/www.queenscollege.es\/ca\/especial\/reconeixement-internacional\/#webpage\",\"url\":\"https:\/\/www.queenscollege.es\/ca\/especial\/reconeixement-internacional\/\",\"name\":\"Reconeixement internacional - Queen\u2019s College\",\"isPartOf\":{\"@id\":\"https:\/\/www.queenscollege.es\/en\/#website\"},\"primaryImageOfPage\":{\"@id\":\"https:\/\/www.queenscollege.es\/ca\/especial\/reconeixement-internacional\/#primaryimage\"},\"datePublished\":\"2014-03-24T12:50:38+00:00\",\"dateModified\":\"2016-10-25T08:22:41+00:00\",\"breadcrumb\":{\"@id\":\"https:\/\/www.queenscollege.es\/ca\/especial\/reconeixement-internacional\/#breadcrumb\"},\"inLanguage\":\"ca\",\"potentialAction\":[{\"@type\":\"ReadAction\",\"target\":[\"https:\/\/www.queenscollege.es\/ca\/especial\/reconeixement-internacional\/\"]}]},{\"@type\":\"BreadcrumbList\",\"@id\":\"https:\/\/www.queenscollege.es\/ca\/especial\/reconeixement-internacional\/#breadcrumb\",\"itemListElement\":[{\"@type\":\"ListItem\",\"position\":1,\"name\":\"Portada\",\"item\":\"https:\/\/www.queenscollege.es\/\"},{\"@type\":\"ListItem\",\"position\":2,\"name\":\"Especial\",\"item\":\"https:\/\/www.queenscollege.es\/ca\/especial\/\"},{\"@type\":\"ListItem\",\"position\":3,\"name\":\"Reconeixement internacional\"}]}]}<\/script>\n<!-- \/ Yoast SEO plugin. -->","yoast_head_json":{"title":"Reconeixement internacional - Queen\u2019s College","robots":{"index":"index","follow":"follow","max-snippet":"max-snippet:-1","max-image-preview":"max-image-preview:large","max-video-preview":"max-video-preview:-1"},"canonical":"https:\/\/www.queenscollege.es\/ca\/especial\/reconeixement-internacional\/","og_locale":"ca_ES","og_type":"article","og_title":"Reconeixement internacional - Queen\u2019s College","og_url":"https:\/\/www.queenscollege.es\/ca\/especial\/reconeixement-internacional\/","og_site_name":"Queen\u2019s College","article_modified_time":"2016-10-25T08:22:41+00:00","og_image":[{"width":455,"height":367,"url":"https:\/\/www.queenscollege.es\/wp-content\/uploads\/2014\/03\/reconocimiento.jpg","type":"image\/jpeg"}],"twitter_misc":{"Temps estimat de lectura":"3 minuts"},"schema":{"@context":"https:\/\/schema.org","@graph":[{"@type":"WebSite","@id":"https:\/\/www.queenscollege.es\/en\/#website","url":"https:\/\/www.queenscollege.es\/en\/","name":"Queen\u2019s College","description":"Queen&#039;s College web","potentialAction":[{"@type":"SearchAction","target":{"@type":"EntryPoint","urlTemplate":"https:\/\/www.queenscollege.es\/en\/?s={search_term_string}"},"query-input":"required name=search_term_string"}],"inLanguage":"ca"},{"@type":"ImageObject","@id":"https:\/\/www.queenscollege.es\/ca\/especial\/reconeixement-internacional\/#primaryimage","inLanguage":"ca","url":"https:\/\/www.queenscollege.es\/wp-content\/uploads\/2014\/03\/reconocimiento.jpg","contentUrl":"https:\/\/www.queenscollege.es\/wp-content\/uploads\/2014\/03\/reconocimiento.jpg","width":455,"height":367},{"@type":"WebPage","@id":"https:\/\/www.queenscollege.es\/ca\/especial\/reconeixement-internacional\/#webpage","url":"https:\/\/www.queenscollege.es\/ca\/especial\/reconeixement-internacional\/","name":"Reconeixement internacional - Queen\u2019s College","isPartOf":{"@id":"https:\/\/www.queenscollege.es\/en\/#website"},"primaryImageOfPage":{"@id":"https:\/\/www.queenscollege.es\/ca\/especial\/reconeixement-internacional\/#primaryimage"},"datePublished":"2014-03-24T12:50:38+00:00","dateModified":"2016-10-25T08:22:41+00:00","breadcrumb":{"@id":"https:\/\/www.queenscollege.es\/ca\/especial\/reconeixement-internacional\/#breadcrumb"},"inLanguage":"ca","potentialAction":[{"@type":"ReadAction","target":["https:\/\/www.queenscollege.es\/ca\/especial\/reconeixement-internacional\/"]}]},{"@type":"BreadcrumbList","@id":"https:\/\/www.queenscollege.es\/ca\/especial\/reconeixement-internacional\/#breadcrumb","itemListElement":[{"@type":"ListItem","position":1,"name":"Portada","item":"https:\/\/www.queenscollege.es\/"},{"@type":"ListItem","position":2,"name":"Especial","item":"https:\/\/www.queenscollege.es\/ca\/especial\/"},{"@type":"ListItem","position":3,"name":"Reconeixement internacional"}]}]}},"_links":{"self":[{"href":"https:\/\/www.queenscollege.es\/ca\/wp-json\/wp\/v2\/pages\/334"}],"collection":[{"href":"https:\/\/www.queenscollege.es\/ca\/wp-json\/wp\/v2\/pages"}],"about":[{"href":"https:\/\/www.queenscollege.es\/ca\/wp-json\/wp\/v2\/types\/page"}],"author":[{"embeddable":true,"href":"https:\/\/www.queenscollege.es\/ca\/wp-json\/wp\/v2\/users\/10"}],"replies":[{"embeddable":true,"href":"https:\/\/www.queenscollege.es\/ca\/wp-json\/wp\/v2\/comments?post=334"}],"version-history":[{"count":5,"href":"https:\/\/www.queenscollege.es\/ca\/wp-json\/wp\/v2\/pages\/334\/revisions"}],"predecessor-version":[{"id":1388,"href":"https:\/\/www.queenscollege.es\/ca\/wp-json\/wp\/v2\/pages\/334\/revisions\/1388"}],"up":[{"embeddable":true,"href":"https:\/\/www.queenscollege.es\/ca\/wp-json\/wp\/v2\/pages\/969"}],"wp:featuredmedia":[{"embeddable":true,"href":"https:\/\/www.queenscollege.es\/ca\/wp-json\/wp\/v2\/media\/587"}],"wp:attachment":[{"href":"https:\/\/www.queenscollege.es\/ca\/wp-json\/wp\/v2\/media?parent=334"}],"curies":[{"name":"wp","href":"https:\/\/api.w.org\/{rel}","templated":true}]}}