{"id":324,"date":"2014-03-12T16:54:47","date_gmt":"2014-03-12T15:54:47","guid":{"rendered":"http:\/\/www.test.queenscollege.es\/?page_id=324"},"modified":"2026-01-05T12:51:39","modified_gmt":"2026-01-05T11:51:39","slug":"jornada-escolar","status":"publish","type":"page","link":"https:\/\/www.queenscollege.es\/ca\/descobreix-nos\/aspectes-academics\/jornada-escolar\/","title":{"rendered":"Jornada escolar"},"content":{"rendered":"La jornada escolar comen\u00e7a a les 8.50 si b\u00e9 el col\u00b7legi obre les seves portes a les 8:30. El final de la jornada est\u00e0 escalonat en Preescolar, i en Educaci\u00f3 Infantil segons la taula adjunta. Per als altres alumnes, classes acaben a les 15:50 quan comencen una s\u00e8rie d\u2019activitats extraescolars totes les quals finalitzen a les 17:00.\n\nEls horaris de prim\u00e0ria i secund\u00e0ria s\u00f3n distints, tant per a atendre a les diferents necessitats del curr\u00edculo com per a permetre un escalonament dels esbarjos i de les hores dels dinars.\n<h4><a href=\"http:\/\/www.queenscollege.es\/wp-content\/uploads\/2026\/01\/QC-Calendar-2025-26-spa.pdf\">Calendari Curs 2025-2026<\/a>\u00a0(en castell\u00e0)<\/h4>\n<strong>Horari<\/strong>\n<div class=\"table-responsive\">\n<table class=\"table\" style=\"height: 552px;\" width=\"827\">\n<thead>\n<tr>\n<th width=\"274\">Nursery-Reception<\/th>\n<th width=\"299\">Year\u00a01- Year 2<\/th>\n<th width=\"299\">Year 3 &#8211; Year 6<\/th>\n<th width=\"188\">Secundaria<\/th>\n<\/tr>\n<\/thead>\n<tbody>\n<tr>\n<td>08:50 \u2013 10:20 \u2013\u00a0Classe<\/td>\n<td>08:50 \u2013 10:30 \u2013\u00a0Classe<\/td>\n<td>8:50 &#8211; 11:15 &#8211; \u00a0Classe<\/td>\n<td>08.50 \u2013 09.45 \u2013 Classe 1<\/td>\n<\/tr>\n<tr>\n<td>10:20 \u2013 10:40 \u2013\u00a0Berenar<\/td>\n<td>10:30\u00a0\u2013 10:45 \u2013\u00a0Esbarjo<\/td>\n<td>11:15\u00a0&#8211; 11:45\u00a0&#8211;\u00a0Esbarjo<\/td>\n<td>09.45 \u2013 09.55 \u2013 Registre<\/td>\n<\/tr>\n<tr>\n<td>10:45 \u2013 11:00 \u2013\u00a0Esbarjo<\/td>\n<td>10:45 \u2013 11:00 \u2013\u00a0Berenar<\/td>\n<td>11:45 &#8211; 14:00 &#8211; Classe<\/td>\n<td>09.55 \u2013 10.50 \u2013 Classe 2<\/td>\n<\/tr>\n<tr>\n<td>11:00 \u2013 12:00 \u2013 Classe<\/td>\n<td>11.00 &#8211; 12:30 \u2013 Classe<\/td>\n<td>14:00 &#8211; 15:00\u00a0Dinar<\/td>\n<td>10.50 \u2013 11.10 \u2013\u00a0Esbarjo<\/td>\n<\/tr>\n<tr>\n<td>12:00 \u2013 12:30 \u2013\u00a0Dinar<\/td>\n<td>12:30 \u2013 13:30 \u2013 Dinar<\/td>\n<td>15:00 &#8211; 15:45 &#8211; Classe<\/td>\n<td>11.10 \u2013 12.05 \u2013 Classe 3<\/td>\n<\/tr>\n<tr>\n<td>12:30 \u2013 14:00 \u2013 Classe<\/td>\n<td>13:30 \u2013 14:30 \u2013 Classe<\/td>\n<td><\/td>\n<td>12.05 \u2013 13.00 \u2013 Classe 4<\/td>\n<\/tr>\n<tr>\n<td>14:00 \u2013 14:30 \u2013Esbarjo<\/td>\n<td>14:30 \u2013 14:45 \u2013 Esbarjo<\/td>\n<td><\/td>\n<td>13.00 \u2013 14.00 \u2013\u00a0Dinar<\/td>\n<\/tr>\n<tr>\n<td>14:30 \u2013 15:30 \u2013 Classe<\/td>\n<td>14:45 \u2013 15:45 \u2013 Clase<\/td>\n<td><\/td>\n<td>14.00 \u2013 14.55 \u2013 Classe 5<\/td>\n<\/tr>\n<tr>\n<td><\/td>\n<td><\/td>\n<td><\/td>\n<td>14.55 \u2013 15.50 \u2013 Classe 6<\/td>\n<\/tr>\n<tr class=\"active\">\n<td colspan=\"4\"><strong>Activitats Extraescolars<\/strong><\/td>\n<\/tr>\n<tr>\n<td>16.00 \u2013 17.00<\/td>\n<td>16.00 \u2013 17.00<\/td>\n<td>\u00a016:00 &#8211; 17:00<\/td>\n<td>16.00 \u2013 17.00<\/td>\n<\/tr>\n<\/tbody>\n<\/table>\n<\/div>","protected":false},"excerpt":{"rendered":"La jornada escolar comen\u00e7a a les 8.50 si b\u00e9 el col\u00b7legi obre les seves portes a les 8:30. El final de la jornada est\u00e0 escalonat en Preescolar, i en Educaci\u00f3 Infantil segons la taula adjunta. Per als altres alumnes, classes &hellip; <a href=\"https:\/\/www.queenscollege.es\/ca\/descobreix-nos\/aspectes-academics\/jornada-escolar\/\">Llegir m\u00e9s<\/a>","protected":false},"author":10,"featured_media":0,"parent":701,"menu_order":5,"comment_status":"open","ping_status":"open","template":"","meta":[],"yoast_head":"<!-- This site is optimized with the Yoast SEO plugin v18.5.1 - https:\/\/yoast.com\/wordpress\/plugins\/seo\/ -->\n<title>Jornada escolar - Queen\u2019s College<\/title>\n<meta name=\"robots\" content=\"index, follow, max-snippet:-1, max-image-preview:large, max-video-preview:-1\" \/>\n<link rel=\"canonical\" href=\"https:\/\/www.queenscollege.es\/ca\/descobreix-nos\/aspectes-academics\/jornada-escolar\/\" \/>\n<meta property=\"og:locale\" content=\"ca_ES\" \/>\n<meta property=\"og:type\" content=\"article\" \/>\n<meta property=\"og:title\" content=\"Jornada escolar - Queen\u2019s College\" \/>\n<meta property=\"og:description\" content=\"La jornada escolar comen\u00e7a a les 8.50 si b\u00e9 el col\u00b7legi obre les seves portes a les 8:30. El final de la jornada est\u00e0 escalonat en Preescolar, i en Educaci\u00f3 Infantil segons la taula adjunta. Per als altres alumnes, classes &hellip; Llegir m\u00e9s\" \/>\n<meta property=\"og:url\" content=\"https:\/\/www.queenscollege.es\/ca\/descobreix-nos\/aspectes-academics\/jornada-escolar\/\" \/>\n<meta property=\"og:site_name\" content=\"Queen\u2019s College\" \/>\n<meta property=\"article:modified_time\" content=\"2026-01-05T11:51:39+00:00\" \/>\n<meta name=\"twitter:label1\" content=\"Temps estimat de lectura\" \/>\n\t<meta name=\"twitter:data1\" content=\"1 minut\" \/>\n<script type=\"application\/ld+json\" class=\"yoast-schema-graph\">{\"@context\":\"https:\/\/schema.org\",\"@graph\":[{\"@type\":\"WebSite\",\"@id\":\"https:\/\/www.queenscollege.es\/en\/#website\",\"url\":\"https:\/\/www.queenscollege.es\/en\/\",\"name\":\"Queen\u2019s College\",\"description\":\"Queen&#039;s College web\",\"potentialAction\":[{\"@type\":\"SearchAction\",\"target\":{\"@type\":\"EntryPoint\",\"urlTemplate\":\"https:\/\/www.queenscollege.es\/en\/?s={search_term_string}\"},\"query-input\":\"required name=search_term_string\"}],\"inLanguage\":\"ca\"},{\"@type\":\"WebPage\",\"@id\":\"https:\/\/www.queenscollege.es\/ca\/descobreix-nos\/aspectes-academics\/jornada-escolar\/#webpage\",\"url\":\"https:\/\/www.queenscollege.es\/ca\/descobreix-nos\/aspectes-academics\/jornada-escolar\/\",\"name\":\"Jornada escolar - Queen\u2019s College\",\"isPartOf\":{\"@id\":\"https:\/\/www.queenscollege.es\/en\/#website\"},\"datePublished\":\"2014-03-12T15:54:47+00:00\",\"dateModified\":\"2026-01-05T11:51:39+00:00\",\"breadcrumb\":{\"@id\":\"https:\/\/www.queenscollege.es\/ca\/descobreix-nos\/aspectes-academics\/jornada-escolar\/#breadcrumb\"},\"inLanguage\":\"ca\",\"potentialAction\":[{\"@type\":\"ReadAction\",\"target\":[\"https:\/\/www.queenscollege.es\/ca\/descobreix-nos\/aspectes-academics\/jornada-escolar\/\"]}]},{\"@type\":\"BreadcrumbList\",\"@id\":\"https:\/\/www.queenscollege.es\/ca\/descobreix-nos\/aspectes-academics\/jornada-escolar\/#breadcrumb\",\"itemListElement\":[{\"@type\":\"ListItem\",\"position\":1,\"name\":\"Portada\",\"item\":\"https:\/\/www.queenscollege.es\/\"},{\"@type\":\"ListItem\",\"position\":2,\"name\":\"Descobreix-nos\",\"item\":\"https:\/\/www.queenscollege.es\/ca\/descobreix-nos\/\"},{\"@type\":\"ListItem\",\"position\":3,\"name\":\"Aspectes Acad\u00e8mics\",\"item\":\"https:\/\/www.queenscollege.es\/ca\/descobreix-nos\/aspectes-academics\/\"},{\"@type\":\"ListItem\",\"position\":4,\"name\":\"Jornada escolar\"}]}]}<\/script>\n<!-- \/ Yoast SEO plugin. -->","yoast_head_json":{"title":"Jornada escolar - Queen\u2019s College","robots":{"index":"index","follow":"follow","max-snippet":"max-snippet:-1","max-image-preview":"max-image-preview:large","max-video-preview":"max-video-preview:-1"},"canonical":"https:\/\/www.queenscollege.es\/ca\/descobreix-nos\/aspectes-academics\/jornada-escolar\/","og_locale":"ca_ES","og_type":"article","og_title":"Jornada escolar - Queen\u2019s College","og_description":"La jornada escolar comen\u00e7a a les 8.50 si b\u00e9 el col\u00b7legi obre les seves portes a les 8:30. El final de la jornada est\u00e0 escalonat en Preescolar, i en Educaci\u00f3 Infantil segons la taula adjunta. Per als altres alumnes, classes &hellip; Llegir m\u00e9s","og_url":"https:\/\/www.queenscollege.es\/ca\/descobreix-nos\/aspectes-academics\/jornada-escolar\/","og_site_name":"Queen\u2019s College","article_modified_time":"2026-01-05T11:51:39+00:00","twitter_misc":{"Temps estimat de lectura":"1 minut"},"schema":{"@context":"https:\/\/schema.org","@graph":[{"@type":"WebSite","@id":"https:\/\/www.queenscollege.es\/en\/#website","url":"https:\/\/www.queenscollege.es\/en\/","name":"Queen\u2019s College","description":"Queen&#039;s College web","potentialAction":[{"@type":"SearchAction","target":{"@type":"EntryPoint","urlTemplate":"https:\/\/www.queenscollege.es\/en\/?s={search_term_string}"},"query-input":"required name=search_term_string"}],"inLanguage":"ca"},{"@type":"WebPage","@id":"https:\/\/www.queenscollege.es\/ca\/descobreix-nos\/aspectes-academics\/jornada-escolar\/#webpage","url":"https:\/\/www.queenscollege.es\/ca\/descobreix-nos\/aspectes-academics\/jornada-escolar\/","name":"Jornada escolar - Queen\u2019s College","isPartOf":{"@id":"https:\/\/www.queenscollege.es\/en\/#website"},"datePublished":"2014-03-12T15:54:47+00:00","dateModified":"2026-01-05T11:51:39+00:00","breadcrumb":{"@id":"https:\/\/www.queenscollege.es\/ca\/descobreix-nos\/aspectes-academics\/jornada-escolar\/#breadcrumb"},"inLanguage":"ca","potentialAction":[{"@type":"ReadAction","target":["https:\/\/www.queenscollege.es\/ca\/descobreix-nos\/aspectes-academics\/jornada-escolar\/"]}]},{"@type":"BreadcrumbList","@id":"https:\/\/www.queenscollege.es\/ca\/descobreix-nos\/aspectes-academics\/jornada-escolar\/#breadcrumb","itemListElement":[{"@type":"ListItem","position":1,"name":"Portada","item":"https:\/\/www.queenscollege.es\/"},{"@type":"ListItem","position":2,"name":"Descobreix-nos","item":"https:\/\/www.queenscollege.es\/ca\/descobreix-nos\/"},{"@type":"ListItem","position":3,"name":"Aspectes Acad\u00e8mics","item":"https:\/\/www.queenscollege.es\/ca\/descobreix-nos\/aspectes-academics\/"},{"@type":"ListItem","position":4,"name":"Jornada escolar"}]}]}},"_links":{"self":[{"href":"https:\/\/www.queenscollege.es\/ca\/wp-json\/wp\/v2\/pages\/324"}],"collection":[{"href":"https:\/\/www.queenscollege.es\/ca\/wp-json\/wp\/v2\/pages"}],"about":[{"href":"https:\/\/www.queenscollege.es\/ca\/wp-json\/wp\/v2\/types\/page"}],"author":[{"embeddable":true,"href":"https:\/\/www.queenscollege.es\/ca\/wp-json\/wp\/v2\/users\/10"}],"replies":[{"embeddable":true,"href":"https:\/\/www.queenscollege.es\/ca\/wp-json\/wp\/v2\/comments?post=324"}],"version-history":[{"count":25,"href":"https:\/\/www.queenscollege.es\/ca\/wp-json\/wp\/v2\/pages\/324\/revisions"}],"predecessor-version":[{"id":69662,"href":"https:\/\/www.queenscollege.es\/ca\/wp-json\/wp\/v2\/pages\/324\/revisions\/69662"}],"up":[{"embeddable":true,"href":"https:\/\/www.queenscollege.es\/ca\/wp-json\/wp\/v2\/pages\/701"}],"wp:attachment":[{"href":"https:\/\/www.queenscollege.es\/ca\/wp-json\/wp\/v2\/media?parent=324"}],"curies":[{"name":"wp","href":"https:\/\/api.w.org\/{rel}","templated":true}]}}