{"id":294,"date":"2014-03-12T16:53:11","date_gmt":"2014-03-21T13:37:14","guid":{"rendered":"http:\/\/www.test.queenscollege.es\/?page_id=294"},"modified":"2017-06-07T15:46:47","modified_gmt":"2017-06-07T14:46:47","slug":"primaria","status":"publish","type":"page","link":"https:\/\/www.queenscollege.es\/ca\/descobreix-nos\/aspectes-academics\/primaria\/","title":{"rendered":"Prim\u00e0ria"},"content":{"rendered":"<p> <div class=\"none\" style=\"margin-top:20px;\"><\/div><\/p><p><strong>Departament de Prim\u00e0ria<\/strong><\/p><p>Com a la majoria de les escoles d\u2019educaci\u00f3 prim\u00e0ries, una part de la jornada lectiva es dedica a temes transversals que ella\u00e7en amb una o varies assignatures.<\/p><p>Per aquest motiu l\u2019horari escolar no est\u00e0 distribuit r\u00edgidament ja que els proyectes poden cobrir diferents \u00e0rees.<\/p><p>El programa educatiu est\u00e0 en constant evoluci\u00f3 subjecte a actualitzacions, redefinicions o millores procedents del Curr\u00edculum Nacional Angl\u00e8s.<\/p><p>Els resums del Curr\u00edculum de cada curs acad\u00e8mic s\u00f3n explicats al principi de l\u2019any acad\u00e8mic i estan a la disposici\u00f3 dels pares si ho requereixen.<\/p><div class=\"table-responsive\"><table class=\"table\" style=\"background-color: #fff8e3;\"><thead><tr><th>Niveles<\/th><td>Clases<\/td><td>Edades<\/td><td>Cursos Espa\u00f1oles<\/td><\/tr><\/thead><tbody><tr><th>The Foundation Stage<\/th><td>Nursery y Recepci\u00f3n<\/td><td>3-5 a\u00f1os<\/td><td>1\u00ba y 2\u00ba Ed. Infantil<\/td><\/tr><tr><th>Key Stage 1<\/th><td>Y1 &#8211; Y2<\/td><td>5-7 a\u00f1os<\/td><td>3\u00ba Ed. Infantil y 1\u00ba Primaria<\/td><\/tr><tr><th>Key Stage 2<\/th><td>Y3 &#8211; Y6<\/td><td>7-11 a\u00f1os<\/td><td>2\u00ba a 5\u00ba Primaria<\/td><\/tr><\/tbody><\/table><\/div><p><strong>L\u2019Etapa Preparat\u00f2ria<\/strong><\/p><p>Les classes de Nursery i Reception formen part del que \u00e9s conegut com l\u2019Etapa Preparat\u00f2ria. Els nins en aquesta etapa aprenen, a trav\u00e9s del joc, a desenvolupar les capacitats necess\u00e0ries per als futurs aprenentatges. Comencen a tenir consci\u00e8ncia del m\u00f3n que els envolta afrontant els reptes i vivint noves experi\u00e8ncies cada dia.<\/p><p>L\u2019Etapa Preparat\u00f2ria t\u00e9 sis \u00e0rees de desenvolupament:<\/p><p>&nbsp;<\/p><ul><li>Llenguatge i comunicaci\u00f3<\/li><li>Desenvolupament f\u00edsic<\/li><li>Matem\u00e0tiques<\/li><li>Coneixement i enteniment del m\u00f3n<\/li><li>Desenvolupament emocional, social i personal\u00a0<\/li><li>Creatiu<\/li><li>Lectoescritura\u00a0<\/li><\/ul><div class=\"columnize-me\" data-width=\"500\"><\/p><p><strong>Key Stage 1<\/strong><\/p><p>En aquesta etapa, els alumnes aprenen les seg\u00fcents mat\u00e8ries:<\/p><ul><li>Angl\u00e8s<\/li><li>Matem\u00e0tiques<\/li><li>Ci\u00e8ncies<\/li><li>Geografia<\/li><li>Hist\u00f2ria<\/li><li>PHSE &amp; Citizenship\/SEAL (Aspectes Socials i Emocionals del coneixement)<\/li><li>Art \/ Disseny i Tecnologia<\/li><li>Tecnologies de la Informaci\u00f3 i Comunicaci\u00f3 (TIC)<\/li><li>Educaci\u00f3 F\u00edsica<\/li><li>M\u00fasica<\/li><li>Llengua Espanyola<\/li><li>Catal\u00e0 (nom\u00e9s Y2)<\/li><li>Xin\u00e8s<\/li><\/ul><p>&nbsp;<\/p><p><strong>Key Stage 2<\/strong><\/p><p>En aquesta etapa, s\u2019imparteixen les seg\u00fcents mat\u00e8ries:<\/p><ul><li>Angl\u00e8s<\/li><li>Matem\u00e0tiques<\/li><li>Ci\u00e8ncies<\/li><li>Tecnologies de la Informaci\u00f3 i Comunicaci\u00f3 (TIC)<\/li><li>Geografia\/ Estudis medioambientals<\/li><li>Hist\u00f2ria<\/li><li>PHSE &amp; Citizenship\/SEAL (Aspectes Socials i Emocionals del coneixement)<\/li><li>Art \/ Disseny i Tecnologia<\/li><li>Educaci\u00f3 F\u00edsica<\/li><li>M\u00fasica<\/li><li>Llengua Espanyola<\/li><li>Catal\u00e0<\/li><\/ul><p><\/div>","protected":false},"excerpt":{"rendered":"Departament de Prim\u00e0riaCom a la majoria de les escoles d\u2019educaci\u00f3 prim\u00e0ries, una part de la jornada lectiva es dedica a temes transversals que ella\u00e7en amb una o varies assignatures.Per aquest motiu l\u2019horari escolar no est\u00e0 distribuit r\u00edgidament ja que els &hellip; <a href=\"https:\/\/www.queenscollege.es\/ca\/descobreix-nos\/aspectes-academics\/primaria\/\">Llegir m\u00e9s<\/a>","protected":false},"author":10,"featured_media":0,"parent":701,"menu_order":3,"comment_status":"open","ping_status":"open","template":"","meta":[],"yoast_head":"<!-- This site is optimized with the Yoast SEO plugin v18.5.1 - https:\/\/yoast.com\/wordpress\/plugins\/seo\/ -->\n<title>Prim\u00e0ria - Queen\u2019s College<\/title>\n<meta name=\"robots\" content=\"index, follow, max-snippet:-1, max-image-preview:large, max-video-preview:-1\" \/>\n<link rel=\"canonical\" href=\"https:\/\/www.queenscollege.es\/ca\/descobreix-nos\/aspectes-academics\/primaria\/\" \/>\n<meta property=\"og:locale\" content=\"ca_ES\" \/>\n<meta property=\"og:type\" content=\"article\" \/>\n<meta property=\"og:title\" content=\"Prim\u00e0ria - Queen\u2019s College\" \/>\n<meta property=\"og:description\" content=\"Departament de Prim\u00e0riaCom a la majoria de les escoles d\u2019educaci\u00f3 prim\u00e0ries, una part de la jornada lectiva es dedica a temes transversals que ella\u00e7en amb una o varies assignatures.Per aquest motiu l\u2019horari escolar no est\u00e0 distribuit r\u00edgidament ja que els &hellip; Llegir m\u00e9s\" \/>\n<meta property=\"og:url\" content=\"https:\/\/www.queenscollege.es\/ca\/descobreix-nos\/aspectes-academics\/primaria\/\" \/>\n<meta property=\"og:site_name\" content=\"Queen\u2019s College\" \/>\n<meta property=\"article:modified_time\" content=\"2017-06-07T14:46:47+00:00\" \/>\n<meta name=\"twitter:label1\" content=\"Temps estimat de lectura\" \/>\n\t<meta name=\"twitter:data1\" content=\"2 minuts\" \/>\n<script type=\"application\/ld+json\" class=\"yoast-schema-graph\">{\"@context\":\"https:\/\/schema.org\",\"@graph\":[{\"@type\":\"WebSite\",\"@id\":\"https:\/\/www.queenscollege.es\/en\/#website\",\"url\":\"https:\/\/www.queenscollege.es\/en\/\",\"name\":\"Queen\u2019s College\",\"description\":\"Queen&#039;s College web\",\"potentialAction\":[{\"@type\":\"SearchAction\",\"target\":{\"@type\":\"EntryPoint\",\"urlTemplate\":\"https:\/\/www.queenscollege.es\/en\/?s={search_term_string}\"},\"query-input\":\"required name=search_term_string\"}],\"inLanguage\":\"ca\"},{\"@type\":\"WebPage\",\"@id\":\"https:\/\/www.queenscollege.es\/ca\/descobreix-nos\/aspectes-academics\/primaria\/#webpage\",\"url\":\"https:\/\/www.queenscollege.es\/ca\/descobreix-nos\/aspectes-academics\/primaria\/\",\"name\":\"Prim\u00e0ria - Queen\u2019s College\",\"isPartOf\":{\"@id\":\"https:\/\/www.queenscollege.es\/en\/#website\"},\"datePublished\":\"2014-03-21T13:37:14+00:00\",\"dateModified\":\"2017-06-07T14:46:47+00:00\",\"breadcrumb\":{\"@id\":\"https:\/\/www.queenscollege.es\/ca\/descobreix-nos\/aspectes-academics\/primaria\/#breadcrumb\"},\"inLanguage\":\"ca\",\"potentialAction\":[{\"@type\":\"ReadAction\",\"target\":[\"https:\/\/www.queenscollege.es\/ca\/descobreix-nos\/aspectes-academics\/primaria\/\"]}]},{\"@type\":\"BreadcrumbList\",\"@id\":\"https:\/\/www.queenscollege.es\/ca\/descobreix-nos\/aspectes-academics\/primaria\/#breadcrumb\",\"itemListElement\":[{\"@type\":\"ListItem\",\"position\":1,\"name\":\"Portada\",\"item\":\"https:\/\/www.queenscollege.es\/\"},{\"@type\":\"ListItem\",\"position\":2,\"name\":\"Descobreix-nos\",\"item\":\"https:\/\/www.queenscollege.es\/ca\/descobreix-nos\/\"},{\"@type\":\"ListItem\",\"position\":3,\"name\":\"Aspectes Acad\u00e8mics\",\"item\":\"https:\/\/www.queenscollege.es\/ca\/descobreix-nos\/aspectes-academics\/\"},{\"@type\":\"ListItem\",\"position\":4,\"name\":\"Prim\u00e0ria\"}]}]}<\/script>\n<!-- \/ Yoast SEO plugin. -->","yoast_head_json":{"title":"Prim\u00e0ria - Queen\u2019s College","robots":{"index":"index","follow":"follow","max-snippet":"max-snippet:-1","max-image-preview":"max-image-preview:large","max-video-preview":"max-video-preview:-1"},"canonical":"https:\/\/www.queenscollege.es\/ca\/descobreix-nos\/aspectes-academics\/primaria\/","og_locale":"ca_ES","og_type":"article","og_title":"Prim\u00e0ria - Queen\u2019s College","og_description":"Departament de Prim\u00e0riaCom a la majoria de les escoles d\u2019educaci\u00f3 prim\u00e0ries, una part de la jornada lectiva es dedica a temes transversals que ella\u00e7en amb una o varies assignatures.Per aquest motiu l\u2019horari escolar no est\u00e0 distribuit r\u00edgidament ja que els &hellip; Llegir m\u00e9s","og_url":"https:\/\/www.queenscollege.es\/ca\/descobreix-nos\/aspectes-academics\/primaria\/","og_site_name":"Queen\u2019s College","article_modified_time":"2017-06-07T14:46:47+00:00","twitter_misc":{"Temps estimat de lectura":"2 minuts"},"schema":{"@context":"https:\/\/schema.org","@graph":[{"@type":"WebSite","@id":"https:\/\/www.queenscollege.es\/en\/#website","url":"https:\/\/www.queenscollege.es\/en\/","name":"Queen\u2019s College","description":"Queen&#039;s College web","potentialAction":[{"@type":"SearchAction","target":{"@type":"EntryPoint","urlTemplate":"https:\/\/www.queenscollege.es\/en\/?s={search_term_string}"},"query-input":"required name=search_term_string"}],"inLanguage":"ca"},{"@type":"WebPage","@id":"https:\/\/www.queenscollege.es\/ca\/descobreix-nos\/aspectes-academics\/primaria\/#webpage","url":"https:\/\/www.queenscollege.es\/ca\/descobreix-nos\/aspectes-academics\/primaria\/","name":"Prim\u00e0ria - Queen\u2019s College","isPartOf":{"@id":"https:\/\/www.queenscollege.es\/en\/#website"},"datePublished":"2014-03-21T13:37:14+00:00","dateModified":"2017-06-07T14:46:47+00:00","breadcrumb":{"@id":"https:\/\/www.queenscollege.es\/ca\/descobreix-nos\/aspectes-academics\/primaria\/#breadcrumb"},"inLanguage":"ca","potentialAction":[{"@type":"ReadAction","target":["https:\/\/www.queenscollege.es\/ca\/descobreix-nos\/aspectes-academics\/primaria\/"]}]},{"@type":"BreadcrumbList","@id":"https:\/\/www.queenscollege.es\/ca\/descobreix-nos\/aspectes-academics\/primaria\/#breadcrumb","itemListElement":[{"@type":"ListItem","position":1,"name":"Portada","item":"https:\/\/www.queenscollege.es\/"},{"@type":"ListItem","position":2,"name":"Descobreix-nos","item":"https:\/\/www.queenscollege.es\/ca\/descobreix-nos\/"},{"@type":"ListItem","position":3,"name":"Aspectes Acad\u00e8mics","item":"https:\/\/www.queenscollege.es\/ca\/descobreix-nos\/aspectes-academics\/"},{"@type":"ListItem","position":4,"name":"Prim\u00e0ria"}]}]}},"_links":{"self":[{"href":"https:\/\/www.queenscollege.es\/ca\/wp-json\/wp\/v2\/pages\/294"}],"collection":[{"href":"https:\/\/www.queenscollege.es\/ca\/wp-json\/wp\/v2\/pages"}],"about":[{"href":"https:\/\/www.queenscollege.es\/ca\/wp-json\/wp\/v2\/types\/page"}],"author":[{"embeddable":true,"href":"https:\/\/www.queenscollege.es\/ca\/wp-json\/wp\/v2\/users\/10"}],"replies":[{"embeddable":true,"href":"https:\/\/www.queenscollege.es\/ca\/wp-json\/wp\/v2\/comments?post=294"}],"version-history":[{"count":9,"href":"https:\/\/www.queenscollege.es\/ca\/wp-json\/wp\/v2\/pages\/294\/revisions"}],"predecessor-version":[{"id":1531,"href":"https:\/\/www.queenscollege.es\/ca\/wp-json\/wp\/v2\/pages\/294\/revisions\/1531"}],"up":[{"embeddable":true,"href":"https:\/\/www.queenscollege.es\/ca\/wp-json\/wp\/v2\/pages\/701"}],"wp:attachment":[{"href":"https:\/\/www.queenscollege.es\/ca\/wp-json\/wp\/v2\/media?parent=294"}],"curies":[{"name":"wp","href":"https:\/\/api.w.org\/{rel}","templated":true}]}}