{"id":285,"date":"2014-03-12T15:31:56","date_gmt":"2014-03-21T13:28:24","guid":{"rendered":"http:\/\/www.test.queenscollege.es\/?page_id=285"},"modified":"2014-05-29T10:55:19","modified_gmt":"2014-05-29T09:55:19","slug":"equivalencies-sistema-espanyol","status":"publish","type":"page","link":"https:\/\/www.queenscollege.es\/ca\/descobreix-nos\/aspectes-academics\/equivalencies-sistema-espanyol\/","title":{"rendered":"Equival\u00e8ncies sistema espanyol"},"content":{"rendered":"<p>A continuaci\u00f3 la taula d\u2019equival\u00e8ncies entre els cursos del sistema brit\u00e0nic i del sistema educatiu espanyol.<\/p>\r\n\r\n<p>Els alumnes espanyols y tots aquells que realitzin les\u00a0assignatures\u00a0de la secci\u00f3 espanyola, reben una homologaci\u00f3 autom\u00e0tica dels seus t\u00edtols de Graduat en Educaci\u00f3 Secund\u00e0ria i de Batxillerat.<\/p>\r\n\r\n<div class=\"table-responsive\">\r\n<table class=\"table\" style=\"background-color: #FFF8E3;\">\r\n<thead>\r\n<tr>\r\n<th width=\"48\">\u00a0Edad<\/th>\r\n<th colspan=\"2\" align=\"center\" class=\"al-c\">Curso<\/th>\r\n<th width=\"233\">Equivalente\r\n\r\nSistema espa\u00f1ol<\/th>\r\n<\/tr>\r\n<\/thead>\r\n<tbody>\r\n<tr>\r\n<td>3\/4<\/td>\r\n<td width=\"118\" rowspan=\"2\" style=\"background-color:#fffbee\">The Foundation\r\n\r\nStage<\/td>\r\n<td width=\"130\">Nursery<\/td>\r\n<td>1\u00ba Educaci\u00f3n infantil<\/td>\r\n<\/tr>\r\n<tr>\r\n<td>4\/5<\/td>\r\n<td>Reception<\/td>\r\n<td>2\u00ba Educaci\u00f3n infantil<\/td>\r\n<\/tr>\r\n<tr>\r\n<td>5\/6<\/td>\r\n<td rowspan=\"2\" style=\"background-color:#fffbee\">Key\r\n\r\nStage 1<\/td>\r\n<td>Year 1<\/td>\r\n<td>3\u00ba Educaci\u00f3n infantil<\/td>\r\n<\/tr>\r\n<tr>\r\n<td>6\/7<\/td>\r\n<td>Year 2<\/td>\r\n<td>1\u00ba Primaria<\/td>\r\n<\/tr>\r\n<tr>\r\n<td>7\/8<\/td>\r\n<td rowspan=\"4\" style=\"background-color:#fffbee\">Key\r\n\r\nStage 2<\/td>\r\n<td>Year 3<\/td>\r\n<td>2\u00ba Primaria<\/td>\r\n<\/tr>\r\n<tr>\r\n<td>8\/9<\/td>\r\n<td>Year 4<\/td>\r\n<td>3\u00ba Primaria<\/td>\r\n<\/tr>\r\n<tr>\r\n<td>9\/10<\/td>\r\n<td>Year 5<\/td>\r\n<td>4\u00ba Primaria<\/td>\r\n<\/tr>\r\n<tr>\r\n<td>10\/11<\/td>\r\n<td>Year 6<\/td>\r\n<td>5\u00ba Primaria<\/td>\r\n<\/tr>\r\n<tr>\r\n<td>11\/12<\/td>\r\n<td rowspan=\"3\" style=\"background-color:#fffbee\">Key\r\n\r\nStage 3<\/td>\r\n<td>Year 7<\/td>\r\n<td>6\u00ba Primaria<\/td>\r\n<\/tr>\r\n<tr>\r\n<td>12\/13<\/td>\r\n<td>Year 8<\/td>\r\n<td>1\u00ba ESO<\/td>\r\n<\/tr>\r\n<tr>\r\n<td>13\/14<\/td>\r\n<td>Year 9<\/td>\r\n<td>2\u00ba ESO<\/td>\r\n<\/tr>\r\n<tr>\r\n<td>14\/15<\/td>\r\n<td rowspan=\"2\" style=\"background-color:#fffbee\">Key\r\n\r\nStage 4<\/td>\r\n<td>Year 10<\/td>\r\n<td>3\u00ba ESO<\/td>\r\n<\/tr>\r\n<tr>\r\n<td>15\/16<\/td>\r\n<td>Year 11<\/td>\r\n<td>4\u00ba ESO<\/td>\r\n<\/tr>\r\n<tr>\r\n<td>16\/17<\/td>\r\n<td rowspan=\"2\" style=\"background-color:#fffbee\">Sixth Form<\/td>\r\n<td>Year 12<\/td>\r\n<td>1\u00ba Bachillerato<\/td>\r\n<\/tr>\r\n<tr>\r\n<td>17\/18<\/td>\r\n<td>Year 13<\/td>\r\n<td>2\u00ba Bachillerato<\/td>\r\n<\/tr>\r\n<\/tbody>\r\n<\/table>\r\n<\/div>","protected":false},"excerpt":{"rendered":"A continuaci\u00f3 la taula d\u2019equival\u00e8ncies entre els cursos del sistema brit\u00e0nic i del sistema educatiu espanyol. Els alumnes espanyols y tots aquells que realitzin les\u00a0assignatures\u00a0de la secci\u00f3 espanyola, reben una homologaci\u00f3 autom\u00e0tica dels seus t\u00edtols de Graduat en Educaci\u00f3 Secund\u00e0ria &hellip; <a href=\"https:\/\/www.queenscollege.es\/ca\/descobreix-nos\/aspectes-academics\/equivalencies-sistema-espanyol\/\">Llegir m\u00e9s<\/a>","protected":false},"author":10,"featured_media":0,"parent":701,"menu_order":2,"comment_status":"open","ping_status":"open","template":"","meta":[],"yoast_head":"<!-- This site is optimized with the Yoast SEO plugin v18.5.1 - https:\/\/yoast.com\/wordpress\/plugins\/seo\/ -->\n<title>Equival\u00e8ncies sistema espanyol - Queen\u2019s College<\/title>\n<meta name=\"robots\" content=\"index, follow, max-snippet:-1, max-image-preview:large, max-video-preview:-1\" \/>\n<link rel=\"canonical\" href=\"https:\/\/www.queenscollege.es\/ca\/descobreix-nos\/aspectes-academics\/equivalencies-sistema-espanyol\/\" \/>\n<meta property=\"og:locale\" content=\"ca_ES\" \/>\n<meta property=\"og:type\" content=\"article\" \/>\n<meta property=\"og:title\" content=\"Equival\u00e8ncies sistema espanyol - Queen\u2019s College\" \/>\n<meta property=\"og:description\" content=\"A continuaci\u00f3 la taula d\u2019equival\u00e8ncies entre els cursos del sistema brit\u00e0nic i del sistema educatiu espanyol. Els alumnes espanyols y tots aquells que realitzin les\u00a0assignatures\u00a0de la secci\u00f3 espanyola, reben una homologaci\u00f3 autom\u00e0tica dels seus t\u00edtols de Graduat en Educaci\u00f3 Secund\u00e0ria &hellip; Llegir m\u00e9s\" \/>\n<meta property=\"og:url\" content=\"https:\/\/www.queenscollege.es\/ca\/descobreix-nos\/aspectes-academics\/equivalencies-sistema-espanyol\/\" \/>\n<meta property=\"og:site_name\" content=\"Queen\u2019s College\" \/>\n<meta property=\"article:modified_time\" content=\"2014-05-29T09:55:19+00:00\" \/>\n<meta name=\"twitter:label1\" content=\"Temps estimat de lectura\" \/>\n\t<meta name=\"twitter:data1\" content=\"1 minut\" \/>\n<script type=\"application\/ld+json\" class=\"yoast-schema-graph\">{\"@context\":\"https:\/\/schema.org\",\"@graph\":[{\"@type\":\"WebSite\",\"@id\":\"https:\/\/www.queenscollege.es\/en\/#website\",\"url\":\"https:\/\/www.queenscollege.es\/en\/\",\"name\":\"Queen\u2019s College\",\"description\":\"Queen&#039;s College web\",\"potentialAction\":[{\"@type\":\"SearchAction\",\"target\":{\"@type\":\"EntryPoint\",\"urlTemplate\":\"https:\/\/www.queenscollege.es\/en\/?s={search_term_string}\"},\"query-input\":\"required name=search_term_string\"}],\"inLanguage\":\"ca\"},{\"@type\":\"WebPage\",\"@id\":\"https:\/\/www.queenscollege.es\/ca\/descobreix-nos\/aspectes-academics\/equivalencies-sistema-espanyol\/#webpage\",\"url\":\"https:\/\/www.queenscollege.es\/ca\/descobreix-nos\/aspectes-academics\/equivalencies-sistema-espanyol\/\",\"name\":\"Equival\u00e8ncies sistema espanyol - Queen\u2019s College\",\"isPartOf\":{\"@id\":\"https:\/\/www.queenscollege.es\/en\/#website\"},\"datePublished\":\"2014-03-21T13:28:24+00:00\",\"dateModified\":\"2014-05-29T09:55:19+00:00\",\"breadcrumb\":{\"@id\":\"https:\/\/www.queenscollege.es\/ca\/descobreix-nos\/aspectes-academics\/equivalencies-sistema-espanyol\/#breadcrumb\"},\"inLanguage\":\"ca\",\"potentialAction\":[{\"@type\":\"ReadAction\",\"target\":[\"https:\/\/www.queenscollege.es\/ca\/descobreix-nos\/aspectes-academics\/equivalencies-sistema-espanyol\/\"]}]},{\"@type\":\"BreadcrumbList\",\"@id\":\"https:\/\/www.queenscollege.es\/ca\/descobreix-nos\/aspectes-academics\/equivalencies-sistema-espanyol\/#breadcrumb\",\"itemListElement\":[{\"@type\":\"ListItem\",\"position\":1,\"name\":\"Portada\",\"item\":\"https:\/\/www.queenscollege.es\/\"},{\"@type\":\"ListItem\",\"position\":2,\"name\":\"Descobreix-nos\",\"item\":\"https:\/\/www.queenscollege.es\/ca\/descobreix-nos\/\"},{\"@type\":\"ListItem\",\"position\":3,\"name\":\"Aspectes Acad\u00e8mics\",\"item\":\"https:\/\/www.queenscollege.es\/ca\/descobreix-nos\/aspectes-academics\/\"},{\"@type\":\"ListItem\",\"position\":4,\"name\":\"Equival\u00e8ncies sistema espanyol\"}]}]}<\/script>\n<!-- \/ Yoast SEO plugin. -->","yoast_head_json":{"title":"Equival\u00e8ncies sistema espanyol - Queen\u2019s College","robots":{"index":"index","follow":"follow","max-snippet":"max-snippet:-1","max-image-preview":"max-image-preview:large","max-video-preview":"max-video-preview:-1"},"canonical":"https:\/\/www.queenscollege.es\/ca\/descobreix-nos\/aspectes-academics\/equivalencies-sistema-espanyol\/","og_locale":"ca_ES","og_type":"article","og_title":"Equival\u00e8ncies sistema espanyol - Queen\u2019s College","og_description":"A continuaci\u00f3 la taula d\u2019equival\u00e8ncies entre els cursos del sistema brit\u00e0nic i del sistema educatiu espanyol. Els alumnes espanyols y tots aquells que realitzin les\u00a0assignatures\u00a0de la secci\u00f3 espanyola, reben una homologaci\u00f3 autom\u00e0tica dels seus t\u00edtols de Graduat en Educaci\u00f3 Secund\u00e0ria &hellip; Llegir m\u00e9s","og_url":"https:\/\/www.queenscollege.es\/ca\/descobreix-nos\/aspectes-academics\/equivalencies-sistema-espanyol\/","og_site_name":"Queen\u2019s College","article_modified_time":"2014-05-29T09:55:19+00:00","twitter_misc":{"Temps estimat de lectura":"1 minut"},"schema":{"@context":"https:\/\/schema.org","@graph":[{"@type":"WebSite","@id":"https:\/\/www.queenscollege.es\/en\/#website","url":"https:\/\/www.queenscollege.es\/en\/","name":"Queen\u2019s College","description":"Queen&#039;s College web","potentialAction":[{"@type":"SearchAction","target":{"@type":"EntryPoint","urlTemplate":"https:\/\/www.queenscollege.es\/en\/?s={search_term_string}"},"query-input":"required name=search_term_string"}],"inLanguage":"ca"},{"@type":"WebPage","@id":"https:\/\/www.queenscollege.es\/ca\/descobreix-nos\/aspectes-academics\/equivalencies-sistema-espanyol\/#webpage","url":"https:\/\/www.queenscollege.es\/ca\/descobreix-nos\/aspectes-academics\/equivalencies-sistema-espanyol\/","name":"Equival\u00e8ncies sistema espanyol - Queen\u2019s College","isPartOf":{"@id":"https:\/\/www.queenscollege.es\/en\/#website"},"datePublished":"2014-03-21T13:28:24+00:00","dateModified":"2014-05-29T09:55:19+00:00","breadcrumb":{"@id":"https:\/\/www.queenscollege.es\/ca\/descobreix-nos\/aspectes-academics\/equivalencies-sistema-espanyol\/#breadcrumb"},"inLanguage":"ca","potentialAction":[{"@type":"ReadAction","target":["https:\/\/www.queenscollege.es\/ca\/descobreix-nos\/aspectes-academics\/equivalencies-sistema-espanyol\/"]}]},{"@type":"BreadcrumbList","@id":"https:\/\/www.queenscollege.es\/ca\/descobreix-nos\/aspectes-academics\/equivalencies-sistema-espanyol\/#breadcrumb","itemListElement":[{"@type":"ListItem","position":1,"name":"Portada","item":"https:\/\/www.queenscollege.es\/"},{"@type":"ListItem","position":2,"name":"Descobreix-nos","item":"https:\/\/www.queenscollege.es\/ca\/descobreix-nos\/"},{"@type":"ListItem","position":3,"name":"Aspectes Acad\u00e8mics","item":"https:\/\/www.queenscollege.es\/ca\/descobreix-nos\/aspectes-academics\/"},{"@type":"ListItem","position":4,"name":"Equival\u00e8ncies sistema espanyol"}]}]}},"_links":{"self":[{"href":"https:\/\/www.queenscollege.es\/ca\/wp-json\/wp\/v2\/pages\/285"}],"collection":[{"href":"https:\/\/www.queenscollege.es\/ca\/wp-json\/wp\/v2\/pages"}],"about":[{"href":"https:\/\/www.queenscollege.es\/ca\/wp-json\/wp\/v2\/types\/page"}],"author":[{"embeddable":true,"href":"https:\/\/www.queenscollege.es\/ca\/wp-json\/wp\/v2\/users\/10"}],"replies":[{"embeddable":true,"href":"https:\/\/www.queenscollege.es\/ca\/wp-json\/wp\/v2\/comments?post=285"}],"version-history":[{"count":4,"href":"https:\/\/www.queenscollege.es\/ca\/wp-json\/wp\/v2\/pages\/285\/revisions"}],"predecessor-version":[{"id":956,"href":"https:\/\/www.queenscollege.es\/ca\/wp-json\/wp\/v2\/pages\/285\/revisions\/956"}],"up":[{"embeddable":true,"href":"https:\/\/www.queenscollege.es\/ca\/wp-json\/wp\/v2\/pages\/701"}],"wp:attachment":[{"href":"https:\/\/www.queenscollege.es\/ca\/wp-json\/wp\/v2\/media?parent=285"}],"curies":[{"name":"wp","href":"https:\/\/api.w.org\/{rel}","templated":true}]}}