{"id":270,"date":"2014-03-12T15:26:26","date_gmt":"2014-03-21T13:14:28","guid":{"rendered":"http:\/\/www.test.queenscollege.es\/?page_id=270"},"modified":"2014-05-02T10:34:45","modified_gmt":"2014-05-02T09:34:45","slug":"premi-sisu","status":"publish","type":"page","link":"https:\/\/www.queenscollege.es\/ca\/especial\/premi-sisu\/","title":{"rendered":"Premi &#8220;Sisu&#8221;"},"content":{"rendered":"<p>El Sisu Award \u00e9s el premi que concedeix el Queen\u2019s College als alumnes del darrer curso de batxiller que se han destacat pel seu esfor\u00e7 i resultats. El premio es concedit per criteris objectius de notes, sense l\u00edmit en el n\u00famero d\u2019alumnes que poden rebre-lo, es a dir, que ho\u00a0aconsegueixen\u00a0tots els que assoleixen l\u2019objectiu establert.<\/p>\r\n\r\n<p>El premi, apart del reconeixement p\u00fablic, t\u00e9 una dotaci\u00f3n econ\u00f3mica, que \u00e9s equivalent al 50% del valor de la escolaritat del darrer any en pagament anual (veure m\u00e9s abaix:\u00a0Condicions d\u2019entrega del Sisu Award).<\/p>\r\n\r\n<p>L\u2019origen del non del premi: \u2018Sisu\u2019, \u00e9s un terme fin\u00e8s que se traduiria com, for\u00e7a de voluntat, determinaci\u00f3,\u00a0perseveran\u00e7a\u00a0i actuar racionalment en front de les adversitats. Sisu \u00e9s un element de for\u00e7a interna i \u00a0de llarg pla\u00e7, no de coratge momentani. \u00a0Aquesta palabra no t\u00e9 una traducci\u00f3 exacta en cap idioma.<\/p>\r\n\r\n<p>Creim que el concepte de SISU \u00e9s especialment adequat per l\u2019esperit del Queen\u2019s College. \u00c9s tamb\u00e9 un bon exemple per mostrar \u00a0que cada cultura \u00e9s \u00fanica i que cada llengua t\u00e9 els\u00a0matisos.<\/p>\r\n<p><strong>V\u00eddeo de presentaci\u00f3 \u2013 castell\u00e0 (2011)<\/strong><\/p>\r\n\r\n<div class=\"none\" style=\"margin-top:20px;\"><\/div>\r\n\r\n<iframe loading=\"lazy\" src=\"\/\/player.vimeo.com\/video\/12588836?color=ff9933\" height=\"281\" width=\"500\" allowfullscreen=\"\" frameborder=\"0\"><\/iframe>\r\n\r\n<p><strong>Condicions d\u2019entrega del Sisu Award<\/strong><\/p>\r\n\r\n<p>Aquest premio s\u2019entrega als estudiants que atenen l\u2019equivalent a 4 Notes d\u2019 \u201cA\u201d als A-Levels de GCE i que han demostrat que les seves qualitats personals i acad\u00e8miques les converteixen en uns excel\u00b7lents exemples a seguir per als estudiants m\u00e9s joves.<\/p>\r\n\r\n<p>El premi du associat una dotaci\u00f3 econ\u00f2mica que correspon al reembossament de les quotes de Y13 tal como se especifica abaix:<\/p>\r\n<ol>\r\n\t<li>Reembossament del 10% de l\u2019import de Y13, en el seu format de pagament anual, per un any d\u2019est\u00e0ncia al col\u00b7legi.<\/li>\r\n\t<li>Reembossament del 20% de l\u2019import de Y13, en el seu format de pagament anual, per dos anys d\u2019est\u00e0ncia al col\u00b7legi.<\/li>\r\n\t<li>Reembossament del 30% de l\u2019import de Y13, en el seu format de pagament anual, per tres anys d\u2019est\u00e0ncia al col\u00b7legi.<\/li>\r\n\t<li>Reembossament del 40% de l\u2019import de Y13, en el seu format de pagament anual, per quatre anys d\u2019est\u00e0ncia al col\u00b7legi.<\/li>\r\n\t<li>Reembossament del 50% de l\u2019import de Y13, en el seu formato de pagament anual, a aquells estudiants que han estat un m\u00ednim de 5 anys al col\u00b7legi.<\/li>\r\n<\/ol>","protected":false},"excerpt":{"rendered":"El Sisu Award \u00e9s el premi que concedeix el Queen\u2019s College als alumnes del darrer curso de batxiller que se han destacat pel seu esfor\u00e7 i resultats. El premio es concedit per criteris objectius de notes, sense l\u00edmit en el &hellip; <a href=\"https:\/\/www.queenscollege.es\/ca\/especial\/premi-sisu\/\">Llegir m\u00e9s<\/a>","protected":false},"author":10,"featured_media":0,"parent":969,"menu_order":10,"comment_status":"open","ping_status":"closed","template":"","meta":[],"yoast_head":"<!-- This site is optimized with the Yoast SEO plugin v18.5.1 - https:\/\/yoast.com\/wordpress\/plugins\/seo\/ -->\n<title>Premi &quot;Sisu&quot; - Queen\u2019s College<\/title>\n<meta name=\"robots\" content=\"index, follow, max-snippet:-1, max-image-preview:large, max-video-preview:-1\" \/>\n<link rel=\"canonical\" href=\"https:\/\/www.queenscollege.es\/ca\/especial\/premi-sisu\/\" \/>\n<meta property=\"og:locale\" content=\"ca_ES\" \/>\n<meta property=\"og:type\" content=\"article\" \/>\n<meta property=\"og:title\" content=\"Premi &quot;Sisu&quot; - Queen\u2019s College\" \/>\n<meta property=\"og:description\" content=\"El Sisu Award \u00e9s el premi que concedeix el Queen\u2019s College als alumnes del darrer curso de batxiller que se han destacat pel seu esfor\u00e7 i resultats. El premio es concedit per criteris objectius de notes, sense l\u00edmit en el &hellip; Llegir m\u00e9s\" \/>\n<meta property=\"og:url\" content=\"https:\/\/www.queenscollege.es\/ca\/especial\/premi-sisu\/\" \/>\n<meta property=\"og:site_name\" content=\"Queen\u2019s College\" \/>\n<meta property=\"article:modified_time\" content=\"2014-05-02T09:34:45+00:00\" \/>\n<meta name=\"twitter:label1\" content=\"Temps estimat de lectura\" \/>\n\t<meta name=\"twitter:data1\" content=\"2 minuts\" \/>\n<script type=\"application\/ld+json\" class=\"yoast-schema-graph\">{\"@context\":\"https:\/\/schema.org\",\"@graph\":[{\"@type\":\"WebSite\",\"@id\":\"https:\/\/www.queenscollege.es\/en\/#website\",\"url\":\"https:\/\/www.queenscollege.es\/en\/\",\"name\":\"Queen\u2019s College\",\"description\":\"Queen&#039;s College web\",\"potentialAction\":[{\"@type\":\"SearchAction\",\"target\":{\"@type\":\"EntryPoint\",\"urlTemplate\":\"https:\/\/www.queenscollege.es\/en\/?s={search_term_string}\"},\"query-input\":\"required name=search_term_string\"}],\"inLanguage\":\"ca\"},{\"@type\":\"WebPage\",\"@id\":\"https:\/\/www.queenscollege.es\/ca\/especial\/premi-sisu\/#webpage\",\"url\":\"https:\/\/www.queenscollege.es\/ca\/especial\/premi-sisu\/\",\"name\":\"Premi \\\"Sisu\\\" - Queen\u2019s College\",\"isPartOf\":{\"@id\":\"https:\/\/www.queenscollege.es\/en\/#website\"},\"datePublished\":\"2014-03-21T13:14:28+00:00\",\"dateModified\":\"2014-05-02T09:34:45+00:00\",\"breadcrumb\":{\"@id\":\"https:\/\/www.queenscollege.es\/ca\/especial\/premi-sisu\/#breadcrumb\"},\"inLanguage\":\"ca\",\"potentialAction\":[{\"@type\":\"ReadAction\",\"target\":[\"https:\/\/www.queenscollege.es\/ca\/especial\/premi-sisu\/\"]}]},{\"@type\":\"BreadcrumbList\",\"@id\":\"https:\/\/www.queenscollege.es\/ca\/especial\/premi-sisu\/#breadcrumb\",\"itemListElement\":[{\"@type\":\"ListItem\",\"position\":1,\"name\":\"Portada\",\"item\":\"https:\/\/www.queenscollege.es\/\"},{\"@type\":\"ListItem\",\"position\":2,\"name\":\"Especial\",\"item\":\"https:\/\/www.queenscollege.es\/ca\/especial\/\"},{\"@type\":\"ListItem\",\"position\":3,\"name\":\"Premi &#8220;Sisu&#8221;\"}]}]}<\/script>\n<!-- \/ Yoast SEO plugin. -->","yoast_head_json":{"title":"Premi \"Sisu\" - Queen\u2019s College","robots":{"index":"index","follow":"follow","max-snippet":"max-snippet:-1","max-image-preview":"max-image-preview:large","max-video-preview":"max-video-preview:-1"},"canonical":"https:\/\/www.queenscollege.es\/ca\/especial\/premi-sisu\/","og_locale":"ca_ES","og_type":"article","og_title":"Premi \"Sisu\" - Queen\u2019s College","og_description":"El Sisu Award \u00e9s el premi que concedeix el Queen\u2019s College als alumnes del darrer curso de batxiller que se han destacat pel seu esfor\u00e7 i resultats. El premio es concedit per criteris objectius de notes, sense l\u00edmit en el &hellip; Llegir m\u00e9s","og_url":"https:\/\/www.queenscollege.es\/ca\/especial\/premi-sisu\/","og_site_name":"Queen\u2019s College","article_modified_time":"2014-05-02T09:34:45+00:00","twitter_misc":{"Temps estimat de lectura":"2 minuts"},"schema":{"@context":"https:\/\/schema.org","@graph":[{"@type":"WebSite","@id":"https:\/\/www.queenscollege.es\/en\/#website","url":"https:\/\/www.queenscollege.es\/en\/","name":"Queen\u2019s College","description":"Queen&#039;s College web","potentialAction":[{"@type":"SearchAction","target":{"@type":"EntryPoint","urlTemplate":"https:\/\/www.queenscollege.es\/en\/?s={search_term_string}"},"query-input":"required name=search_term_string"}],"inLanguage":"ca"},{"@type":"WebPage","@id":"https:\/\/www.queenscollege.es\/ca\/especial\/premi-sisu\/#webpage","url":"https:\/\/www.queenscollege.es\/ca\/especial\/premi-sisu\/","name":"Premi \"Sisu\" - Queen\u2019s College","isPartOf":{"@id":"https:\/\/www.queenscollege.es\/en\/#website"},"datePublished":"2014-03-21T13:14:28+00:00","dateModified":"2014-05-02T09:34:45+00:00","breadcrumb":{"@id":"https:\/\/www.queenscollege.es\/ca\/especial\/premi-sisu\/#breadcrumb"},"inLanguage":"ca","potentialAction":[{"@type":"ReadAction","target":["https:\/\/www.queenscollege.es\/ca\/especial\/premi-sisu\/"]}]},{"@type":"BreadcrumbList","@id":"https:\/\/www.queenscollege.es\/ca\/especial\/premi-sisu\/#breadcrumb","itemListElement":[{"@type":"ListItem","position":1,"name":"Portada","item":"https:\/\/www.queenscollege.es\/"},{"@type":"ListItem","position":2,"name":"Especial","item":"https:\/\/www.queenscollege.es\/ca\/especial\/"},{"@type":"ListItem","position":3,"name":"Premi &#8220;Sisu&#8221;"}]}]}},"_links":{"self":[{"href":"https:\/\/www.queenscollege.es\/ca\/wp-json\/wp\/v2\/pages\/270"}],"collection":[{"href":"https:\/\/www.queenscollege.es\/ca\/wp-json\/wp\/v2\/pages"}],"about":[{"href":"https:\/\/www.queenscollege.es\/ca\/wp-json\/wp\/v2\/types\/page"}],"author":[{"embeddable":true,"href":"https:\/\/www.queenscollege.es\/ca\/wp-json\/wp\/v2\/users\/10"}],"replies":[{"embeddable":true,"href":"https:\/\/www.queenscollege.es\/ca\/wp-json\/wp\/v2\/comments?post=270"}],"version-history":[{"count":3,"href":"https:\/\/www.queenscollege.es\/ca\/wp-json\/wp\/v2\/pages\/270\/revisions"}],"predecessor-version":[{"id":844,"href":"https:\/\/www.queenscollege.es\/ca\/wp-json\/wp\/v2\/pages\/270\/revisions\/844"}],"up":[{"embeddable":true,"href":"https:\/\/www.queenscollege.es\/ca\/wp-json\/wp\/v2\/pages\/969"}],"wp:attachment":[{"href":"https:\/\/www.queenscollege.es\/ca\/wp-json\/wp\/v2\/media?parent=270"}],"curies":[{"name":"wp","href":"https:\/\/api.w.org\/{rel}","templated":true}]}}