{"id":259,"date":"2014-03-12T15:25:21","date_gmt":"2014-03-21T12:16:52","guid":{"rendered":"http:\/\/www.test.queenscollege.es\/?page_id=259"},"modified":"2014-05-02T10:20:15","modified_gmt":"2014-05-02T09:20:15","slug":"comunicacio-llar-col%c2%b7legi","status":"publish","type":"page","link":"https:\/\/www.queenscollege.es\/ca\/descobreix-nos\/educacio-personal\/comunicacio-llar-col%c2%b7legi\/","title":{"rendered":"Comunicaci\u00f3 llar-col\u00b7legi"},"content":{"rendered":"<div class=\"row conmargeninferior text_left_image_right\"><div class=\"col-sm-6 text-container\">\r\n<p>\r\n\u00c9s de vital import\u00e0ncia que la comunicaci\u00f3 entre el col\u00b7legi i la llar, que condu\u00efx a una relaci\u00f3 s\u00f2lida i positiva entre ambdues, sigui fluida.<\/p>\r\n\r\n<p>Nom\u00e9s a trav\u00e9s d\u2019una comunicaci\u00f3 regular, es pot assegurar un seguiment efectiu del progr\u00e9s i benestar del nin.<\/p>\r\n\r\n<p>Els pares de Prim\u00e0ria s\u00f3n convidats a con\u00e8ixer a la professora del nou curs al setembre i aquestes trobades es repeteixen en \u201cels parents\u2019 evenings\u201d que tenen lloc a l\u2019octubre i mar\u00e7. Els informes escrits es lliuren al desembre i al juny.<\/p>\r\n\r\n<p>En Secund\u00e0ria, es lliuren els butlletins de notes, tres vegades a l\u2019any i se celebren consultes generals pares \/ professors al primer trimestre i al segon.<\/p>\r\n\r\n<p>El col\u00b7legi informa als pares immediatament en el cas que un professor o tutor aquest preocupat per l\u2019alumne, sigui el que sigui el motiu.<\/p>\r\n\r\n<p>Els pares tamb\u00e9 s\u00f3n animats a comunicar-se amb el mestre o el tutor del seu fill en cas de que tengui qualque dubte o consulta.<\/p>\r\n\r\n<p>Tant la Directora de Prim\u00e0ria com la Directora del Col\u00b7legi estan sempre informades dels dubtes o preocupacions expressades pels professors i\/o els pares, estant a la seva disposici\u00f3 per a ajudar a solucionar qualsevol problema.<\/p>\r\n<\/div><div class=\"col-sm-6 featured-image-container\"><img src=\"https:\/\/www.queenscollege.es\/wp-content\/uploads\/2014\/03\/hogar-colegio.jpg\"><\/div><div class=\"clearfix\"><\/div><\/div>","protected":false},"excerpt":{"rendered":"","protected":false},"author":10,"featured_media":495,"parent":683,"menu_order":8,"comment_status":"open","ping_status":"open","template":"","meta":[],"yoast_head":"<!-- This site is optimized with the Yoast SEO plugin v18.5.1 - https:\/\/yoast.com\/wordpress\/plugins\/seo\/ -->\n<title>Comunicaci\u00f3 llar-col\u00b7legi - Queen\u2019s College<\/title>\n<meta name=\"robots\" content=\"index, follow, max-snippet:-1, max-image-preview:large, max-video-preview:-1\" \/>\n<link rel=\"canonical\" href=\"https:\/\/www.queenscollege.es\/ca\/descobreix-nos\/educacio-personal\/comunicacio-llar-col\u00b7legi\/\" \/>\n<meta property=\"og:locale\" content=\"ca_ES\" \/>\n<meta property=\"og:type\" content=\"article\" \/>\n<meta property=\"og:title\" content=\"Comunicaci\u00f3 llar-col\u00b7legi - Queen\u2019s College\" \/>\n<meta property=\"og:url\" content=\"https:\/\/www.queenscollege.es\/ca\/descobreix-nos\/educacio-personal\/comunicacio-llar-col\u00b7legi\/\" \/>\n<meta property=\"og:site_name\" content=\"Queen\u2019s College\" \/>\n<meta property=\"article:modified_time\" content=\"2014-05-02T09:20:15+00:00\" \/>\n<meta property=\"og:image\" content=\"https:\/\/www.queenscollege.es\/wp-content\/uploads\/2014\/03\/hogar-colegio.jpg\" \/>\n\t<meta property=\"og:image:width\" content=\"455\" \/>\n\t<meta property=\"og:image:height\" content=\"304\" \/>\n\t<meta property=\"og:image:type\" content=\"image\/jpeg\" \/>\n<meta name=\"twitter:label1\" content=\"Temps estimat de lectura\" \/>\n\t<meta name=\"twitter:data1\" content=\"1 minut\" \/>\n<script type=\"application\/ld+json\" class=\"yoast-schema-graph\">{\"@context\":\"https:\/\/schema.org\",\"@graph\":[{\"@type\":\"WebSite\",\"@id\":\"https:\/\/www.queenscollege.es\/en\/#website\",\"url\":\"https:\/\/www.queenscollege.es\/en\/\",\"name\":\"Queen\u2019s College\",\"description\":\"Queen&#039;s College web\",\"potentialAction\":[{\"@type\":\"SearchAction\",\"target\":{\"@type\":\"EntryPoint\",\"urlTemplate\":\"https:\/\/www.queenscollege.es\/en\/?s={search_term_string}\"},\"query-input\":\"required name=search_term_string\"}],\"inLanguage\":\"ca\"},{\"@type\":\"ImageObject\",\"@id\":\"https:\/\/www.queenscollege.es\/ca\/descobreix-nos\/educacio-personal\/comunicacio-llar-col%c2%b7legi\/#primaryimage\",\"inLanguage\":\"ca\",\"url\":\"https:\/\/www.queenscollege.es\/wp-content\/uploads\/2014\/03\/hogar-colegio.jpg\",\"contentUrl\":\"https:\/\/www.queenscollege.es\/wp-content\/uploads\/2014\/03\/hogar-colegio.jpg\",\"width\":455,\"height\":304},{\"@type\":\"WebPage\",\"@id\":\"https:\/\/www.queenscollege.es\/ca\/descobreix-nos\/educacio-personal\/comunicacio-llar-col%c2%b7legi\/#webpage\",\"url\":\"https:\/\/www.queenscollege.es\/ca\/descobreix-nos\/educacio-personal\/comunicacio-llar-col%c2%b7legi\/\",\"name\":\"Comunicaci\u00f3 llar-col\u00b7legi - Queen\u2019s College\",\"isPartOf\":{\"@id\":\"https:\/\/www.queenscollege.es\/en\/#website\"},\"primaryImageOfPage\":{\"@id\":\"https:\/\/www.queenscollege.es\/ca\/descobreix-nos\/educacio-personal\/comunicacio-llar-col%c2%b7legi\/#primaryimage\"},\"datePublished\":\"2014-03-21T12:16:52+00:00\",\"dateModified\":\"2014-05-02T09:20:15+00:00\",\"breadcrumb\":{\"@id\":\"https:\/\/www.queenscollege.es\/ca\/descobreix-nos\/educacio-personal\/comunicacio-llar-col%c2%b7legi\/#breadcrumb\"},\"inLanguage\":\"ca\",\"potentialAction\":[{\"@type\":\"ReadAction\",\"target\":[\"https:\/\/www.queenscollege.es\/ca\/descobreix-nos\/educacio-personal\/comunicacio-llar-col%c2%b7legi\/\"]}]},{\"@type\":\"BreadcrumbList\",\"@id\":\"https:\/\/www.queenscollege.es\/ca\/descobreix-nos\/educacio-personal\/comunicacio-llar-col%c2%b7legi\/#breadcrumb\",\"itemListElement\":[{\"@type\":\"ListItem\",\"position\":1,\"name\":\"Portada\",\"item\":\"https:\/\/www.queenscollege.es\/\"},{\"@type\":\"ListItem\",\"position\":2,\"name\":\"Descobreix-nos\",\"item\":\"https:\/\/www.queenscollege.es\/ca\/descobreix-nos\/\"},{\"@type\":\"ListItem\",\"position\":3,\"name\":\"Educaci\u00f3 Personal\",\"item\":\"https:\/\/www.queenscollege.es\/ca\/descobreix-nos\/educacio-personal\/\"},{\"@type\":\"ListItem\",\"position\":4,\"name\":\"Comunicaci\u00f3 llar-col\u00b7legi\"}]}]}<\/script>\n<!-- \/ Yoast SEO plugin. -->","yoast_head_json":{"title":"Comunicaci\u00f3 llar-col\u00b7legi - Queen\u2019s College","robots":{"index":"index","follow":"follow","max-snippet":"max-snippet:-1","max-image-preview":"max-image-preview:large","max-video-preview":"max-video-preview:-1"},"canonical":"https:\/\/www.queenscollege.es\/ca\/descobreix-nos\/educacio-personal\/comunicacio-llar-col\u00b7legi\/","og_locale":"ca_ES","og_type":"article","og_title":"Comunicaci\u00f3 llar-col\u00b7legi - Queen\u2019s College","og_url":"https:\/\/www.queenscollege.es\/ca\/descobreix-nos\/educacio-personal\/comunicacio-llar-col\u00b7legi\/","og_site_name":"Queen\u2019s College","article_modified_time":"2014-05-02T09:20:15+00:00","og_image":[{"width":455,"height":304,"url":"https:\/\/www.queenscollege.es\/wp-content\/uploads\/2014\/03\/hogar-colegio.jpg","type":"image\/jpeg"}],"twitter_misc":{"Temps estimat de lectura":"1 minut"},"schema":{"@context":"https:\/\/schema.org","@graph":[{"@type":"WebSite","@id":"https:\/\/www.queenscollege.es\/en\/#website","url":"https:\/\/www.queenscollege.es\/en\/","name":"Queen\u2019s College","description":"Queen&#039;s College web","potentialAction":[{"@type":"SearchAction","target":{"@type":"EntryPoint","urlTemplate":"https:\/\/www.queenscollege.es\/en\/?s={search_term_string}"},"query-input":"required name=search_term_string"}],"inLanguage":"ca"},{"@type":"ImageObject","@id":"https:\/\/www.queenscollege.es\/ca\/descobreix-nos\/educacio-personal\/comunicacio-llar-col%c2%b7legi\/#primaryimage","inLanguage":"ca","url":"https:\/\/www.queenscollege.es\/wp-content\/uploads\/2014\/03\/hogar-colegio.jpg","contentUrl":"https:\/\/www.queenscollege.es\/wp-content\/uploads\/2014\/03\/hogar-colegio.jpg","width":455,"height":304},{"@type":"WebPage","@id":"https:\/\/www.queenscollege.es\/ca\/descobreix-nos\/educacio-personal\/comunicacio-llar-col%c2%b7legi\/#webpage","url":"https:\/\/www.queenscollege.es\/ca\/descobreix-nos\/educacio-personal\/comunicacio-llar-col%c2%b7legi\/","name":"Comunicaci\u00f3 llar-col\u00b7legi - Queen\u2019s College","isPartOf":{"@id":"https:\/\/www.queenscollege.es\/en\/#website"},"primaryImageOfPage":{"@id":"https:\/\/www.queenscollege.es\/ca\/descobreix-nos\/educacio-personal\/comunicacio-llar-col%c2%b7legi\/#primaryimage"},"datePublished":"2014-03-21T12:16:52+00:00","dateModified":"2014-05-02T09:20:15+00:00","breadcrumb":{"@id":"https:\/\/www.queenscollege.es\/ca\/descobreix-nos\/educacio-personal\/comunicacio-llar-col%c2%b7legi\/#breadcrumb"},"inLanguage":"ca","potentialAction":[{"@type":"ReadAction","target":["https:\/\/www.queenscollege.es\/ca\/descobreix-nos\/educacio-personal\/comunicacio-llar-col%c2%b7legi\/"]}]},{"@type":"BreadcrumbList","@id":"https:\/\/www.queenscollege.es\/ca\/descobreix-nos\/educacio-personal\/comunicacio-llar-col%c2%b7legi\/#breadcrumb","itemListElement":[{"@type":"ListItem","position":1,"name":"Portada","item":"https:\/\/www.queenscollege.es\/"},{"@type":"ListItem","position":2,"name":"Descobreix-nos","item":"https:\/\/www.queenscollege.es\/ca\/descobreix-nos\/"},{"@type":"ListItem","position":3,"name":"Educaci\u00f3 Personal","item":"https:\/\/www.queenscollege.es\/ca\/descobreix-nos\/educacio-personal\/"},{"@type":"ListItem","position":4,"name":"Comunicaci\u00f3 llar-col\u00b7legi"}]}]}},"_links":{"self":[{"href":"https:\/\/www.queenscollege.es\/ca\/wp-json\/wp\/v2\/pages\/259"}],"collection":[{"href":"https:\/\/www.queenscollege.es\/ca\/wp-json\/wp\/v2\/pages"}],"about":[{"href":"https:\/\/www.queenscollege.es\/ca\/wp-json\/wp\/v2\/types\/page"}],"author":[{"embeddable":true,"href":"https:\/\/www.queenscollege.es\/ca\/wp-json\/wp\/v2\/users\/10"}],"replies":[{"embeddable":true,"href":"https:\/\/www.queenscollege.es\/ca\/wp-json\/wp\/v2\/comments?post=259"}],"version-history":[{"count":3,"href":"https:\/\/www.queenscollege.es\/ca\/wp-json\/wp\/v2\/pages\/259\/revisions"}],"predecessor-version":[{"id":838,"href":"https:\/\/www.queenscollege.es\/ca\/wp-json\/wp\/v2\/pages\/259\/revisions\/838"}],"up":[{"embeddable":true,"href":"https:\/\/www.queenscollege.es\/ca\/wp-json\/wp\/v2\/pages\/683"}],"wp:featuredmedia":[{"embeddable":true,"href":"https:\/\/www.queenscollege.es\/ca\/wp-json\/wp\/v2\/media\/495"}],"wp:attachment":[{"href":"https:\/\/www.queenscollege.es\/ca\/wp-json\/wp\/v2\/media?parent=259"}],"curies":[{"name":"wp","href":"https:\/\/api.w.org\/{rel}","templated":true}]}}