{"id":244,"date":"2014-03-12T15:23:36","date_gmt":"2014-03-21T12:10:00","guid":{"rendered":"http:\/\/www.test.queenscollege.es\/?page_id=244"},"modified":"2014-05-02T10:03:56","modified_gmt":"2014-05-02T09:03:56","slug":"recompenses-premis","status":"publish","type":"page","link":"https:\/\/www.queenscollege.es\/ca\/descobreix-nos\/educacio-personal\/recompenses-premis\/","title":{"rendered":"Recompenses i premis"},"content":{"rendered":"<div class=\"image-full-with-container\"><img src=\"https:\/\/www.queenscollege.es\/wp-content\/uploads\/2014\/03\/recompensas.jpg\"><\/div>\r\n\r\n<div class=\"none\" style=\"margin-top:20px;\"><\/div>\r\n\r\n<p>\r\nEls bons h\u00e0bits de treball i estudi aix\u00ed com el comportament exemplar s\u00f3n reconeguts i premiats mitjan\u00e7ant la concessi\u00f3 de diplomes i premis en l\u2019acte de la celebraci\u00f3 fi de curs.<\/p>\r\n\r\n<p>En el departament de Prim\u00e0ria, es lliura als nins, a l\u2019Assemblea del M\u00e8rit que se celebra mensualment, els certificats per comportament exemplar, progr\u00e9s excel\u00b7lent, treball constant i altres assoliments destacats. Els seus professors tamb\u00e9 fan \u00fas diari d\u2019adhesius, elogis verbals, escrits als pares i l\u2019elecci\u00f3 de \u201cl\u2019alumne de la setmana\u201d.<\/p>\r\n\r\n<p>En secund\u00e0ria el bon treball i comportament s\u00f3n reconeguts di\u00e0riament de diverses maneres, tant verbalment com per escrit. En aquest departament els alumnes poden guanyar punts per a \u201cles seves cases\u201d<\/p>","protected":false},"excerpt":{"rendered":"Els bons h\u00e0bits de treball i estudi aix\u00ed com el comportament exemplar s\u00f3n reconeguts i premiats mitjan\u00e7ant la concessi\u00f3 de diplomes i premis en l\u2019acte de la celebraci\u00f3 fi de curs. En el departament de Prim\u00e0ria, es lliura als nins, &hellip; <a href=\"https:\/\/www.queenscollege.es\/ca\/descobreix-nos\/educacio-personal\/recompenses-premis\/\">Llegir m\u00e9s<\/a>","protected":false},"author":10,"featured_media":488,"parent":683,"menu_order":5,"comment_status":"open","ping_status":"open","template":"","meta":[],"yoast_head":"<!-- This site is optimized with the Yoast SEO plugin v18.5.1 - https:\/\/yoast.com\/wordpress\/plugins\/seo\/ -->\n<title>Recompenses i premis - Queen\u2019s College<\/title>\n<meta name=\"robots\" content=\"index, follow, max-snippet:-1, max-image-preview:large, max-video-preview:-1\" \/>\n<link rel=\"canonical\" href=\"https:\/\/www.queenscollege.es\/ca\/descobreix-nos\/educacio-personal\/recompenses-premis\/\" \/>\n<meta property=\"og:locale\" content=\"ca_ES\" \/>\n<meta property=\"og:type\" content=\"article\" \/>\n<meta property=\"og:title\" content=\"Recompenses i premis - Queen\u2019s College\" \/>\n<meta property=\"og:description\" content=\"Els bons h\u00e0bits de treball i estudi aix\u00ed com el comportament exemplar s\u00f3n reconeguts i premiats mitjan\u00e7ant la concessi\u00f3 de diplomes i premis en l\u2019acte de la celebraci\u00f3 fi de curs. En el departament de Prim\u00e0ria, es lliura als nins, &hellip; Llegir m\u00e9s\" \/>\n<meta property=\"og:url\" content=\"https:\/\/www.queenscollege.es\/ca\/descobreix-nos\/educacio-personal\/recompenses-premis\/\" \/>\n<meta property=\"og:site_name\" content=\"Queen\u2019s College\" \/>\n<meta property=\"article:modified_time\" content=\"2014-05-02T09:03:56+00:00\" \/>\n<meta property=\"og:image\" content=\"https:\/\/www.queenscollege.es\/wp-content\/uploads\/2014\/03\/recompensas.jpg\" \/>\n\t<meta property=\"og:image:width\" content=\"940\" \/>\n\t<meta property=\"og:image:height\" content=\"327\" \/>\n\t<meta property=\"og:image:type\" content=\"image\/jpeg\" \/>\n<meta name=\"twitter:label1\" content=\"Temps estimat de lectura\" \/>\n\t<meta name=\"twitter:data1\" content=\"1 minut\" \/>\n<script type=\"application\/ld+json\" class=\"yoast-schema-graph\">{\"@context\":\"https:\/\/schema.org\",\"@graph\":[{\"@type\":\"WebSite\",\"@id\":\"https:\/\/www.queenscollege.es\/en\/#website\",\"url\":\"https:\/\/www.queenscollege.es\/en\/\",\"name\":\"Queen\u2019s College\",\"description\":\"Queen&#039;s College web\",\"potentialAction\":[{\"@type\":\"SearchAction\",\"target\":{\"@type\":\"EntryPoint\",\"urlTemplate\":\"https:\/\/www.queenscollege.es\/en\/?s={search_term_string}\"},\"query-input\":\"required name=search_term_string\"}],\"inLanguage\":\"ca\"},{\"@type\":\"ImageObject\",\"@id\":\"https:\/\/www.queenscollege.es\/ca\/descobreix-nos\/educacio-personal\/recompenses-premis\/#primaryimage\",\"inLanguage\":\"ca\",\"url\":\"https:\/\/www.queenscollege.es\/wp-content\/uploads\/2014\/03\/recompensas.jpg\",\"contentUrl\":\"https:\/\/www.queenscollege.es\/wp-content\/uploads\/2014\/03\/recompensas.jpg\",\"width\":940,\"height\":327},{\"@type\":\"WebPage\",\"@id\":\"https:\/\/www.queenscollege.es\/ca\/descobreix-nos\/educacio-personal\/recompenses-premis\/#webpage\",\"url\":\"https:\/\/www.queenscollege.es\/ca\/descobreix-nos\/educacio-personal\/recompenses-premis\/\",\"name\":\"Recompenses i premis - Queen\u2019s College\",\"isPartOf\":{\"@id\":\"https:\/\/www.queenscollege.es\/en\/#website\"},\"primaryImageOfPage\":{\"@id\":\"https:\/\/www.queenscollege.es\/ca\/descobreix-nos\/educacio-personal\/recompenses-premis\/#primaryimage\"},\"datePublished\":\"2014-03-21T12:10:00+00:00\",\"dateModified\":\"2014-05-02T09:03:56+00:00\",\"breadcrumb\":{\"@id\":\"https:\/\/www.queenscollege.es\/ca\/descobreix-nos\/educacio-personal\/recompenses-premis\/#breadcrumb\"},\"inLanguage\":\"ca\",\"potentialAction\":[{\"@type\":\"ReadAction\",\"target\":[\"https:\/\/www.queenscollege.es\/ca\/descobreix-nos\/educacio-personal\/recompenses-premis\/\"]}]},{\"@type\":\"BreadcrumbList\",\"@id\":\"https:\/\/www.queenscollege.es\/ca\/descobreix-nos\/educacio-personal\/recompenses-premis\/#breadcrumb\",\"itemListElement\":[{\"@type\":\"ListItem\",\"position\":1,\"name\":\"Portada\",\"item\":\"https:\/\/www.queenscollege.es\/\"},{\"@type\":\"ListItem\",\"position\":2,\"name\":\"Descobreix-nos\",\"item\":\"https:\/\/www.queenscollege.es\/ca\/descobreix-nos\/\"},{\"@type\":\"ListItem\",\"position\":3,\"name\":\"Educaci\u00f3 Personal\",\"item\":\"https:\/\/www.queenscollege.es\/ca\/descobreix-nos\/educacio-personal\/\"},{\"@type\":\"ListItem\",\"position\":4,\"name\":\"Recompenses i premis\"}]}]}<\/script>\n<!-- \/ Yoast SEO plugin. -->","yoast_head_json":{"title":"Recompenses i premis - Queen\u2019s College","robots":{"index":"index","follow":"follow","max-snippet":"max-snippet:-1","max-image-preview":"max-image-preview:large","max-video-preview":"max-video-preview:-1"},"canonical":"https:\/\/www.queenscollege.es\/ca\/descobreix-nos\/educacio-personal\/recompenses-premis\/","og_locale":"ca_ES","og_type":"article","og_title":"Recompenses i premis - Queen\u2019s College","og_description":"Els bons h\u00e0bits de treball i estudi aix\u00ed com el comportament exemplar s\u00f3n reconeguts i premiats mitjan\u00e7ant la concessi\u00f3 de diplomes i premis en l\u2019acte de la celebraci\u00f3 fi de curs. En el departament de Prim\u00e0ria, es lliura als nins, &hellip; Llegir m\u00e9s","og_url":"https:\/\/www.queenscollege.es\/ca\/descobreix-nos\/educacio-personal\/recompenses-premis\/","og_site_name":"Queen\u2019s College","article_modified_time":"2014-05-02T09:03:56+00:00","og_image":[{"width":940,"height":327,"url":"https:\/\/www.queenscollege.es\/wp-content\/uploads\/2014\/03\/recompensas.jpg","type":"image\/jpeg"}],"twitter_misc":{"Temps estimat de lectura":"1 minut"},"schema":{"@context":"https:\/\/schema.org","@graph":[{"@type":"WebSite","@id":"https:\/\/www.queenscollege.es\/en\/#website","url":"https:\/\/www.queenscollege.es\/en\/","name":"Queen\u2019s College","description":"Queen&#039;s College web","potentialAction":[{"@type":"SearchAction","target":{"@type":"EntryPoint","urlTemplate":"https:\/\/www.queenscollege.es\/en\/?s={search_term_string}"},"query-input":"required name=search_term_string"}],"inLanguage":"ca"},{"@type":"ImageObject","@id":"https:\/\/www.queenscollege.es\/ca\/descobreix-nos\/educacio-personal\/recompenses-premis\/#primaryimage","inLanguage":"ca","url":"https:\/\/www.queenscollege.es\/wp-content\/uploads\/2014\/03\/recompensas.jpg","contentUrl":"https:\/\/www.queenscollege.es\/wp-content\/uploads\/2014\/03\/recompensas.jpg","width":940,"height":327},{"@type":"WebPage","@id":"https:\/\/www.queenscollege.es\/ca\/descobreix-nos\/educacio-personal\/recompenses-premis\/#webpage","url":"https:\/\/www.queenscollege.es\/ca\/descobreix-nos\/educacio-personal\/recompenses-premis\/","name":"Recompenses i premis - Queen\u2019s College","isPartOf":{"@id":"https:\/\/www.queenscollege.es\/en\/#website"},"primaryImageOfPage":{"@id":"https:\/\/www.queenscollege.es\/ca\/descobreix-nos\/educacio-personal\/recompenses-premis\/#primaryimage"},"datePublished":"2014-03-21T12:10:00+00:00","dateModified":"2014-05-02T09:03:56+00:00","breadcrumb":{"@id":"https:\/\/www.queenscollege.es\/ca\/descobreix-nos\/educacio-personal\/recompenses-premis\/#breadcrumb"},"inLanguage":"ca","potentialAction":[{"@type":"ReadAction","target":["https:\/\/www.queenscollege.es\/ca\/descobreix-nos\/educacio-personal\/recompenses-premis\/"]}]},{"@type":"BreadcrumbList","@id":"https:\/\/www.queenscollege.es\/ca\/descobreix-nos\/educacio-personal\/recompenses-premis\/#breadcrumb","itemListElement":[{"@type":"ListItem","position":1,"name":"Portada","item":"https:\/\/www.queenscollege.es\/"},{"@type":"ListItem","position":2,"name":"Descobreix-nos","item":"https:\/\/www.queenscollege.es\/ca\/descobreix-nos\/"},{"@type":"ListItem","position":3,"name":"Educaci\u00f3 Personal","item":"https:\/\/www.queenscollege.es\/ca\/descobreix-nos\/educacio-personal\/"},{"@type":"ListItem","position":4,"name":"Recompenses i premis"}]}]}},"_links":{"self":[{"href":"https:\/\/www.queenscollege.es\/ca\/wp-json\/wp\/v2\/pages\/244"}],"collection":[{"href":"https:\/\/www.queenscollege.es\/ca\/wp-json\/wp\/v2\/pages"}],"about":[{"href":"https:\/\/www.queenscollege.es\/ca\/wp-json\/wp\/v2\/types\/page"}],"author":[{"embeddable":true,"href":"https:\/\/www.queenscollege.es\/ca\/wp-json\/wp\/v2\/users\/10"}],"replies":[{"embeddable":true,"href":"https:\/\/www.queenscollege.es\/ca\/wp-json\/wp\/v2\/comments?post=244"}],"version-history":[{"count":2,"href":"https:\/\/www.queenscollege.es\/ca\/wp-json\/wp\/v2\/pages\/244\/revisions"}],"predecessor-version":[{"id":829,"href":"https:\/\/www.queenscollege.es\/ca\/wp-json\/wp\/v2\/pages\/244\/revisions\/829"}],"up":[{"embeddable":true,"href":"https:\/\/www.queenscollege.es\/ca\/wp-json\/wp\/v2\/pages\/683"}],"wp:featuredmedia":[{"embeddable":true,"href":"https:\/\/www.queenscollege.es\/ca\/wp-json\/wp\/v2\/media\/488"}],"wp:attachment":[{"href":"https:\/\/www.queenscollege.es\/ca\/wp-json\/wp\/v2\/media?parent=244"}],"curies":[{"name":"wp","href":"https:\/\/api.w.org\/{rel}","templated":true}]}}