{"id":230,"date":"2014-03-12T15:22:30","date_gmt":"2014-03-21T12:03:09","guid":{"rendered":"http:\/\/www.test.queenscollege.es\/?page_id=230"},"modified":"2016-04-11T10:51:28","modified_gmt":"2016-04-11T09:51:28","slug":"qualitats-valors-personals","status":"publish","type":"page","link":"https:\/\/www.queenscollege.es\/ca\/descobreix-nos\/educacio-personal\/qualitats-valors-personals\/","title":{"rendered":"Qualitats i valors personals"},"content":{"rendered":"<p><div class=\"image-full-with-container\"><img src=\"https:\/\/www.queenscollege.es\/wp-content\/uploads\/2014\/03\/IMG_4991-e1457082588613-940x625.jpg\"><\/div> <div class=\"none\" style=\"margin-top:20px;\"><\/div><\/p><p>El col\u00b7legi creu que el proc\u00e9s educatiu s\u2019est\u00e9n molt m\u00e9s enll\u00e0 dels aspectes purament acad\u00e8mics.<\/p><p>L\u2019adquisici\u00f3 de qualitats i valors personals ha de formar part integral del proc\u00e9s.<\/p><p>Les qualitats de l\u2019honestedat, l\u2019amabilitat i el respecte s\u00f3n fomentades constantment. S\u2019espera dels alumnes que siguin correctes, educats, atents i cooperatius.<\/p><p><strong>Departament de Prim\u00e0ria<\/strong><\/p><p>El departament de Prim\u00e0ria segueix el programa dels Aspectes Socials i Emocionals de l\u2019Aprenentatge (SEAL, en les seves sigles en angl\u00e8s), per a assegurar-se que cada nin desenvolupi destreses en les seg\u00fcents \u00e0rees:<\/p><ul><li>Benestar emocional<\/li><li>Desenvolupament del respecte cap als altres<\/li><li>Habilitats socials<\/li><li>Disposici\u00f3 positiva cap a l\u2019aprenentatge<\/li><li>Habilitats de comunicaci\u00f3<\/li><\/ul><p>Aquest enfocament s\u2019aplica a la totalitat del curr\u00edculo de prim\u00e0ria.<\/p><p><strong>Departament de Secund\u00e0ria<\/strong><\/p><p>A Secund\u00e0ria, tots els alumnes segueixen el programa d\u2019Educaci\u00f3 personal, Social i de la Salut (PSHE, en les seves sigles en angl\u00e8s). Aquest programa tracta els temes reals que els joves es troben a mesura que creixen i lis d\u00f3na els coneixements i les habilitats per dur una vida sana i responsable, com a individus segurs de si mateixos i, com a membres de la societat. Els estudiants tamb\u00e9 tenen tutories setmanals que serveixen per continuar el treball comen\u00e7at en el programa SEAL de prim\u00e0ria.<\/p>","protected":false},"excerpt":{"rendered":"El col\u00b7legi creu que el proc\u00e9s educatiu s\u2019est\u00e9n molt m\u00e9s enll\u00e0 dels aspectes purament acad\u00e8mics.L\u2019adquisici\u00f3 de qualitats i valors personals ha de formar part integral del proc\u00e9s.Les qualitats de l\u2019honestedat, l\u2019amabilitat i el respecte s\u00f3n fomentades constantment. S\u2019espera dels alumnes &hellip; <a href=\"https:\/\/www.queenscollege.es\/ca\/descobreix-nos\/educacio-personal\/qualitats-valors-personals\/\">Llegir m\u00e9s<\/a>","protected":false},"author":10,"featured_media":1155,"parent":683,"menu_order":3,"comment_status":"open","ping_status":"open","template":"","meta":[],"yoast_head":"<!-- This site is optimized with the Yoast SEO plugin v18.5.1 - https:\/\/yoast.com\/wordpress\/plugins\/seo\/ -->\n<title>Qualitats i valors personals - Queen\u2019s College<\/title>\n<meta name=\"robots\" content=\"index, follow, max-snippet:-1, max-image-preview:large, max-video-preview:-1\" \/>\n<link rel=\"canonical\" href=\"https:\/\/www.queenscollege.es\/ca\/descobreix-nos\/educacio-personal\/qualitats-valors-personals\/\" \/>\n<meta property=\"og:locale\" content=\"ca_ES\" \/>\n<meta property=\"og:type\" content=\"article\" \/>\n<meta property=\"og:title\" content=\"Qualitats i valors personals - Queen\u2019s College\" \/>\n<meta property=\"og:description\" content=\"El col\u00b7legi creu que el proc\u00e9s educatiu s\u2019est\u00e9n molt m\u00e9s enll\u00e0 dels aspectes purament acad\u00e8mics.L\u2019adquisici\u00f3 de qualitats i valors personals ha de formar part integral del proc\u00e9s.Les qualitats de l\u2019honestedat, l\u2019amabilitat i el respecte s\u00f3n fomentades constantment. S\u2019espera dels alumnes &hellip; Llegir m\u00e9s\" \/>\n<meta property=\"og:url\" content=\"https:\/\/www.queenscollege.es\/ca\/descobreix-nos\/educacio-personal\/qualitats-valors-personals\/\" \/>\n<meta property=\"og:site_name\" content=\"Queen\u2019s College\" \/>\n<meta property=\"article:modified_time\" content=\"2016-04-11T09:51:28+00:00\" \/>\n<meta property=\"og:image\" content=\"https:\/\/www.queenscollege.es\/wp-content\/uploads\/2014\/03\/IMG_4991-e1457082588613.jpg\" \/>\n\t<meta property=\"og:image:width\" content=\"940\" \/>\n\t<meta property=\"og:image:height\" content=\"625\" \/>\n\t<meta property=\"og:image:type\" content=\"image\/jpeg\" \/>\n<meta name=\"twitter:label1\" content=\"Temps estimat de lectura\" \/>\n\t<meta name=\"twitter:data1\" content=\"1 minut\" \/>\n<script type=\"application\/ld+json\" class=\"yoast-schema-graph\">{\"@context\":\"https:\/\/schema.org\",\"@graph\":[{\"@type\":\"WebSite\",\"@id\":\"https:\/\/www.queenscollege.es\/en\/#website\",\"url\":\"https:\/\/www.queenscollege.es\/en\/\",\"name\":\"Queen\u2019s College\",\"description\":\"Queen&#039;s College web\",\"potentialAction\":[{\"@type\":\"SearchAction\",\"target\":{\"@type\":\"EntryPoint\",\"urlTemplate\":\"https:\/\/www.queenscollege.es\/en\/?s={search_term_string}\"},\"query-input\":\"required name=search_term_string\"}],\"inLanguage\":\"ca\"},{\"@type\":\"ImageObject\",\"@id\":\"https:\/\/www.queenscollege.es\/ca\/descobreix-nos\/educacio-personal\/qualitats-valors-personals\/#primaryimage\",\"inLanguage\":\"ca\",\"url\":\"https:\/\/www.queenscollege.es\/wp-content\/uploads\/2014\/03\/IMG_4991-e1457082588613.jpg\",\"contentUrl\":\"https:\/\/www.queenscollege.es\/wp-content\/uploads\/2014\/03\/IMG_4991-e1457082588613.jpg\",\"width\":940,\"height\":625},{\"@type\":\"WebPage\",\"@id\":\"https:\/\/www.queenscollege.es\/ca\/descobreix-nos\/educacio-personal\/qualitats-valors-personals\/#webpage\",\"url\":\"https:\/\/www.queenscollege.es\/ca\/descobreix-nos\/educacio-personal\/qualitats-valors-personals\/\",\"name\":\"Qualitats i valors personals - Queen\u2019s College\",\"isPartOf\":{\"@id\":\"https:\/\/www.queenscollege.es\/en\/#website\"},\"primaryImageOfPage\":{\"@id\":\"https:\/\/www.queenscollege.es\/ca\/descobreix-nos\/educacio-personal\/qualitats-valors-personals\/#primaryimage\"},\"datePublished\":\"2014-03-21T12:03:09+00:00\",\"dateModified\":\"2016-04-11T09:51:28+00:00\",\"breadcrumb\":{\"@id\":\"https:\/\/www.queenscollege.es\/ca\/descobreix-nos\/educacio-personal\/qualitats-valors-personals\/#breadcrumb\"},\"inLanguage\":\"ca\",\"potentialAction\":[{\"@type\":\"ReadAction\",\"target\":[\"https:\/\/www.queenscollege.es\/ca\/descobreix-nos\/educacio-personal\/qualitats-valors-personals\/\"]}]},{\"@type\":\"BreadcrumbList\",\"@id\":\"https:\/\/www.queenscollege.es\/ca\/descobreix-nos\/educacio-personal\/qualitats-valors-personals\/#breadcrumb\",\"itemListElement\":[{\"@type\":\"ListItem\",\"position\":1,\"name\":\"Portada\",\"item\":\"https:\/\/www.queenscollege.es\/\"},{\"@type\":\"ListItem\",\"position\":2,\"name\":\"Descobreix-nos\",\"item\":\"https:\/\/www.queenscollege.es\/ca\/descobreix-nos\/\"},{\"@type\":\"ListItem\",\"position\":3,\"name\":\"Educaci\u00f3 Personal\",\"item\":\"https:\/\/www.queenscollege.es\/ca\/descobreix-nos\/educacio-personal\/\"},{\"@type\":\"ListItem\",\"position\":4,\"name\":\"Qualitats i valors personals\"}]}]}<\/script>\n<!-- \/ Yoast SEO plugin. -->","yoast_head_json":{"title":"Qualitats i valors personals - Queen\u2019s College","robots":{"index":"index","follow":"follow","max-snippet":"max-snippet:-1","max-image-preview":"max-image-preview:large","max-video-preview":"max-video-preview:-1"},"canonical":"https:\/\/www.queenscollege.es\/ca\/descobreix-nos\/educacio-personal\/qualitats-valors-personals\/","og_locale":"ca_ES","og_type":"article","og_title":"Qualitats i valors personals - Queen\u2019s College","og_description":"El col\u00b7legi creu que el proc\u00e9s educatiu s\u2019est\u00e9n molt m\u00e9s enll\u00e0 dels aspectes purament acad\u00e8mics.L\u2019adquisici\u00f3 de qualitats i valors personals ha de formar part integral del proc\u00e9s.Les qualitats de l\u2019honestedat, l\u2019amabilitat i el respecte s\u00f3n fomentades constantment. S\u2019espera dels alumnes &hellip; Llegir m\u00e9s","og_url":"https:\/\/www.queenscollege.es\/ca\/descobreix-nos\/educacio-personal\/qualitats-valors-personals\/","og_site_name":"Queen\u2019s College","article_modified_time":"2016-04-11T09:51:28+00:00","og_image":[{"width":940,"height":625,"url":"https:\/\/www.queenscollege.es\/wp-content\/uploads\/2014\/03\/IMG_4991-e1457082588613.jpg","type":"image\/jpeg"}],"twitter_misc":{"Temps estimat de lectura":"1 minut"},"schema":{"@context":"https:\/\/schema.org","@graph":[{"@type":"WebSite","@id":"https:\/\/www.queenscollege.es\/en\/#website","url":"https:\/\/www.queenscollege.es\/en\/","name":"Queen\u2019s College","description":"Queen&#039;s College web","potentialAction":[{"@type":"SearchAction","target":{"@type":"EntryPoint","urlTemplate":"https:\/\/www.queenscollege.es\/en\/?s={search_term_string}"},"query-input":"required name=search_term_string"}],"inLanguage":"ca"},{"@type":"ImageObject","@id":"https:\/\/www.queenscollege.es\/ca\/descobreix-nos\/educacio-personal\/qualitats-valors-personals\/#primaryimage","inLanguage":"ca","url":"https:\/\/www.queenscollege.es\/wp-content\/uploads\/2014\/03\/IMG_4991-e1457082588613.jpg","contentUrl":"https:\/\/www.queenscollege.es\/wp-content\/uploads\/2014\/03\/IMG_4991-e1457082588613.jpg","width":940,"height":625},{"@type":"WebPage","@id":"https:\/\/www.queenscollege.es\/ca\/descobreix-nos\/educacio-personal\/qualitats-valors-personals\/#webpage","url":"https:\/\/www.queenscollege.es\/ca\/descobreix-nos\/educacio-personal\/qualitats-valors-personals\/","name":"Qualitats i valors personals - Queen\u2019s College","isPartOf":{"@id":"https:\/\/www.queenscollege.es\/en\/#website"},"primaryImageOfPage":{"@id":"https:\/\/www.queenscollege.es\/ca\/descobreix-nos\/educacio-personal\/qualitats-valors-personals\/#primaryimage"},"datePublished":"2014-03-21T12:03:09+00:00","dateModified":"2016-04-11T09:51:28+00:00","breadcrumb":{"@id":"https:\/\/www.queenscollege.es\/ca\/descobreix-nos\/educacio-personal\/qualitats-valors-personals\/#breadcrumb"},"inLanguage":"ca","potentialAction":[{"@type":"ReadAction","target":["https:\/\/www.queenscollege.es\/ca\/descobreix-nos\/educacio-personal\/qualitats-valors-personals\/"]}]},{"@type":"BreadcrumbList","@id":"https:\/\/www.queenscollege.es\/ca\/descobreix-nos\/educacio-personal\/qualitats-valors-personals\/#breadcrumb","itemListElement":[{"@type":"ListItem","position":1,"name":"Portada","item":"https:\/\/www.queenscollege.es\/"},{"@type":"ListItem","position":2,"name":"Descobreix-nos","item":"https:\/\/www.queenscollege.es\/ca\/descobreix-nos\/"},{"@type":"ListItem","position":3,"name":"Educaci\u00f3 Personal","item":"https:\/\/www.queenscollege.es\/ca\/descobreix-nos\/educacio-personal\/"},{"@type":"ListItem","position":4,"name":"Qualitats i valors personals"}]}]}},"_links":{"self":[{"href":"https:\/\/www.queenscollege.es\/ca\/wp-json\/wp\/v2\/pages\/230"}],"collection":[{"href":"https:\/\/www.queenscollege.es\/ca\/wp-json\/wp\/v2\/pages"}],"about":[{"href":"https:\/\/www.queenscollege.es\/ca\/wp-json\/wp\/v2\/types\/page"}],"author":[{"embeddable":true,"href":"https:\/\/www.queenscollege.es\/ca\/wp-json\/wp\/v2\/users\/10"}],"replies":[{"embeddable":true,"href":"https:\/\/www.queenscollege.es\/ca\/wp-json\/wp\/v2\/comments?post=230"}],"version-history":[{"count":3,"href":"https:\/\/www.queenscollege.es\/ca\/wp-json\/wp\/v2\/pages\/230\/revisions"}],"predecessor-version":[{"id":1313,"href":"https:\/\/www.queenscollege.es\/ca\/wp-json\/wp\/v2\/pages\/230\/revisions\/1313"}],"up":[{"embeddable":true,"href":"https:\/\/www.queenscollege.es\/ca\/wp-json\/wp\/v2\/pages\/683"}],"wp:featuredmedia":[{"embeddable":true,"href":"https:\/\/www.queenscollege.es\/ca\/wp-json\/wp\/v2\/media\/1155"}],"wp:attachment":[{"href":"https:\/\/www.queenscollege.es\/ca\/wp-json\/wp\/v2\/media?parent=230"}],"curies":[{"name":"wp","href":"https:\/\/api.w.org\/{rel}","templated":true}]}}