{"id":224,"date":"2014-03-12T15:21:51","date_gmt":"2014-03-12T14:21:51","guid":{"rendered":"http:\/\/www.test.queenscollege.es\/?page_id=224"},"modified":"2014-05-02T09:48:54","modified_gmt":"2014-05-02T08:48:54","slug":"el-mestre-de-classe-tutor","status":"publish","type":"page","link":"https:\/\/www.queenscollege.es\/ca\/descobreix-nos\/educacio-personal\/el-mestre-de-classe-tutor\/","title":{"rendered":"El mestre de classe \/ tutor"},"content":{"rendered":"<div class=\"image-full-with-container\"><img src=\"https:\/\/www.queenscollege.es\/wp-content\/uploads\/2014\/03\/profesor-tutor.jpg\"><\/div>\r\n<div class=\"none\" style=\"margin-top:20px;\"><\/div>\r\n<p>La professora de classe, en prim\u00e0ria, i el tutor, en secund\u00e0ria, s\u00f3n els responsables principals d\u2019assegurar que totes les necessitats, ja siguin acad\u00e8miques, f\u00edsiques, socials o emocionals, de tots els alumnes que estan al seu c\u00e0rrec, siguin satisfetes.<\/p>\r\n\r\n<p>Al detectar-se qualsevol problema, ho tracten amb qui correspongui, ja sigui amb l\u2019alumne, la fam\u00edlia, la professora de recolzament en prim\u00e0ria o el coordinador en secund\u00e0ria.<\/p>\r\n\r\n<p>Quan es precis i segons el cas, el profesor\/tutor compte amb el recol\u00e7ament de:<\/p>\r\n\r\n<ul>\r\n\t<li>la Directora ,<\/li>\r\n\t<li>la Directora de Prim\u00e0ria,<\/li>\r\n\t<li>el Director Adjunt del Departament de Secund\u00e0ria,<\/li>\r\n\t<li>els cap de departament de les diferents\u00a0assignatures,<\/li>\r\n\t<li>la Professora amb\u00a0responsabilitat\u00a0per a Problemes\u00a0d\u2019Aprenentatge,<\/li>\r\n\t<li>la Psic\u00f2loga del centre<\/li>\r\n<\/ul>\r\n","protected":false},"excerpt":{"rendered":"La professora de classe, en prim\u00e0ria, i el tutor, en secund\u00e0ria, s\u00f3n els responsables principals d\u2019assegurar que totes les necessitats, ja siguin acad\u00e8miques, f\u00edsiques, socials o emocionals, de tots els alumnes que estan al seu c\u00e0rrec, siguin satisfetes. Al detectar-se &hellip; <a href=\"https:\/\/www.queenscollege.es\/ca\/descobreix-nos\/educacio-personal\/el-mestre-de-classe-tutor\/\">Llegir m\u00e9s<\/a>","protected":false},"author":10,"featured_media":26377,"parent":683,"menu_order":2,"comment_status":"open","ping_status":"open","template":"","meta":[],"yoast_head":"<!-- This site is optimized with the Yoast SEO plugin v18.5.1 - https:\/\/yoast.com\/wordpress\/plugins\/seo\/ -->\n<title>El mestre de classe \/ tutor - Queen\u2019s College<\/title>\n<meta name=\"robots\" content=\"index, follow, max-snippet:-1, max-image-preview:large, max-video-preview:-1\" \/>\n<link rel=\"canonical\" href=\"https:\/\/www.queenscollege.es\/ca\/descobreix-nos\/educacio-personal\/el-mestre-de-classe-tutor\/\" \/>\n<meta property=\"og:locale\" content=\"ca_ES\" \/>\n<meta property=\"og:type\" content=\"article\" \/>\n<meta property=\"og:title\" content=\"El mestre de classe \/ tutor - Queen\u2019s College\" \/>\n<meta property=\"og:description\" content=\"La professora de classe, en prim\u00e0ria, i el tutor, en secund\u00e0ria, s\u00f3n els responsables principals d\u2019assegurar que totes les necessitats, ja siguin acad\u00e8miques, f\u00edsiques, socials o emocionals, de tots els alumnes que estan al seu c\u00e0rrec, siguin satisfetes. Al detectar-se &hellip; Llegir m\u00e9s\" \/>\n<meta property=\"og:url\" content=\"https:\/\/www.queenscollege.es\/ca\/descobreix-nos\/educacio-personal\/el-mestre-de-classe-tutor\/\" \/>\n<meta property=\"og:site_name\" content=\"Queen\u2019s College\" \/>\n<meta property=\"article:modified_time\" content=\"2014-05-02T08:48:54+00:00\" \/>\n<meta property=\"og:image\" content=\"https:\/\/www.queenscollege.es\/wp-content\/uploads\/2014\/03\/profesor-tutor.jpg\" \/>\n\t<meta property=\"og:image:width\" content=\"940\" \/>\n\t<meta property=\"og:image:height\" content=\"327\" \/>\n\t<meta property=\"og:image:type\" content=\"image\/jpeg\" \/>\n<meta name=\"twitter:label1\" content=\"Temps estimat de lectura\" \/>\n\t<meta name=\"twitter:data1\" content=\"1 minut\" \/>\n<script type=\"application\/ld+json\" class=\"yoast-schema-graph\">{\"@context\":\"https:\/\/schema.org\",\"@graph\":[{\"@type\":\"WebSite\",\"@id\":\"https:\/\/www.queenscollege.es\/en\/#website\",\"url\":\"https:\/\/www.queenscollege.es\/en\/\",\"name\":\"Queen\u2019s College\",\"description\":\"Queen&#039;s College web\",\"potentialAction\":[{\"@type\":\"SearchAction\",\"target\":{\"@type\":\"EntryPoint\",\"urlTemplate\":\"https:\/\/www.queenscollege.es\/en\/?s={search_term_string}\"},\"query-input\":\"required name=search_term_string\"}],\"inLanguage\":\"ca\"},{\"@type\":\"ImageObject\",\"@id\":\"https:\/\/www.queenscollege.es\/ca\/descobreix-nos\/educacio-personal\/el-mestre-de-classe-tutor\/#primaryimage\",\"inLanguage\":\"ca\",\"url\":\"https:\/\/www.queenscollege.es\/wp-content\/uploads\/2014\/03\/profesor-tutor.jpg\",\"contentUrl\":\"https:\/\/www.queenscollege.es\/wp-content\/uploads\/2014\/03\/profesor-tutor.jpg\",\"width\":940,\"height\":327},{\"@type\":\"WebPage\",\"@id\":\"https:\/\/www.queenscollege.es\/ca\/descobreix-nos\/educacio-personal\/el-mestre-de-classe-tutor\/#webpage\",\"url\":\"https:\/\/www.queenscollege.es\/ca\/descobreix-nos\/educacio-personal\/el-mestre-de-classe-tutor\/\",\"name\":\"El mestre de classe \/ tutor - Queen\u2019s College\",\"isPartOf\":{\"@id\":\"https:\/\/www.queenscollege.es\/en\/#website\"},\"primaryImageOfPage\":{\"@id\":\"https:\/\/www.queenscollege.es\/ca\/descobreix-nos\/educacio-personal\/el-mestre-de-classe-tutor\/#primaryimage\"},\"datePublished\":\"2014-03-12T14:21:51+00:00\",\"dateModified\":\"2014-05-02T08:48:54+00:00\",\"breadcrumb\":{\"@id\":\"https:\/\/www.queenscollege.es\/ca\/descobreix-nos\/educacio-personal\/el-mestre-de-classe-tutor\/#breadcrumb\"},\"inLanguage\":\"ca\",\"potentialAction\":[{\"@type\":\"ReadAction\",\"target\":[\"https:\/\/www.queenscollege.es\/ca\/descobreix-nos\/educacio-personal\/el-mestre-de-classe-tutor\/\"]}]},{\"@type\":\"BreadcrumbList\",\"@id\":\"https:\/\/www.queenscollege.es\/ca\/descobreix-nos\/educacio-personal\/el-mestre-de-classe-tutor\/#breadcrumb\",\"itemListElement\":[{\"@type\":\"ListItem\",\"position\":1,\"name\":\"Portada\",\"item\":\"https:\/\/www.queenscollege.es\/\"},{\"@type\":\"ListItem\",\"position\":2,\"name\":\"Descobreix-nos\",\"item\":\"https:\/\/www.queenscollege.es\/ca\/descobreix-nos\/\"},{\"@type\":\"ListItem\",\"position\":3,\"name\":\"Educaci\u00f3 Personal\",\"item\":\"https:\/\/www.queenscollege.es\/ca\/descobreix-nos\/educacio-personal\/\"},{\"@type\":\"ListItem\",\"position\":4,\"name\":\"El mestre de classe \/ tutor\"}]}]}<\/script>\n<!-- \/ Yoast SEO plugin. -->","yoast_head_json":{"title":"El mestre de classe \/ tutor - Queen\u2019s College","robots":{"index":"index","follow":"follow","max-snippet":"max-snippet:-1","max-image-preview":"max-image-preview:large","max-video-preview":"max-video-preview:-1"},"canonical":"https:\/\/www.queenscollege.es\/ca\/descobreix-nos\/educacio-personal\/el-mestre-de-classe-tutor\/","og_locale":"ca_ES","og_type":"article","og_title":"El mestre de classe \/ tutor - Queen\u2019s College","og_description":"La professora de classe, en prim\u00e0ria, i el tutor, en secund\u00e0ria, s\u00f3n els responsables principals d\u2019assegurar que totes les necessitats, ja siguin acad\u00e8miques, f\u00edsiques, socials o emocionals, de tots els alumnes que estan al seu c\u00e0rrec, siguin satisfetes. Al detectar-se &hellip; Llegir m\u00e9s","og_url":"https:\/\/www.queenscollege.es\/ca\/descobreix-nos\/educacio-personal\/el-mestre-de-classe-tutor\/","og_site_name":"Queen\u2019s College","article_modified_time":"2014-05-02T08:48:54+00:00","og_image":[{"width":940,"height":327,"url":"https:\/\/www.queenscollege.es\/wp-content\/uploads\/2014\/03\/profesor-tutor.jpg","type":"image\/jpeg"}],"twitter_misc":{"Temps estimat de lectura":"1 minut"},"schema":{"@context":"https:\/\/schema.org","@graph":[{"@type":"WebSite","@id":"https:\/\/www.queenscollege.es\/en\/#website","url":"https:\/\/www.queenscollege.es\/en\/","name":"Queen\u2019s College","description":"Queen&#039;s College web","potentialAction":[{"@type":"SearchAction","target":{"@type":"EntryPoint","urlTemplate":"https:\/\/www.queenscollege.es\/en\/?s={search_term_string}"},"query-input":"required name=search_term_string"}],"inLanguage":"ca"},{"@type":"ImageObject","@id":"https:\/\/www.queenscollege.es\/ca\/descobreix-nos\/educacio-personal\/el-mestre-de-classe-tutor\/#primaryimage","inLanguage":"ca","url":"https:\/\/www.queenscollege.es\/wp-content\/uploads\/2014\/03\/profesor-tutor.jpg","contentUrl":"https:\/\/www.queenscollege.es\/wp-content\/uploads\/2014\/03\/profesor-tutor.jpg","width":940,"height":327},{"@type":"WebPage","@id":"https:\/\/www.queenscollege.es\/ca\/descobreix-nos\/educacio-personal\/el-mestre-de-classe-tutor\/#webpage","url":"https:\/\/www.queenscollege.es\/ca\/descobreix-nos\/educacio-personal\/el-mestre-de-classe-tutor\/","name":"El mestre de classe \/ tutor - Queen\u2019s College","isPartOf":{"@id":"https:\/\/www.queenscollege.es\/en\/#website"},"primaryImageOfPage":{"@id":"https:\/\/www.queenscollege.es\/ca\/descobreix-nos\/educacio-personal\/el-mestre-de-classe-tutor\/#primaryimage"},"datePublished":"2014-03-12T14:21:51+00:00","dateModified":"2014-05-02T08:48:54+00:00","breadcrumb":{"@id":"https:\/\/www.queenscollege.es\/ca\/descobreix-nos\/educacio-personal\/el-mestre-de-classe-tutor\/#breadcrumb"},"inLanguage":"ca","potentialAction":[{"@type":"ReadAction","target":["https:\/\/www.queenscollege.es\/ca\/descobreix-nos\/educacio-personal\/el-mestre-de-classe-tutor\/"]}]},{"@type":"BreadcrumbList","@id":"https:\/\/www.queenscollege.es\/ca\/descobreix-nos\/educacio-personal\/el-mestre-de-classe-tutor\/#breadcrumb","itemListElement":[{"@type":"ListItem","position":1,"name":"Portada","item":"https:\/\/www.queenscollege.es\/"},{"@type":"ListItem","position":2,"name":"Descobreix-nos","item":"https:\/\/www.queenscollege.es\/ca\/descobreix-nos\/"},{"@type":"ListItem","position":3,"name":"Educaci\u00f3 Personal","item":"https:\/\/www.queenscollege.es\/ca\/descobreix-nos\/educacio-personal\/"},{"@type":"ListItem","position":4,"name":"El mestre de classe \/ tutor"}]}]}},"_links":{"self":[{"href":"https:\/\/www.queenscollege.es\/ca\/wp-json\/wp\/v2\/pages\/224"}],"collection":[{"href":"https:\/\/www.queenscollege.es\/ca\/wp-json\/wp\/v2\/pages"}],"about":[{"href":"https:\/\/www.queenscollege.es\/ca\/wp-json\/wp\/v2\/types\/page"}],"author":[{"embeddable":true,"href":"https:\/\/www.queenscollege.es\/ca\/wp-json\/wp\/v2\/users\/10"}],"replies":[{"embeddable":true,"href":"https:\/\/www.queenscollege.es\/ca\/wp-json\/wp\/v2\/comments?post=224"}],"version-history":[{"count":2,"href":"https:\/\/www.queenscollege.es\/ca\/wp-json\/wp\/v2\/pages\/224\/revisions"}],"predecessor-version":[{"id":821,"href":"https:\/\/www.queenscollege.es\/ca\/wp-json\/wp\/v2\/pages\/224\/revisions\/821"}],"up":[{"embeddable":true,"href":"https:\/\/www.queenscollege.es\/ca\/wp-json\/wp\/v2\/pages\/683"}],"wp:featuredmedia":[{"embeddable":true,"href":"https:\/\/www.queenscollege.es\/ca\/wp-json\/wp\/v2\/media\/26377"}],"wp:attachment":[{"href":"https:\/\/www.queenscollege.es\/ca\/wp-json\/wp\/v2\/media?parent=224"}],"curies":[{"name":"wp","href":"https:\/\/api.w.org\/{rel}","templated":true}]}}