{"id":197,"date":"2014-03-12T15:19:52","date_gmt":"2014-03-21T10:31:20","guid":{"rendered":"http:\/\/www.test.queenscollege.es\/?page_id=197"},"modified":"2014-05-02T09:39:09","modified_gmt":"2014-05-02T08:39:09","slug":"missio-objectius","status":"publish","type":"page","link":"https:\/\/www.queenscollege.es\/ca\/descobreix-nos\/qui-som\/missio-objectius\/","title":{"rendered":"Missi\u00f3 i objectius"},"content":{"rendered":"<div class=\"image-full-with-container\"><img src=\"https:\/\/www.queenscollege.es\/wp-content\/uploads\/2014\/03\/mision1.jpg\"><\/div>\r\n\r\n<div class=\"none\" style=\"margin-top:20px;\"><\/div>\r\n<strong>La Nostra Missi\u00f3<\/strong>\r\n\r\n<p>La nostra missi\u00f3 \u00e9s proporcionar un aprenentatge efica\u00e7 en un entorn segur i feli\u00e7 basat en el respecte mutu en el qual l\u2019adquisici\u00f3 de coneixements, destreses i qualitats personals permetin als alumnes satisfer les exig\u00e8ncies de la societat present i futura.<\/p>\r\n\r\n\r\n<strong>Els Nostres Objectius<\/strong>\r\n<p>Proporcionar una educaci\u00f3 d\u2019excel\u00b7l\u00e8ncia i completa a tots els alumnes implica:<\/p>\r\n<ul>\r\n\t<li>Dotar els alumnes dels mitjans necessaris per tenir una actitud d\u2019aprenentatge permanent durant tota la seva vida, de destriar per si mateixos i d\u2019adaptar-se amb confian\u00e7a a noves situacions<\/li>\r\n\t<li>Permetre i encoratjar els estudiants a desenvolupar tot el seu potencial<\/li>\r\n\t<li>Assegurar a l\u2019alumne que a m\u00e9s de preparar-lo per a la seva vida posterior, el dia a dia en el col\u00b7legi t\u00e9 valor en si mateix.<\/li>\r\n\t<li>Exigir a tots els alumnes: integritat, sentit de l\u2019equitat, toler\u00e0ncia i respecte pels altres i cap al medi ambient.<\/li>\r\n\t<li>Desenvolupar un sentit de germanor caracteritzat per a un prop\u00f2sit com\u00fa i un entusiasme compartit per aprendre.<\/li>\r\n<\/ul>","protected":false},"excerpt":{"rendered":"La Nostra Missi\u00f3 La nostra missi\u00f3 \u00e9s proporcionar un aprenentatge efica\u00e7 en un entorn segur i feli\u00e7 basat en el respecte mutu en el qual l\u2019adquisici\u00f3 de coneixements, destreses i qualitats personals permetin als alumnes satisfer les exig\u00e8ncies de la &hellip; <a href=\"https:\/\/www.queenscollege.es\/ca\/descobreix-nos\/qui-som\/missio-objectius\/\">Llegir m\u00e9s<\/a>","protected":false},"author":10,"featured_media":650,"parent":676,"menu_order":5,"comment_status":"open","ping_status":"open","template":"","meta":[],"yoast_head":"<!-- This site is optimized with the Yoast SEO plugin v18.5.1 - https:\/\/yoast.com\/wordpress\/plugins\/seo\/ -->\n<title>Missi\u00f3 i objectius - Queen\u2019s College<\/title>\n<meta name=\"robots\" content=\"index, follow, max-snippet:-1, max-image-preview:large, max-video-preview:-1\" \/>\n<link rel=\"canonical\" href=\"https:\/\/www.queenscollege.es\/ca\/descobreix-nos\/qui-som\/missio-objectius\/\" \/>\n<meta property=\"og:locale\" content=\"ca_ES\" \/>\n<meta property=\"og:type\" content=\"article\" \/>\n<meta property=\"og:title\" content=\"Missi\u00f3 i objectius - Queen\u2019s College\" \/>\n<meta property=\"og:description\" content=\"La Nostra Missi\u00f3 La nostra missi\u00f3 \u00e9s proporcionar un aprenentatge efica\u00e7 en un entorn segur i feli\u00e7 basat en el respecte mutu en el qual l\u2019adquisici\u00f3 de coneixements, destreses i qualitats personals permetin als alumnes satisfer les exig\u00e8ncies de la &hellip; Llegir m\u00e9s\" \/>\n<meta property=\"og:url\" content=\"https:\/\/www.queenscollege.es\/ca\/descobreix-nos\/qui-som\/missio-objectius\/\" \/>\n<meta property=\"og:site_name\" content=\"Queen\u2019s College\" \/>\n<meta property=\"article:modified_time\" content=\"2014-05-02T08:39:09+00:00\" \/>\n<meta property=\"og:image\" content=\"https:\/\/www.queenscollege.es\/wp-content\/uploads\/2014\/03\/mision1.jpg\" \/>\n\t<meta property=\"og:image:width\" content=\"940\" \/>\n\t<meta property=\"og:image:height\" content=\"327\" \/>\n\t<meta property=\"og:image:type\" content=\"image\/jpeg\" \/>\n<meta name=\"twitter:label1\" content=\"Temps estimat de lectura\" \/>\n\t<meta name=\"twitter:data1\" content=\"1 minut\" \/>\n<script type=\"application\/ld+json\" class=\"yoast-schema-graph\">{\"@context\":\"https:\/\/schema.org\",\"@graph\":[{\"@type\":\"WebSite\",\"@id\":\"https:\/\/www.queenscollege.es\/en\/#website\",\"url\":\"https:\/\/www.queenscollege.es\/en\/\",\"name\":\"Queen\u2019s College\",\"description\":\"Queen&#039;s College web\",\"potentialAction\":[{\"@type\":\"SearchAction\",\"target\":{\"@type\":\"EntryPoint\",\"urlTemplate\":\"https:\/\/www.queenscollege.es\/en\/?s={search_term_string}\"},\"query-input\":\"required name=search_term_string\"}],\"inLanguage\":\"ca\"},{\"@type\":\"ImageObject\",\"@id\":\"https:\/\/www.queenscollege.es\/ca\/descobreix-nos\/qui-som\/missio-objectius\/#primaryimage\",\"inLanguage\":\"ca\",\"url\":\"https:\/\/www.queenscollege.es\/wp-content\/uploads\/2014\/03\/mision1.jpg\",\"contentUrl\":\"https:\/\/www.queenscollege.es\/wp-content\/uploads\/2014\/03\/mision1.jpg\",\"width\":940,\"height\":327},{\"@type\":\"WebPage\",\"@id\":\"https:\/\/www.queenscollege.es\/ca\/descobreix-nos\/qui-som\/missio-objectius\/#webpage\",\"url\":\"https:\/\/www.queenscollege.es\/ca\/descobreix-nos\/qui-som\/missio-objectius\/\",\"name\":\"Missi\u00f3 i objectius - Queen\u2019s College\",\"isPartOf\":{\"@id\":\"https:\/\/www.queenscollege.es\/en\/#website\"},\"primaryImageOfPage\":{\"@id\":\"https:\/\/www.queenscollege.es\/ca\/descobreix-nos\/qui-som\/missio-objectius\/#primaryimage\"},\"datePublished\":\"2014-03-21T10:31:20+00:00\",\"dateModified\":\"2014-05-02T08:39:09+00:00\",\"breadcrumb\":{\"@id\":\"https:\/\/www.queenscollege.es\/ca\/descobreix-nos\/qui-som\/missio-objectius\/#breadcrumb\"},\"inLanguage\":\"ca\",\"potentialAction\":[{\"@type\":\"ReadAction\",\"target\":[\"https:\/\/www.queenscollege.es\/ca\/descobreix-nos\/qui-som\/missio-objectius\/\"]}]},{\"@type\":\"BreadcrumbList\",\"@id\":\"https:\/\/www.queenscollege.es\/ca\/descobreix-nos\/qui-som\/missio-objectius\/#breadcrumb\",\"itemListElement\":[{\"@type\":\"ListItem\",\"position\":1,\"name\":\"Portada\",\"item\":\"https:\/\/www.queenscollege.es\/\"},{\"@type\":\"ListItem\",\"position\":2,\"name\":\"Descobreix-nos\",\"item\":\"https:\/\/www.queenscollege.es\/ca\/descobreix-nos\/\"},{\"@type\":\"ListItem\",\"position\":3,\"name\":\"Qui som\",\"item\":\"https:\/\/www.queenscollege.es\/ca\/descobreix-nos\/qui-som\/\"},{\"@type\":\"ListItem\",\"position\":4,\"name\":\"Missi\u00f3 i objectius\"}]}]}<\/script>\n<!-- \/ Yoast SEO plugin. -->","yoast_head_json":{"title":"Missi\u00f3 i objectius - Queen\u2019s College","robots":{"index":"index","follow":"follow","max-snippet":"max-snippet:-1","max-image-preview":"max-image-preview:large","max-video-preview":"max-video-preview:-1"},"canonical":"https:\/\/www.queenscollege.es\/ca\/descobreix-nos\/qui-som\/missio-objectius\/","og_locale":"ca_ES","og_type":"article","og_title":"Missi\u00f3 i objectius - Queen\u2019s College","og_description":"La Nostra Missi\u00f3 La nostra missi\u00f3 \u00e9s proporcionar un aprenentatge efica\u00e7 en un entorn segur i feli\u00e7 basat en el respecte mutu en el qual l\u2019adquisici\u00f3 de coneixements, destreses i qualitats personals permetin als alumnes satisfer les exig\u00e8ncies de la &hellip; Llegir m\u00e9s","og_url":"https:\/\/www.queenscollege.es\/ca\/descobreix-nos\/qui-som\/missio-objectius\/","og_site_name":"Queen\u2019s College","article_modified_time":"2014-05-02T08:39:09+00:00","og_image":[{"width":940,"height":327,"url":"https:\/\/www.queenscollege.es\/wp-content\/uploads\/2014\/03\/mision1.jpg","type":"image\/jpeg"}],"twitter_misc":{"Temps estimat de lectura":"1 minut"},"schema":{"@context":"https:\/\/schema.org","@graph":[{"@type":"WebSite","@id":"https:\/\/www.queenscollege.es\/en\/#website","url":"https:\/\/www.queenscollege.es\/en\/","name":"Queen\u2019s College","description":"Queen&#039;s College web","potentialAction":[{"@type":"SearchAction","target":{"@type":"EntryPoint","urlTemplate":"https:\/\/www.queenscollege.es\/en\/?s={search_term_string}"},"query-input":"required name=search_term_string"}],"inLanguage":"ca"},{"@type":"ImageObject","@id":"https:\/\/www.queenscollege.es\/ca\/descobreix-nos\/qui-som\/missio-objectius\/#primaryimage","inLanguage":"ca","url":"https:\/\/www.queenscollege.es\/wp-content\/uploads\/2014\/03\/mision1.jpg","contentUrl":"https:\/\/www.queenscollege.es\/wp-content\/uploads\/2014\/03\/mision1.jpg","width":940,"height":327},{"@type":"WebPage","@id":"https:\/\/www.queenscollege.es\/ca\/descobreix-nos\/qui-som\/missio-objectius\/#webpage","url":"https:\/\/www.queenscollege.es\/ca\/descobreix-nos\/qui-som\/missio-objectius\/","name":"Missi\u00f3 i objectius - Queen\u2019s College","isPartOf":{"@id":"https:\/\/www.queenscollege.es\/en\/#website"},"primaryImageOfPage":{"@id":"https:\/\/www.queenscollege.es\/ca\/descobreix-nos\/qui-som\/missio-objectius\/#primaryimage"},"datePublished":"2014-03-21T10:31:20+00:00","dateModified":"2014-05-02T08:39:09+00:00","breadcrumb":{"@id":"https:\/\/www.queenscollege.es\/ca\/descobreix-nos\/qui-som\/missio-objectius\/#breadcrumb"},"inLanguage":"ca","potentialAction":[{"@type":"ReadAction","target":["https:\/\/www.queenscollege.es\/ca\/descobreix-nos\/qui-som\/missio-objectius\/"]}]},{"@type":"BreadcrumbList","@id":"https:\/\/www.queenscollege.es\/ca\/descobreix-nos\/qui-som\/missio-objectius\/#breadcrumb","itemListElement":[{"@type":"ListItem","position":1,"name":"Portada","item":"https:\/\/www.queenscollege.es\/"},{"@type":"ListItem","position":2,"name":"Descobreix-nos","item":"https:\/\/www.queenscollege.es\/ca\/descobreix-nos\/"},{"@type":"ListItem","position":3,"name":"Qui som","item":"https:\/\/www.queenscollege.es\/ca\/descobreix-nos\/qui-som\/"},{"@type":"ListItem","position":4,"name":"Missi\u00f3 i objectius"}]}]}},"_links":{"self":[{"href":"https:\/\/www.queenscollege.es\/ca\/wp-json\/wp\/v2\/pages\/197"}],"collection":[{"href":"https:\/\/www.queenscollege.es\/ca\/wp-json\/wp\/v2\/pages"}],"about":[{"href":"https:\/\/www.queenscollege.es\/ca\/wp-json\/wp\/v2\/types\/page"}],"author":[{"embeddable":true,"href":"https:\/\/www.queenscollege.es\/ca\/wp-json\/wp\/v2\/users\/10"}],"replies":[{"embeddable":true,"href":"https:\/\/www.queenscollege.es\/ca\/wp-json\/wp\/v2\/comments?post=197"}],"version-history":[{"count":2,"href":"https:\/\/www.queenscollege.es\/ca\/wp-json\/wp\/v2\/pages\/197\/revisions"}],"predecessor-version":[{"id":813,"href":"https:\/\/www.queenscollege.es\/ca\/wp-json\/wp\/v2\/pages\/197\/revisions\/813"}],"up":[{"embeddable":true,"href":"https:\/\/www.queenscollege.es\/ca\/wp-json\/wp\/v2\/pages\/676"}],"wp:featuredmedia":[{"embeddable":true,"href":"https:\/\/www.queenscollege.es\/ca\/wp-json\/wp\/v2\/media\/650"}],"wp:attachment":[{"href":"https:\/\/www.queenscollege.es\/ca\/wp-json\/wp\/v2\/media?parent=197"}],"curies":[{"name":"wp","href":"https:\/\/api.w.org\/{rel}","templated":true}]}}