{"id":190,"date":"2014-03-12T15:19:21","date_gmt":"2014-03-21T10:28:22","guid":{"rendered":"http:\/\/www.test.queenscollege.es\/?page_id=190"},"modified":"2017-02-07T12:55:16","modified_gmt":"2017-02-07T11:55:16","slug":"estatus-oficial","status":"publish","type":"page","link":"https:\/\/www.queenscollege.es\/ca\/descobreix-nos\/qui-som\/estatus-oficial\/","title":{"rendered":"Estatus oficial"},"content":{"rendered":"<div class=\"row conmargeninferior text_left_image_right\"><div class=\"col-sm-6 text-container\"><\/p><p>El col\u00b7legi est\u00e0 autoritzat i homologat pel la Conseller\u00eda d&#8217;Educaci\u00f3 i Cultura basada en una recomendaci\u00f3 del British Council (Madrid)\u00a0per oferir ensenyament brit\u00e0nic a alumnes de totes les nacionalitats.<\/p><p>A m\u00e9s a m\u00e9s, els alumnes de la Secci\u00f3 Espanyola, obtenen les homologacions dels t\u00edtols de Graduat en Educaci\u00f3 Secund\u00e0ria i de Batxillerat, podent accedir a la universitat espanyola segons el sistema d\u2019acc\u00e9s de la Uni\u00f3 Europea.<\/p><p>El col\u00b7legi \u00e9s membre, inspeccionat i aprovat de l\u2019Associaci\u00f3 Nacional de Col\u00b7legis Brit\u00e0nics d\u2019Espanya (NABSS). El col\u00b7legi rep visites peri\u00f2diques de les Inspeccions de l\u2019Associaci\u00f3 i de la Conselleria d\u2019Educaci\u00f3 i Cultura, i per tant, garanteixen el manteniment dels m\u00e0xims nivells educatius en ambd\u00f3s sistemes, el brit\u00e0nic i l\u2019espanyol.<\/p><p><strong>Personal docent<\/strong><\/p><p>El personal docent est\u00e0 format per professors titulats i experimentats en les seves respectives mat\u00e8ries i s\u00f3n designats, no nom\u00e9s per les seves capacitats acad\u00e8miques sin\u00f3 tamb\u00e9 per les seves habilitats a l\u2019aula i pel que, com a components de la comunitat escolar, poden aportar per enriquir-la.<\/p><p><\/div><div class=\"col-sm-6 featured-image-container\"><img src=\"https:\/\/www.queenscollege.es\/wp-content\/uploads\/2014\/03\/estatus-oficial.jpg\"><\/div><div class=\"clearfix\"><\/div><\/div>","protected":false},"excerpt":{"rendered":"","protected":false},"author":10,"featured_media":467,"parent":676,"menu_order":4,"comment_status":"open","ping_status":"open","template":"","meta":[],"yoast_head":"<!-- This site is optimized with the Yoast SEO plugin v18.5.1 - https:\/\/yoast.com\/wordpress\/plugins\/seo\/ -->\n<title>Estatus oficial - Queen\u2019s College<\/title>\n<meta name=\"robots\" content=\"index, follow, max-snippet:-1, max-image-preview:large, max-video-preview:-1\" \/>\n<link rel=\"canonical\" href=\"https:\/\/www.queenscollege.es\/ca\/descobreix-nos\/qui-som\/estatus-oficial\/\" \/>\n<meta property=\"og:locale\" content=\"ca_ES\" \/>\n<meta property=\"og:type\" content=\"article\" \/>\n<meta property=\"og:title\" content=\"Estatus oficial - Queen\u2019s College\" \/>\n<meta property=\"og:url\" content=\"https:\/\/www.queenscollege.es\/ca\/descobreix-nos\/qui-som\/estatus-oficial\/\" \/>\n<meta property=\"og:site_name\" content=\"Queen\u2019s College\" \/>\n<meta property=\"article:modified_time\" content=\"2017-02-07T11:55:16+00:00\" \/>\n<meta property=\"og:image\" content=\"https:\/\/www.queenscollege.es\/wp-content\/uploads\/2014\/03\/estatus-oficial.jpg\" \/>\n\t<meta property=\"og:image:width\" content=\"455\" \/>\n\t<meta property=\"og:image:height\" content=\"523\" \/>\n\t<meta property=\"og:image:type\" content=\"image\/jpeg\" \/>\n<meta name=\"twitter:label1\" content=\"Temps estimat de lectura\" \/>\n\t<meta name=\"twitter:data1\" content=\"1 minut\" \/>\n<script type=\"application\/ld+json\" class=\"yoast-schema-graph\">{\"@context\":\"https:\/\/schema.org\",\"@graph\":[{\"@type\":\"WebSite\",\"@id\":\"https:\/\/www.queenscollege.es\/en\/#website\",\"url\":\"https:\/\/www.queenscollege.es\/en\/\",\"name\":\"Queen\u2019s College\",\"description\":\"Queen&#039;s College web\",\"potentialAction\":[{\"@type\":\"SearchAction\",\"target\":{\"@type\":\"EntryPoint\",\"urlTemplate\":\"https:\/\/www.queenscollege.es\/en\/?s={search_term_string}\"},\"query-input\":\"required name=search_term_string\"}],\"inLanguage\":\"ca\"},{\"@type\":\"ImageObject\",\"@id\":\"https:\/\/www.queenscollege.es\/ca\/descobreix-nos\/qui-som\/estatus-oficial\/#primaryimage\",\"inLanguage\":\"ca\",\"url\":\"https:\/\/www.queenscollege.es\/wp-content\/uploads\/2014\/03\/estatus-oficial.jpg\",\"contentUrl\":\"https:\/\/www.queenscollege.es\/wp-content\/uploads\/2014\/03\/estatus-oficial.jpg\",\"width\":455,\"height\":523},{\"@type\":\"WebPage\",\"@id\":\"https:\/\/www.queenscollege.es\/ca\/descobreix-nos\/qui-som\/estatus-oficial\/#webpage\",\"url\":\"https:\/\/www.queenscollege.es\/ca\/descobreix-nos\/qui-som\/estatus-oficial\/\",\"name\":\"Estatus oficial - Queen\u2019s College\",\"isPartOf\":{\"@id\":\"https:\/\/www.queenscollege.es\/en\/#website\"},\"primaryImageOfPage\":{\"@id\":\"https:\/\/www.queenscollege.es\/ca\/descobreix-nos\/qui-som\/estatus-oficial\/#primaryimage\"},\"datePublished\":\"2014-03-21T10:28:22+00:00\",\"dateModified\":\"2017-02-07T11:55:16+00:00\",\"breadcrumb\":{\"@id\":\"https:\/\/www.queenscollege.es\/ca\/descobreix-nos\/qui-som\/estatus-oficial\/#breadcrumb\"},\"inLanguage\":\"ca\",\"potentialAction\":[{\"@type\":\"ReadAction\",\"target\":[\"https:\/\/www.queenscollege.es\/ca\/descobreix-nos\/qui-som\/estatus-oficial\/\"]}]},{\"@type\":\"BreadcrumbList\",\"@id\":\"https:\/\/www.queenscollege.es\/ca\/descobreix-nos\/qui-som\/estatus-oficial\/#breadcrumb\",\"itemListElement\":[{\"@type\":\"ListItem\",\"position\":1,\"name\":\"Portada\",\"item\":\"https:\/\/www.queenscollege.es\/\"},{\"@type\":\"ListItem\",\"position\":2,\"name\":\"Descobreix-nos\",\"item\":\"https:\/\/www.queenscollege.es\/ca\/descobreix-nos\/\"},{\"@type\":\"ListItem\",\"position\":3,\"name\":\"Qui som\",\"item\":\"https:\/\/www.queenscollege.es\/ca\/descobreix-nos\/qui-som\/\"},{\"@type\":\"ListItem\",\"position\":4,\"name\":\"Estatus oficial\"}]}]}<\/script>\n<!-- \/ Yoast SEO plugin. -->","yoast_head_json":{"title":"Estatus oficial - Queen\u2019s College","robots":{"index":"index","follow":"follow","max-snippet":"max-snippet:-1","max-image-preview":"max-image-preview:large","max-video-preview":"max-video-preview:-1"},"canonical":"https:\/\/www.queenscollege.es\/ca\/descobreix-nos\/qui-som\/estatus-oficial\/","og_locale":"ca_ES","og_type":"article","og_title":"Estatus oficial - Queen\u2019s College","og_url":"https:\/\/www.queenscollege.es\/ca\/descobreix-nos\/qui-som\/estatus-oficial\/","og_site_name":"Queen\u2019s College","article_modified_time":"2017-02-07T11:55:16+00:00","og_image":[{"width":455,"height":523,"url":"https:\/\/www.queenscollege.es\/wp-content\/uploads\/2014\/03\/estatus-oficial.jpg","type":"image\/jpeg"}],"twitter_misc":{"Temps estimat de lectura":"1 minut"},"schema":{"@context":"https:\/\/schema.org","@graph":[{"@type":"WebSite","@id":"https:\/\/www.queenscollege.es\/en\/#website","url":"https:\/\/www.queenscollege.es\/en\/","name":"Queen\u2019s College","description":"Queen&#039;s College web","potentialAction":[{"@type":"SearchAction","target":{"@type":"EntryPoint","urlTemplate":"https:\/\/www.queenscollege.es\/en\/?s={search_term_string}"},"query-input":"required name=search_term_string"}],"inLanguage":"ca"},{"@type":"ImageObject","@id":"https:\/\/www.queenscollege.es\/ca\/descobreix-nos\/qui-som\/estatus-oficial\/#primaryimage","inLanguage":"ca","url":"https:\/\/www.queenscollege.es\/wp-content\/uploads\/2014\/03\/estatus-oficial.jpg","contentUrl":"https:\/\/www.queenscollege.es\/wp-content\/uploads\/2014\/03\/estatus-oficial.jpg","width":455,"height":523},{"@type":"WebPage","@id":"https:\/\/www.queenscollege.es\/ca\/descobreix-nos\/qui-som\/estatus-oficial\/#webpage","url":"https:\/\/www.queenscollege.es\/ca\/descobreix-nos\/qui-som\/estatus-oficial\/","name":"Estatus oficial - Queen\u2019s College","isPartOf":{"@id":"https:\/\/www.queenscollege.es\/en\/#website"},"primaryImageOfPage":{"@id":"https:\/\/www.queenscollege.es\/ca\/descobreix-nos\/qui-som\/estatus-oficial\/#primaryimage"},"datePublished":"2014-03-21T10:28:22+00:00","dateModified":"2017-02-07T11:55:16+00:00","breadcrumb":{"@id":"https:\/\/www.queenscollege.es\/ca\/descobreix-nos\/qui-som\/estatus-oficial\/#breadcrumb"},"inLanguage":"ca","potentialAction":[{"@type":"ReadAction","target":["https:\/\/www.queenscollege.es\/ca\/descobreix-nos\/qui-som\/estatus-oficial\/"]}]},{"@type":"BreadcrumbList","@id":"https:\/\/www.queenscollege.es\/ca\/descobreix-nos\/qui-som\/estatus-oficial\/#breadcrumb","itemListElement":[{"@type":"ListItem","position":1,"name":"Portada","item":"https:\/\/www.queenscollege.es\/"},{"@type":"ListItem","position":2,"name":"Descobreix-nos","item":"https:\/\/www.queenscollege.es\/ca\/descobreix-nos\/"},{"@type":"ListItem","position":3,"name":"Qui som","item":"https:\/\/www.queenscollege.es\/ca\/descobreix-nos\/qui-som\/"},{"@type":"ListItem","position":4,"name":"Estatus oficial"}]}]}},"_links":{"self":[{"href":"https:\/\/www.queenscollege.es\/ca\/wp-json\/wp\/v2\/pages\/190"}],"collection":[{"href":"https:\/\/www.queenscollege.es\/ca\/wp-json\/wp\/v2\/pages"}],"about":[{"href":"https:\/\/www.queenscollege.es\/ca\/wp-json\/wp\/v2\/types\/page"}],"author":[{"embeddable":true,"href":"https:\/\/www.queenscollege.es\/ca\/wp-json\/wp\/v2\/users\/10"}],"replies":[{"embeddable":true,"href":"https:\/\/www.queenscollege.es\/ca\/wp-json\/wp\/v2\/comments?post=190"}],"version-history":[{"count":4,"href":"https:\/\/www.queenscollege.es\/ca\/wp-json\/wp\/v2\/pages\/190\/revisions"}],"predecessor-version":[{"id":1493,"href":"https:\/\/www.queenscollege.es\/ca\/wp-json\/wp\/v2\/pages\/190\/revisions\/1493"}],"up":[{"embeddable":true,"href":"https:\/\/www.queenscollege.es\/ca\/wp-json\/wp\/v2\/pages\/676"}],"wp:featuredmedia":[{"embeddable":true,"href":"https:\/\/www.queenscollege.es\/ca\/wp-json\/wp\/v2\/media\/467"}],"wp:attachment":[{"href":"https:\/\/www.queenscollege.es\/ca\/wp-json\/wp\/v2\/media?parent=190"}],"curies":[{"name":"wp","href":"https:\/\/api.w.org\/{rel}","templated":true}]}}