{"id":178,"date":"2014-03-12T15:18:32","date_gmt":"2014-03-21T10:19:39","guid":{"rendered":"http:\/\/www.test.queenscollege.es\/?page_id=178"},"modified":"2014-05-02T09:29:34","modified_gmt":"2014-05-02T08:29:34","slug":"la-comunitat-escolar","status":"publish","type":"page","link":"https:\/\/www.queenscollege.es\/ca\/descobreix-nos\/qui-som\/la-comunitat-escolar\/","title":{"rendered":"La comunitat escolar"},"content":{"rendered":"<div class=\"row conmargeninferior text_left_image_right\"><div class=\"col-sm-6 text-container\">\r\n\r\n<p>Els alumnes, els seus pares i tots els membres del col.legi formen una comunitat molt unida. El col\u00b7legi reconeix que els seus objectius nom\u00e9s poden ser completament assolits si els membres d\u2019aquesta comunitat treballen junts i coordinats. Per aquesta ra\u00f3, unes bones relacions entre l\u2019escola i la llar \u00e9s una caracter\u00edstica essencial de la vida escolar.<\/p>\r\n\r\n<p>Regularment s\u2019envien butlletins informatius i, tant la direcci\u00f3 com els membres del personal docent, estan regularment en contacte amb els pares, ja sigui per parlar del progr\u00e9s dels alumnes o per a tractar temes que els preocupen. A m\u00e9s a m\u00e9s, els pares s\u00f3n informats immediatament quan s\u2019identifiquen problemes potencials.<\/p>\r\n\r\n<p>Durant el curs acad\u00e8mic se celebren diversos actes socials als quals els pares s\u00f3n sempre benvinguts. Igualment s\u2019aprecia la seva participaci\u00f3 en excursions i visites fora del col\u00b7legi.<\/p>\r\n<\/div><div class=\"col-sm-6 featured-image-container\"><img src=\"https:\/\/www.queenscollege.es\/wp-content\/uploads\/2014\/03\/comunidad-escolar.jpg\"><\/div><div class=\"clearfix\"><\/div><\/div>","protected":false},"excerpt":{"rendered":"","protected":false},"author":10,"featured_media":465,"parent":676,"menu_order":2,"comment_status":"open","ping_status":"open","template":"","meta":[],"yoast_head":"<!-- This site is optimized with the Yoast SEO plugin v18.5.1 - https:\/\/yoast.com\/wordpress\/plugins\/seo\/ -->\n<title>La comunitat escolar - Queen\u2019s College<\/title>\n<meta name=\"robots\" content=\"index, follow, max-snippet:-1, max-image-preview:large, max-video-preview:-1\" \/>\n<link rel=\"canonical\" href=\"https:\/\/www.queenscollege.es\/ca\/descobreix-nos\/qui-som\/la-comunitat-escolar\/\" \/>\n<meta property=\"og:locale\" content=\"ca_ES\" \/>\n<meta property=\"og:type\" content=\"article\" \/>\n<meta property=\"og:title\" content=\"La comunitat escolar - Queen\u2019s College\" \/>\n<meta property=\"og:url\" content=\"https:\/\/www.queenscollege.es\/ca\/descobreix-nos\/qui-som\/la-comunitat-escolar\/\" \/>\n<meta property=\"og:site_name\" content=\"Queen\u2019s College\" \/>\n<meta property=\"article:modified_time\" content=\"2014-05-02T08:29:34+00:00\" \/>\n<meta property=\"og:image\" content=\"https:\/\/www.queenscollege.es\/wp-content\/uploads\/2014\/03\/comunidad-escolar.jpg\" \/>\n\t<meta property=\"og:image:width\" content=\"455\" \/>\n\t<meta property=\"og:image:height\" content=\"437\" \/>\n\t<meta property=\"og:image:type\" content=\"image\/jpeg\" \/>\n<meta name=\"twitter:label1\" content=\"Temps estimat de lectura\" \/>\n\t<meta name=\"twitter:data1\" content=\"1 minut\" \/>\n<script type=\"application\/ld+json\" class=\"yoast-schema-graph\">{\"@context\":\"https:\/\/schema.org\",\"@graph\":[{\"@type\":\"WebSite\",\"@id\":\"https:\/\/www.queenscollege.es\/en\/#website\",\"url\":\"https:\/\/www.queenscollege.es\/en\/\",\"name\":\"Queen\u2019s College\",\"description\":\"Queen&#039;s College web\",\"potentialAction\":[{\"@type\":\"SearchAction\",\"target\":{\"@type\":\"EntryPoint\",\"urlTemplate\":\"https:\/\/www.queenscollege.es\/en\/?s={search_term_string}\"},\"query-input\":\"required name=search_term_string\"}],\"inLanguage\":\"ca\"},{\"@type\":\"ImageObject\",\"@id\":\"https:\/\/www.queenscollege.es\/ca\/descobreix-nos\/qui-som\/la-comunitat-escolar\/#primaryimage\",\"inLanguage\":\"ca\",\"url\":\"https:\/\/www.queenscollege.es\/wp-content\/uploads\/2014\/03\/comunidad-escolar.jpg\",\"contentUrl\":\"https:\/\/www.queenscollege.es\/wp-content\/uploads\/2014\/03\/comunidad-escolar.jpg\",\"width\":455,\"height\":437},{\"@type\":\"WebPage\",\"@id\":\"https:\/\/www.queenscollege.es\/ca\/descobreix-nos\/qui-som\/la-comunitat-escolar\/#webpage\",\"url\":\"https:\/\/www.queenscollege.es\/ca\/descobreix-nos\/qui-som\/la-comunitat-escolar\/\",\"name\":\"La comunitat escolar - Queen\u2019s College\",\"isPartOf\":{\"@id\":\"https:\/\/www.queenscollege.es\/en\/#website\"},\"primaryImageOfPage\":{\"@id\":\"https:\/\/www.queenscollege.es\/ca\/descobreix-nos\/qui-som\/la-comunitat-escolar\/#primaryimage\"},\"datePublished\":\"2014-03-21T10:19:39+00:00\",\"dateModified\":\"2014-05-02T08:29:34+00:00\",\"breadcrumb\":{\"@id\":\"https:\/\/www.queenscollege.es\/ca\/descobreix-nos\/qui-som\/la-comunitat-escolar\/#breadcrumb\"},\"inLanguage\":\"ca\",\"potentialAction\":[{\"@type\":\"ReadAction\",\"target\":[\"https:\/\/www.queenscollege.es\/ca\/descobreix-nos\/qui-som\/la-comunitat-escolar\/\"]}]},{\"@type\":\"BreadcrumbList\",\"@id\":\"https:\/\/www.queenscollege.es\/ca\/descobreix-nos\/qui-som\/la-comunitat-escolar\/#breadcrumb\",\"itemListElement\":[{\"@type\":\"ListItem\",\"position\":1,\"name\":\"Portada\",\"item\":\"https:\/\/www.queenscollege.es\/\"},{\"@type\":\"ListItem\",\"position\":2,\"name\":\"Descobreix-nos\",\"item\":\"https:\/\/www.queenscollege.es\/ca\/descobreix-nos\/\"},{\"@type\":\"ListItem\",\"position\":3,\"name\":\"Qui som\",\"item\":\"https:\/\/www.queenscollege.es\/ca\/descobreix-nos\/qui-som\/\"},{\"@type\":\"ListItem\",\"position\":4,\"name\":\"La comunitat escolar\"}]}]}<\/script>\n<!-- \/ Yoast SEO plugin. -->","yoast_head_json":{"title":"La comunitat escolar - Queen\u2019s College","robots":{"index":"index","follow":"follow","max-snippet":"max-snippet:-1","max-image-preview":"max-image-preview:large","max-video-preview":"max-video-preview:-1"},"canonical":"https:\/\/www.queenscollege.es\/ca\/descobreix-nos\/qui-som\/la-comunitat-escolar\/","og_locale":"ca_ES","og_type":"article","og_title":"La comunitat escolar - Queen\u2019s College","og_url":"https:\/\/www.queenscollege.es\/ca\/descobreix-nos\/qui-som\/la-comunitat-escolar\/","og_site_name":"Queen\u2019s College","article_modified_time":"2014-05-02T08:29:34+00:00","og_image":[{"width":455,"height":437,"url":"https:\/\/www.queenscollege.es\/wp-content\/uploads\/2014\/03\/comunidad-escolar.jpg","type":"image\/jpeg"}],"twitter_misc":{"Temps estimat de lectura":"1 minut"},"schema":{"@context":"https:\/\/schema.org","@graph":[{"@type":"WebSite","@id":"https:\/\/www.queenscollege.es\/en\/#website","url":"https:\/\/www.queenscollege.es\/en\/","name":"Queen\u2019s College","description":"Queen&#039;s College web","potentialAction":[{"@type":"SearchAction","target":{"@type":"EntryPoint","urlTemplate":"https:\/\/www.queenscollege.es\/en\/?s={search_term_string}"},"query-input":"required name=search_term_string"}],"inLanguage":"ca"},{"@type":"ImageObject","@id":"https:\/\/www.queenscollege.es\/ca\/descobreix-nos\/qui-som\/la-comunitat-escolar\/#primaryimage","inLanguage":"ca","url":"https:\/\/www.queenscollege.es\/wp-content\/uploads\/2014\/03\/comunidad-escolar.jpg","contentUrl":"https:\/\/www.queenscollege.es\/wp-content\/uploads\/2014\/03\/comunidad-escolar.jpg","width":455,"height":437},{"@type":"WebPage","@id":"https:\/\/www.queenscollege.es\/ca\/descobreix-nos\/qui-som\/la-comunitat-escolar\/#webpage","url":"https:\/\/www.queenscollege.es\/ca\/descobreix-nos\/qui-som\/la-comunitat-escolar\/","name":"La comunitat escolar - Queen\u2019s College","isPartOf":{"@id":"https:\/\/www.queenscollege.es\/en\/#website"},"primaryImageOfPage":{"@id":"https:\/\/www.queenscollege.es\/ca\/descobreix-nos\/qui-som\/la-comunitat-escolar\/#primaryimage"},"datePublished":"2014-03-21T10:19:39+00:00","dateModified":"2014-05-02T08:29:34+00:00","breadcrumb":{"@id":"https:\/\/www.queenscollege.es\/ca\/descobreix-nos\/qui-som\/la-comunitat-escolar\/#breadcrumb"},"inLanguage":"ca","potentialAction":[{"@type":"ReadAction","target":["https:\/\/www.queenscollege.es\/ca\/descobreix-nos\/qui-som\/la-comunitat-escolar\/"]}]},{"@type":"BreadcrumbList","@id":"https:\/\/www.queenscollege.es\/ca\/descobreix-nos\/qui-som\/la-comunitat-escolar\/#breadcrumb","itemListElement":[{"@type":"ListItem","position":1,"name":"Portada","item":"https:\/\/www.queenscollege.es\/"},{"@type":"ListItem","position":2,"name":"Descobreix-nos","item":"https:\/\/www.queenscollege.es\/ca\/descobreix-nos\/"},{"@type":"ListItem","position":3,"name":"Qui som","item":"https:\/\/www.queenscollege.es\/ca\/descobreix-nos\/qui-som\/"},{"@type":"ListItem","position":4,"name":"La comunitat escolar"}]}]}},"_links":{"self":[{"href":"https:\/\/www.queenscollege.es\/ca\/wp-json\/wp\/v2\/pages\/178"}],"collection":[{"href":"https:\/\/www.queenscollege.es\/ca\/wp-json\/wp\/v2\/pages"}],"about":[{"href":"https:\/\/www.queenscollege.es\/ca\/wp-json\/wp\/v2\/types\/page"}],"author":[{"embeddable":true,"href":"https:\/\/www.queenscollege.es\/ca\/wp-json\/wp\/v2\/users\/10"}],"replies":[{"embeddable":true,"href":"https:\/\/www.queenscollege.es\/ca\/wp-json\/wp\/v2\/comments?post=178"}],"version-history":[{"count":4,"href":"https:\/\/www.queenscollege.es\/ca\/wp-json\/wp\/v2\/pages\/178\/revisions"}],"predecessor-version":[{"id":808,"href":"https:\/\/www.queenscollege.es\/ca\/wp-json\/wp\/v2\/pages\/178\/revisions\/808"}],"up":[{"embeddable":true,"href":"https:\/\/www.queenscollege.es\/ca\/wp-json\/wp\/v2\/pages\/676"}],"wp:featuredmedia":[{"embeddable":true,"href":"https:\/\/www.queenscollege.es\/ca\/wp-json\/wp\/v2\/media\/465"}],"wp:attachment":[{"href":"https:\/\/www.queenscollege.es\/ca\/wp-json\/wp\/v2\/media?parent=178"}],"curies":[{"name":"wp","href":"https:\/\/api.w.org\/{rel}","templated":true}]}}