{"id":1432,"date":"2016-03-21T13:16:55","date_gmt":"2016-11-03T09:25:17","guid":{"rendered":"http:\/\/www.test.queenscollege.es\/?page_id=1432"},"modified":"2016-11-03T10:25:17","modified_gmt":"2016-11-03T09:25:17","slug":"u","status":"publish","type":"page","link":"https:\/\/www.queenscollege.es\/ca\/especial\/u\/","title":{"rendered":"Un Lloc Especial"},"content":{"rendered":"<p>El lloc en el qual les persones m\u00e9s importants de la teva vida passaran gran part de la seva, hauria de ser sempre especial.\u00a0<\/p><p><br \/> Cr\u00e9ixer en un llogaret, obrir una porta i trobar-se en el bosc. Una comunitat en la qual a tots se&#8217;ns coneix i en la qual coneixem a tots. Aprendre, respectar, divertir-se i preparar-se per ser feli\u00e7.\u00a0<\/p><p><br \/> Saber que alg\u00fa es preocupa per ells, per qui s\u00f3n i pel que seran. Perqu\u00e8 totes les persones s\u00f3n bones en alguna cosa, solament cal treballar per saber en quines i comptar amb tot el necessari perqu\u00e8 aix\u00ed sigui.<\/p><p><br \/> Experimentar en un laboratori d&#8217;\u00faltima generaci\u00f3, investigar i descobrir en un jard\u00ed vertical, interactuar en classe amb pantalles digitals t\u00e0ctils.\u00a0<\/p><p><br \/> Viure en angl\u00e8s i aprendre espanyol, catal\u00e0, alemany i franc\u00e8s en un ambient internacional amb amics del m\u00f3n sencer. Una visi\u00f3 global en un entorn familiar.<\/p><p><br \/> Optar a el \u201cSisu\u201d, un premi exclusiu del col\u00b7legi que reconeix l&#8217;esfor\u00e7 i l&#8217;excel\u00b7l\u00e8ncia i tenir com a referents als alumnes m\u00e9s majors, capa\u00e7os d&#8217;obtenir les millors notes d&#8217;Espanya i del m\u00f3n per assignatures i acabar en universitats com Oxford o Cambridge.\u00a0<\/p><p><br \/> Treballem dia a dia i any rere any perqu\u00e8 el Queen\u2019s College segueixi sent aquest lloc especial.<\/p>","protected":false},"excerpt":{"rendered":"El lloc en el qual les persones m\u00e9s importants de la teva vida passaran gran part de la seva, hauria de ser sempre especial.\u00a0 Cr\u00e9ixer en un llogaret, obrir una porta i trobar-se en el bosc. Una comunitat en la &hellip; <a href=\"https:\/\/www.queenscollege.es\/ca\/especial\/u\/\">Llegir m\u00e9s<\/a>","protected":false},"author":10,"featured_media":0,"parent":969,"menu_order":0,"comment_status":"closed","ping_status":"closed","template":"","meta":[],"yoast_head":"<!-- This site is optimized with the Yoast SEO plugin v18.5.1 - https:\/\/yoast.com\/wordpress\/plugins\/seo\/ -->\n<title>Un Lloc Especial - Queen\u2019s College<\/title>\n<meta name=\"robots\" content=\"index, follow, max-snippet:-1, max-image-preview:large, max-video-preview:-1\" \/>\n<link rel=\"canonical\" href=\"https:\/\/www.queenscollege.es\/ca\/especial\/u\/\" \/>\n<meta property=\"og:locale\" content=\"ca_ES\" \/>\n<meta property=\"og:type\" content=\"article\" \/>\n<meta property=\"og:title\" content=\"Un Lloc Especial - Queen\u2019s College\" \/>\n<meta property=\"og:description\" content=\"El lloc en el qual les persones m\u00e9s importants de la teva vida passaran gran part de la seva, hauria de ser sempre especial.\u00a0 Cr\u00e9ixer en un llogaret, obrir una porta i trobar-se en el bosc. Una comunitat en la &hellip; Llegir m\u00e9s\" \/>\n<meta property=\"og:url\" content=\"https:\/\/www.queenscollege.es\/ca\/especial\/u\/\" \/>\n<meta property=\"og:site_name\" content=\"Queen\u2019s College\" \/>\n<meta name=\"twitter:label1\" content=\"Temps estimat de lectura\" \/>\n\t<meta name=\"twitter:data1\" content=\"1 minut\" \/>\n<script type=\"application\/ld+json\" class=\"yoast-schema-graph\">{\"@context\":\"https:\/\/schema.org\",\"@graph\":[{\"@type\":\"WebSite\",\"@id\":\"https:\/\/www.queenscollege.es\/en\/#website\",\"url\":\"https:\/\/www.queenscollege.es\/en\/\",\"name\":\"Queen\u2019s College\",\"description\":\"Queen&#039;s College web\",\"potentialAction\":[{\"@type\":\"SearchAction\",\"target\":{\"@type\":\"EntryPoint\",\"urlTemplate\":\"https:\/\/www.queenscollege.es\/en\/?s={search_term_string}\"},\"query-input\":\"required name=search_term_string\"}],\"inLanguage\":\"ca\"},{\"@type\":\"WebPage\",\"@id\":\"https:\/\/www.queenscollege.es\/ca\/especial\/u\/#webpage\",\"url\":\"https:\/\/www.queenscollege.es\/ca\/especial\/u\/\",\"name\":\"Un Lloc Especial - Queen\u2019s College\",\"isPartOf\":{\"@id\":\"https:\/\/www.queenscollege.es\/en\/#website\"},\"datePublished\":\"2016-11-03T09:25:17+00:00\",\"dateModified\":\"2016-11-03T09:25:17+00:00\",\"breadcrumb\":{\"@id\":\"https:\/\/www.queenscollege.es\/ca\/especial\/u\/#breadcrumb\"},\"inLanguage\":\"ca\",\"potentialAction\":[{\"@type\":\"ReadAction\",\"target\":[\"https:\/\/www.queenscollege.es\/ca\/especial\/u\/\"]}]},{\"@type\":\"BreadcrumbList\",\"@id\":\"https:\/\/www.queenscollege.es\/ca\/especial\/u\/#breadcrumb\",\"itemListElement\":[{\"@type\":\"ListItem\",\"position\":1,\"name\":\"Portada\",\"item\":\"https:\/\/www.queenscollege.es\/\"},{\"@type\":\"ListItem\",\"position\":2,\"name\":\"Especial\",\"item\":\"https:\/\/www.queenscollege.es\/ca\/especial\/\"},{\"@type\":\"ListItem\",\"position\":3,\"name\":\"Un Lloc Especial\"}]}]}<\/script>\n<!-- \/ Yoast SEO plugin. -->","yoast_head_json":{"title":"Un Lloc Especial - Queen\u2019s College","robots":{"index":"index","follow":"follow","max-snippet":"max-snippet:-1","max-image-preview":"max-image-preview:large","max-video-preview":"max-video-preview:-1"},"canonical":"https:\/\/www.queenscollege.es\/ca\/especial\/u\/","og_locale":"ca_ES","og_type":"article","og_title":"Un Lloc Especial - Queen\u2019s College","og_description":"El lloc en el qual les persones m\u00e9s importants de la teva vida passaran gran part de la seva, hauria de ser sempre especial.\u00a0 Cr\u00e9ixer en un llogaret, obrir una porta i trobar-se en el bosc. Una comunitat en la &hellip; Llegir m\u00e9s","og_url":"https:\/\/www.queenscollege.es\/ca\/especial\/u\/","og_site_name":"Queen\u2019s College","twitter_misc":{"Temps estimat de lectura":"1 minut"},"schema":{"@context":"https:\/\/schema.org","@graph":[{"@type":"WebSite","@id":"https:\/\/www.queenscollege.es\/en\/#website","url":"https:\/\/www.queenscollege.es\/en\/","name":"Queen\u2019s College","description":"Queen&#039;s College web","potentialAction":[{"@type":"SearchAction","target":{"@type":"EntryPoint","urlTemplate":"https:\/\/www.queenscollege.es\/en\/?s={search_term_string}"},"query-input":"required name=search_term_string"}],"inLanguage":"ca"},{"@type":"WebPage","@id":"https:\/\/www.queenscollege.es\/ca\/especial\/u\/#webpage","url":"https:\/\/www.queenscollege.es\/ca\/especial\/u\/","name":"Un Lloc Especial - Queen\u2019s College","isPartOf":{"@id":"https:\/\/www.queenscollege.es\/en\/#website"},"datePublished":"2016-11-03T09:25:17+00:00","dateModified":"2016-11-03T09:25:17+00:00","breadcrumb":{"@id":"https:\/\/www.queenscollege.es\/ca\/especial\/u\/#breadcrumb"},"inLanguage":"ca","potentialAction":[{"@type":"ReadAction","target":["https:\/\/www.queenscollege.es\/ca\/especial\/u\/"]}]},{"@type":"BreadcrumbList","@id":"https:\/\/www.queenscollege.es\/ca\/especial\/u\/#breadcrumb","itemListElement":[{"@type":"ListItem","position":1,"name":"Portada","item":"https:\/\/www.queenscollege.es\/"},{"@type":"ListItem","position":2,"name":"Especial","item":"https:\/\/www.queenscollege.es\/ca\/especial\/"},{"@type":"ListItem","position":3,"name":"Un Lloc Especial"}]}]}},"_links":{"self":[{"href":"https:\/\/www.queenscollege.es\/ca\/wp-json\/wp\/v2\/pages\/1432"}],"collection":[{"href":"https:\/\/www.queenscollege.es\/ca\/wp-json\/wp\/v2\/pages"}],"about":[{"href":"https:\/\/www.queenscollege.es\/ca\/wp-json\/wp\/v2\/types\/page"}],"author":[{"embeddable":true,"href":"https:\/\/www.queenscollege.es\/ca\/wp-json\/wp\/v2\/users\/10"}],"replies":[{"embeddable":true,"href":"https:\/\/www.queenscollege.es\/ca\/wp-json\/wp\/v2\/comments?post=1432"}],"version-history":[{"count":1,"href":"https:\/\/www.queenscollege.es\/ca\/wp-json\/wp\/v2\/pages\/1432\/revisions"}],"predecessor-version":[{"id":1433,"href":"https:\/\/www.queenscollege.es\/ca\/wp-json\/wp\/v2\/pages\/1432\/revisions\/1433"}],"up":[{"embeddable":true,"href":"https:\/\/www.queenscollege.es\/ca\/wp-json\/wp\/v2\/pages\/969"}],"wp:attachment":[{"href":"https:\/\/www.queenscollege.es\/ca\/wp-json\/wp\/v2\/media?parent=1432"}],"curies":[{"name":"wp","href":"https:\/\/api.w.org\/{rel}","templated":true}]}}