{"id":1327,"date":"2016-04-11T11:11:12","date_gmt":"2016-04-11T10:13:16","guid":{"rendered":"http:\/\/www.test.queenscollege.es\/?page_id=1327"},"modified":"2017-02-15T13:03:50","modified_gmt":"2017-02-15T12:03:50","slug":"examens-oficials-externs","status":"publish","type":"page","link":"https:\/\/www.queenscollege.es\/ca\/descobreix-nos\/aspectes-academics\/examens-oficials-externs\/","title":{"rendered":"Ex\u00e0mens oficials externs"},"content":{"rendered":"<p><strong>Ex\u00e0mens oficials externs<\/strong><\/p><p>Els estudiants de Year 9 a 13 (2n ESO a 2n Batxiller) se presentan a ex\u00e0mens externs:<\/p><ul><li class=\"dontsplit\">A final de Year 9, els ex\u00e0mens Cambridge International Checkpoint de Llengua Anglesa , Matem\u00e0tiques i Ci\u00e8ncies<\/li><li class=\"dontsplit\">A final de Year 10, Llengua Anglesa i Matem\u00e0tiques de GCSE \u2013 nivell elemental.<\/li><li class=\"dontsplit\">A final de Year 11, les assignatures restants.<\/li><li class=\"dontsplit\">A final de Year 12, els m\u00f2duls \u201cAS\u201d (avan\u00e7at subsidiari) dels GCE, de les assignatures seleccionades .<\/li><li class=\"dontsplit\">i a finals de Year 13, els GCE de nivel \u201cA\u201d (A-level), de les assignatures seleccionades.<\/li><\/ul>","protected":false},"excerpt":{"rendered":"Ex\u00e0mens oficials externsEls estudiants de Year 9 a 13 (2n ESO a 2n Batxiller) se presentan a ex\u00e0mens externs:A final de Year 9, els ex\u00e0mens Cambridge International Checkpoint de Llengua Anglesa , Matem\u00e0tiques i Ci\u00e8nciesA final de Year 10, Llengua &hellip; <a href=\"https:\/\/www.queenscollege.es\/ca\/descobreix-nos\/aspectes-academics\/examens-oficials-externs\/\">Llegir m\u00e9s<\/a>","protected":false},"author":10,"featured_media":0,"parent":701,"menu_order":10,"comment_status":"closed","ping_status":"closed","template":"","meta":[],"yoast_head":"<!-- This site is optimized with the Yoast SEO plugin v18.5.1 - https:\/\/yoast.com\/wordpress\/plugins\/seo\/ -->\n<title>Ex\u00e0mens oficials externs - Queen\u2019s College<\/title>\n<meta name=\"robots\" content=\"index, follow, max-snippet:-1, max-image-preview:large, max-video-preview:-1\" \/>\n<link rel=\"canonical\" href=\"https:\/\/www.queenscollege.es\/ca\/descobreix-nos\/aspectes-academics\/examens-oficials-externs\/\" \/>\n<meta property=\"og:locale\" content=\"ca_ES\" \/>\n<meta property=\"og:type\" content=\"article\" \/>\n<meta property=\"og:title\" content=\"Ex\u00e0mens oficials externs - Queen\u2019s College\" \/>\n<meta property=\"og:description\" content=\"Ex\u00e0mens oficials externsEls estudiants de Year 9 a 13 (2n ESO a 2n Batxiller) se presentan a ex\u00e0mens externs:A final de Year 9, els ex\u00e0mens Cambridge International Checkpoint de Llengua Anglesa , Matem\u00e0tiques i Ci\u00e8nciesA final de Year 10, Llengua &hellip; Llegir m\u00e9s\" \/>\n<meta property=\"og:url\" content=\"https:\/\/www.queenscollege.es\/ca\/descobreix-nos\/aspectes-academics\/examens-oficials-externs\/\" \/>\n<meta property=\"og:site_name\" content=\"Queen\u2019s College\" \/>\n<meta property=\"article:modified_time\" content=\"2017-02-15T12:03:50+00:00\" \/>\n<script type=\"application\/ld+json\" class=\"yoast-schema-graph\">{\"@context\":\"https:\/\/schema.org\",\"@graph\":[{\"@type\":\"WebSite\",\"@id\":\"https:\/\/www.queenscollege.es\/en\/#website\",\"url\":\"https:\/\/www.queenscollege.es\/en\/\",\"name\":\"Queen\u2019s College\",\"description\":\"Queen&#039;s College web\",\"potentialAction\":[{\"@type\":\"SearchAction\",\"target\":{\"@type\":\"EntryPoint\",\"urlTemplate\":\"https:\/\/www.queenscollege.es\/en\/?s={search_term_string}\"},\"query-input\":\"required name=search_term_string\"}],\"inLanguage\":\"ca\"},{\"@type\":\"WebPage\",\"@id\":\"https:\/\/www.queenscollege.es\/ca\/descobreix-nos\/aspectes-academics\/examens-oficials-externs\/#webpage\",\"url\":\"https:\/\/www.queenscollege.es\/ca\/descobreix-nos\/aspectes-academics\/examens-oficials-externs\/\",\"name\":\"Ex\u00e0mens oficials externs - Queen\u2019s College\",\"isPartOf\":{\"@id\":\"https:\/\/www.queenscollege.es\/en\/#website\"},\"datePublished\":\"2016-04-11T10:13:16+00:00\",\"dateModified\":\"2017-02-15T12:03:50+00:00\",\"breadcrumb\":{\"@id\":\"https:\/\/www.queenscollege.es\/ca\/descobreix-nos\/aspectes-academics\/examens-oficials-externs\/#breadcrumb\"},\"inLanguage\":\"ca\",\"potentialAction\":[{\"@type\":\"ReadAction\",\"target\":[\"https:\/\/www.queenscollege.es\/ca\/descobreix-nos\/aspectes-academics\/examens-oficials-externs\/\"]}]},{\"@type\":\"BreadcrumbList\",\"@id\":\"https:\/\/www.queenscollege.es\/ca\/descobreix-nos\/aspectes-academics\/examens-oficials-externs\/#breadcrumb\",\"itemListElement\":[{\"@type\":\"ListItem\",\"position\":1,\"name\":\"Portada\",\"item\":\"https:\/\/www.queenscollege.es\/\"},{\"@type\":\"ListItem\",\"position\":2,\"name\":\"Descobreix-nos\",\"item\":\"https:\/\/www.queenscollege.es\/ca\/descobreix-nos\/\"},{\"@type\":\"ListItem\",\"position\":3,\"name\":\"Aspectes Acad\u00e8mics\",\"item\":\"https:\/\/www.queenscollege.es\/ca\/descobreix-nos\/aspectes-academics\/\"},{\"@type\":\"ListItem\",\"position\":4,\"name\":\"Ex\u00e0mens oficials externs\"}]}]}<\/script>\n<!-- \/ Yoast SEO plugin. -->","yoast_head_json":{"title":"Ex\u00e0mens oficials externs - Queen\u2019s College","robots":{"index":"index","follow":"follow","max-snippet":"max-snippet:-1","max-image-preview":"max-image-preview:large","max-video-preview":"max-video-preview:-1"},"canonical":"https:\/\/www.queenscollege.es\/ca\/descobreix-nos\/aspectes-academics\/examens-oficials-externs\/","og_locale":"ca_ES","og_type":"article","og_title":"Ex\u00e0mens oficials externs - Queen\u2019s College","og_description":"Ex\u00e0mens oficials externsEls estudiants de Year 9 a 13 (2n ESO a 2n Batxiller) se presentan a ex\u00e0mens externs:A final de Year 9, els ex\u00e0mens Cambridge International Checkpoint de Llengua Anglesa , Matem\u00e0tiques i Ci\u00e8nciesA final de Year 10, Llengua &hellip; Llegir m\u00e9s","og_url":"https:\/\/www.queenscollege.es\/ca\/descobreix-nos\/aspectes-academics\/examens-oficials-externs\/","og_site_name":"Queen\u2019s College","article_modified_time":"2017-02-15T12:03:50+00:00","schema":{"@context":"https:\/\/schema.org","@graph":[{"@type":"WebSite","@id":"https:\/\/www.queenscollege.es\/en\/#website","url":"https:\/\/www.queenscollege.es\/en\/","name":"Queen\u2019s College","description":"Queen&#039;s College web","potentialAction":[{"@type":"SearchAction","target":{"@type":"EntryPoint","urlTemplate":"https:\/\/www.queenscollege.es\/en\/?s={search_term_string}"},"query-input":"required name=search_term_string"}],"inLanguage":"ca"},{"@type":"WebPage","@id":"https:\/\/www.queenscollege.es\/ca\/descobreix-nos\/aspectes-academics\/examens-oficials-externs\/#webpage","url":"https:\/\/www.queenscollege.es\/ca\/descobreix-nos\/aspectes-academics\/examens-oficials-externs\/","name":"Ex\u00e0mens oficials externs - Queen\u2019s College","isPartOf":{"@id":"https:\/\/www.queenscollege.es\/en\/#website"},"datePublished":"2016-04-11T10:13:16+00:00","dateModified":"2017-02-15T12:03:50+00:00","breadcrumb":{"@id":"https:\/\/www.queenscollege.es\/ca\/descobreix-nos\/aspectes-academics\/examens-oficials-externs\/#breadcrumb"},"inLanguage":"ca","potentialAction":[{"@type":"ReadAction","target":["https:\/\/www.queenscollege.es\/ca\/descobreix-nos\/aspectes-academics\/examens-oficials-externs\/"]}]},{"@type":"BreadcrumbList","@id":"https:\/\/www.queenscollege.es\/ca\/descobreix-nos\/aspectes-academics\/examens-oficials-externs\/#breadcrumb","itemListElement":[{"@type":"ListItem","position":1,"name":"Portada","item":"https:\/\/www.queenscollege.es\/"},{"@type":"ListItem","position":2,"name":"Descobreix-nos","item":"https:\/\/www.queenscollege.es\/ca\/descobreix-nos\/"},{"@type":"ListItem","position":3,"name":"Aspectes Acad\u00e8mics","item":"https:\/\/www.queenscollege.es\/ca\/descobreix-nos\/aspectes-academics\/"},{"@type":"ListItem","position":4,"name":"Ex\u00e0mens oficials externs"}]}]}},"_links":{"self":[{"href":"https:\/\/www.queenscollege.es\/ca\/wp-json\/wp\/v2\/pages\/1327"}],"collection":[{"href":"https:\/\/www.queenscollege.es\/ca\/wp-json\/wp\/v2\/pages"}],"about":[{"href":"https:\/\/www.queenscollege.es\/ca\/wp-json\/wp\/v2\/types\/page"}],"author":[{"embeddable":true,"href":"https:\/\/www.queenscollege.es\/ca\/wp-json\/wp\/v2\/users\/10"}],"replies":[{"embeddable":true,"href":"https:\/\/www.queenscollege.es\/ca\/wp-json\/wp\/v2\/comments?post=1327"}],"version-history":[{"count":2,"href":"https:\/\/www.queenscollege.es\/ca\/wp-json\/wp\/v2\/pages\/1327\/revisions"}],"predecessor-version":[{"id":1512,"href":"https:\/\/www.queenscollege.es\/ca\/wp-json\/wp\/v2\/pages\/1327\/revisions\/1512"}],"up":[{"embeddable":true,"href":"https:\/\/www.queenscollege.es\/ca\/wp-json\/wp\/v2\/pages\/701"}],"wp:attachment":[{"href":"https:\/\/www.queenscollege.es\/ca\/wp-json\/wp\/v2\/media?parent=1327"}],"curies":[{"name":"wp","href":"https:\/\/api.w.org\/{rel}","templated":true}]}}