{"id":1229,"date":"2016-01-15T23:23:16","date_gmt":"2016-01-15T22:23:16","guid":{"rendered":"http:\/\/www.test.queenscollege.es\/?page_id=1229"},"modified":"2021-04-13T13:09:30","modified_gmt":"2021-04-13T11:09:30","slug":"escol","status":"publish","type":"page","link":"https:\/\/www.queenscollege.es\/ca\/escol\/","title":{"rendered":"Escola d&#8217;idiomes"},"content":{"rendered":"<p>PER A M\u00c9S INFORMACI\u00d3 DE L&#8217;ESCOLA D&#8217;IDIOMES CLIQUEU <a href=\"http:\/\/www.queenscollege.es\/escuela-de-idiomas\/\">AQU\u00cd<\/a>\u00a0(EN CASTELL\u00c0).<\/p>","protected":false},"excerpt":{"rendered":"PER A M\u00c9S INFORMACI\u00d3 DE L&#8217;ESCOLA D&#8217;IDIOMES CLIQUEU AQU\u00cd\u00a0(EN CASTELL\u00c0).","protected":false},"author":10,"featured_media":26753,"parent":0,"menu_order":7,"comment_status":"closed","ping_status":"closed","template":"severalinone.php","meta":[],"yoast_head":"<!-- This site is optimized with the Yoast SEO plugin v18.5.1 - https:\/\/yoast.com\/wordpress\/plugins\/seo\/ -->\n<title>Escola d&#039;idiomes - Queen\u2019s College<\/title>\n<meta name=\"robots\" content=\"index, follow, max-snippet:-1, max-image-preview:large, max-video-preview:-1\" \/>\n<link rel=\"canonical\" href=\"https:\/\/www.queenscollege.es\/ca\/escol\/\" \/>\n<meta property=\"og:locale\" content=\"ca_ES\" \/>\n<meta property=\"og:type\" content=\"article\" \/>\n<meta property=\"og:title\" content=\"Escola d&#039;idiomes - Queen\u2019s College\" \/>\n<meta property=\"og:description\" content=\"PER A M\u00c9S INFORMACI\u00d3 DE L&#8217;ESCOLA D&#8217;IDIOMES CLIQUEU AQU\u00cd\u00a0(EN CASTELL\u00c0).\" \/>\n<meta property=\"og:url\" content=\"https:\/\/www.queenscollege.es\/ca\/escol\/\" \/>\n<meta property=\"og:site_name\" content=\"Queen\u2019s College\" \/>\n<meta property=\"article:modified_time\" content=\"2021-04-13T11:09:30+00:00\" \/>\n<meta property=\"og:image\" content=\"https:\/\/www.queenscollege.es\/wp-content\/uploads\/2016\/01\/26961730_430705144015254_1516622616381058324_o.jpg\" \/>\n\t<meta property=\"og:image:width\" content=\"2998\" \/>\n\t<meta property=\"og:image:height\" content=\"1398\" \/>\n\t<meta property=\"og:image:type\" content=\"image\/jpeg\" \/>\n<script type=\"application\/ld+json\" class=\"yoast-schema-graph\">{\"@context\":\"https:\/\/schema.org\",\"@graph\":[{\"@type\":\"WebSite\",\"@id\":\"https:\/\/www.queenscollege.es\/en\/#website\",\"url\":\"https:\/\/www.queenscollege.es\/en\/\",\"name\":\"Queen\u2019s College\",\"description\":\"Queen&#039;s College web\",\"potentialAction\":[{\"@type\":\"SearchAction\",\"target\":{\"@type\":\"EntryPoint\",\"urlTemplate\":\"https:\/\/www.queenscollege.es\/en\/?s={search_term_string}\"},\"query-input\":\"required name=search_term_string\"}],\"inLanguage\":\"ca\"},{\"@type\":\"ImageObject\",\"@id\":\"https:\/\/www.queenscollege.es\/ca\/escol\/#primaryimage\",\"inLanguage\":\"ca\",\"url\":\"https:\/\/www.queenscollege.es\/wp-content\/uploads\/2016\/01\/26961730_430705144015254_1516622616381058324_o.jpg\",\"contentUrl\":\"https:\/\/www.queenscollege.es\/wp-content\/uploads\/2016\/01\/26961730_430705144015254_1516622616381058324_o.jpg\",\"width\":2998,\"height\":1398},{\"@type\":\"WebPage\",\"@id\":\"https:\/\/www.queenscollege.es\/ca\/escol\/#webpage\",\"url\":\"https:\/\/www.queenscollege.es\/ca\/escol\/\",\"name\":\"Escola d'idiomes - Queen\u2019s College\",\"isPartOf\":{\"@id\":\"https:\/\/www.queenscollege.es\/en\/#website\"},\"primaryImageOfPage\":{\"@id\":\"https:\/\/www.queenscollege.es\/ca\/escol\/#primaryimage\"},\"datePublished\":\"2016-01-15T22:23:16+00:00\",\"dateModified\":\"2021-04-13T11:09:30+00:00\",\"breadcrumb\":{\"@id\":\"https:\/\/www.queenscollege.es\/ca\/escol\/#breadcrumb\"},\"inLanguage\":\"ca\",\"potentialAction\":[{\"@type\":\"ReadAction\",\"target\":[\"https:\/\/www.queenscollege.es\/ca\/escol\/\"]}]},{\"@type\":\"BreadcrumbList\",\"@id\":\"https:\/\/www.queenscollege.es\/ca\/escol\/#breadcrumb\",\"itemListElement\":[{\"@type\":\"ListItem\",\"position\":1,\"name\":\"Portada\",\"item\":\"https:\/\/www.queenscollege.es\/\"},{\"@type\":\"ListItem\",\"position\":2,\"name\":\"Escola d&#8217;idiomes\"}]}]}<\/script>\n<!-- \/ Yoast SEO plugin. -->","yoast_head_json":{"title":"Escola d'idiomes - Queen\u2019s College","robots":{"index":"index","follow":"follow","max-snippet":"max-snippet:-1","max-image-preview":"max-image-preview:large","max-video-preview":"max-video-preview:-1"},"canonical":"https:\/\/www.queenscollege.es\/ca\/escol\/","og_locale":"ca_ES","og_type":"article","og_title":"Escola d'idiomes - Queen\u2019s College","og_description":"PER A M\u00c9S INFORMACI\u00d3 DE L&#8217;ESCOLA D&#8217;IDIOMES CLIQUEU AQU\u00cd\u00a0(EN CASTELL\u00c0).","og_url":"https:\/\/www.queenscollege.es\/ca\/escol\/","og_site_name":"Queen\u2019s College","article_modified_time":"2021-04-13T11:09:30+00:00","og_image":[{"width":2998,"height":1398,"url":"https:\/\/www.queenscollege.es\/wp-content\/uploads\/2016\/01\/26961730_430705144015254_1516622616381058324_o.jpg","type":"image\/jpeg"}],"schema":{"@context":"https:\/\/schema.org","@graph":[{"@type":"WebSite","@id":"https:\/\/www.queenscollege.es\/en\/#website","url":"https:\/\/www.queenscollege.es\/en\/","name":"Queen\u2019s College","description":"Queen&#039;s College web","potentialAction":[{"@type":"SearchAction","target":{"@type":"EntryPoint","urlTemplate":"https:\/\/www.queenscollege.es\/en\/?s={search_term_string}"},"query-input":"required name=search_term_string"}],"inLanguage":"ca"},{"@type":"ImageObject","@id":"https:\/\/www.queenscollege.es\/ca\/escol\/#primaryimage","inLanguage":"ca","url":"https:\/\/www.queenscollege.es\/wp-content\/uploads\/2016\/01\/26961730_430705144015254_1516622616381058324_o.jpg","contentUrl":"https:\/\/www.queenscollege.es\/wp-content\/uploads\/2016\/01\/26961730_430705144015254_1516622616381058324_o.jpg","width":2998,"height":1398},{"@type":"WebPage","@id":"https:\/\/www.queenscollege.es\/ca\/escol\/#webpage","url":"https:\/\/www.queenscollege.es\/ca\/escol\/","name":"Escola d'idiomes - Queen\u2019s College","isPartOf":{"@id":"https:\/\/www.queenscollege.es\/en\/#website"},"primaryImageOfPage":{"@id":"https:\/\/www.queenscollege.es\/ca\/escol\/#primaryimage"},"datePublished":"2016-01-15T22:23:16+00:00","dateModified":"2021-04-13T11:09:30+00:00","breadcrumb":{"@id":"https:\/\/www.queenscollege.es\/ca\/escol\/#breadcrumb"},"inLanguage":"ca","potentialAction":[{"@type":"ReadAction","target":["https:\/\/www.queenscollege.es\/ca\/escol\/"]}]},{"@type":"BreadcrumbList","@id":"https:\/\/www.queenscollege.es\/ca\/escol\/#breadcrumb","itemListElement":[{"@type":"ListItem","position":1,"name":"Portada","item":"https:\/\/www.queenscollege.es\/"},{"@type":"ListItem","position":2,"name":"Escola d&#8217;idiomes"}]}]}},"_links":{"self":[{"href":"https:\/\/www.queenscollege.es\/ca\/wp-json\/wp\/v2\/pages\/1229"}],"collection":[{"href":"https:\/\/www.queenscollege.es\/ca\/wp-json\/wp\/v2\/pages"}],"about":[{"href":"https:\/\/www.queenscollege.es\/ca\/wp-json\/wp\/v2\/types\/page"}],"author":[{"embeddable":true,"href":"https:\/\/www.queenscollege.es\/ca\/wp-json\/wp\/v2\/users\/10"}],"replies":[{"embeddable":true,"href":"https:\/\/www.queenscollege.es\/ca\/wp-json\/wp\/v2\/comments?post=1229"}],"version-history":[{"count":9,"href":"https:\/\/www.queenscollege.es\/ca\/wp-json\/wp\/v2\/pages\/1229\/revisions"}],"predecessor-version":[{"id":26248,"href":"https:\/\/www.queenscollege.es\/ca\/wp-json\/wp\/v2\/pages\/1229\/revisions\/26248"}],"wp:featuredmedia":[{"embeddable":true,"href":"https:\/\/www.queenscollege.es\/ca\/wp-json\/wp\/v2\/media\/26753"}],"wp:attachment":[{"href":"https:\/\/www.queenscollege.es\/ca\/wp-json\/wp\/v2\/media?parent=1229"}],"curies":[{"name":"wp","href":"https:\/\/api.w.org\/{rel}","templated":true}]}}